{"id":802571,"date":"2024-09-25T14:58:42","date_gmt":"2024-09-25T14:58:42","guid":{"rendered":"https:\/\/eu-roots.nl\/politica-de-cookies\/"},"modified":"2025-09-04T07:02:07","modified_gmt":"2025-09-04T07:02:07","slug":"politica-de-cookies","status":"publish","type":"page","link":"https:\/\/eu-roots.nl\/es\/politica-de-cookies\/","title":{"rendered":"Pol\u00edtica de cookies"},"content":{"rendered":"<p>[et_pb_section fb_built=\u00bb1&#8243; admin_label=\u00bbHoofd\u00bb _builder_version=\u00bb4.24.2&#8243; background_enable_color=\u00bboff\u00bb use_background_color_gradient=\u00bbon\u00bb background_color_gradient_type=\u00bbelliptical\u00bb background_color_gradient_direction_radial=\u00bbbottom right\u00bb background_color_gradient_stops=\u00bb#d11517 0%|#162c51 16%|#162c51 74%|#009798 100%\u00bb background_enable_image=\u00bboff\u00bb custom_margin=\u00bb||||false|false\u00bb custom_padding=\u00bb50px||50px||true|false\u00bb bottom_divider_style=\u00bbslant\u00bb bottom_divider_color=\u00bb#FFFFFF\u00bb bottom_divider_height=\u00bb50px\u00bb bottom_divider_flip=\u00bbhorizontal\u00bb bottom_divider_arrangement=\u00bbabove_content\u00bb global_colors_info=\u00bb{}\u00bb theme_builder_area=\u00bbpost_content\u00bb][et_pb_row admin_label=\u00bbSecci\u00f3n T\u00edtulo\u00bb _builder_version=\u00bb4.24.2&#8243; max_width=\u00bb1200px\u00bb custom_margin=\u00bb|||\u00bb custom_padding=\u00bb100px|0px|25px|0px|false|false\u00bb locked=\u00bboff\u00bb global_colors_info=\u00bb{}\u00bb theme_builder_area=\u00bbpost_content\u00bb][et_pb_column type=\u00bb4_4&#8243; _builder_version=\u00bb4.16&#8243; custom_padding=\u00bb|||\u00bb global_colors_info=\u00bb{}\u00bb custom_padding__hover=\u00bb|||\u00bb theme_builder_area=\u00bbpost_content\u00bb][et_pb_text admin_label=\u00bbTitle\u00bb _builder_version=\u00bb4.24.2&#8243; text_font=\u00bbRubik|300|||||||\u00bb text_text_color=\u00bb#D11517&#8243; text_font_size=\u00bb32px\u00bb header_font=\u00bbSyne|600|||||||\u00bb header_text_color=\u00bb#FFFFFF\u00bb header_font_size=\u00bb6vw\u00bb header_2_font=\u00bbWork Sans|900|||||||\u00bb header_2_text_align=\u00bbleft\u00bb header_2_text_color=\u00bb#162C51&#8243; header_2_font_size=\u00bb4vw\u00bb header_5_font=\u00bbWork Sans|300|||||||\u00bb header_5_text_color=\u00bb#D11517&#8243; header_5_font_size=\u00bb32px\u00bb custom_margin=\u00bb||5px|\u00bb animation_style=\u00bbslide\u00bb animation_direction=\u00bbtop\u00bb animation_intensity_slide=\u00bb20%\u00bb animation_starting_opacity=\u00bb100%\u00bb hover_enabled=\u00bb0&#8243; header_5_font_size_tablet=\u00bb26px\u00bb header_5_font_size_phone=\u00bb22px\u00bb header_5_font_size_last_edited=\u00bbon|phone\u00bb global_colors_info=\u00bb{}\u00bb theme_builder_area=\u00bbpost_content\u00bb sticky_enabled=\u00bb0&#8243;]<\/p>\n<h1>Pol\u00edtica de cookies<\/h1>\n<p>EU-Roots.<\/p>\n<p>[\/et_pb_text][et_pb_divider show_divider=\u00bboff\u00bb _builder_version=\u00bb4.16&#8243; max_width=\u00bb23px\u00bb module_alignment=\u00bbcenter\u00bb animation_style=\u00bbslide\u00bb animation_direction=\u00bbtop\u00bb animation_intensity_slide=\u00bb20%\u00bb animation_starting_opacity=\u00bb100%\u00bb global_colors_info=\u00bb{}\u00bb theme_builder_area=\u00bbpost_content\u00bb][\/et_pb_divider][\/et_pb_column][\/et_pb_row][\/et_pb_section][et_pb_section fb_built=\u00bb1&#8243; admin_label=\u00bbAbout Section\u00bb _builder_version=\u00bb4.24.2&#8243; background_color=\u00bb#FFFFFF\u00bb custom_margin=\u00bb50px||||false|false\u00bb custom_padding=\u00bb60px||||false|false\u00bb bottom_divider_color=\u00bb#162C51&#8243; bottom_divider_height=\u00bb50px\u00bb bottom_divider_flip=\u00bbhorizontal\u00bb global_colors_info=\u00bb{}\u00bb theme_builder_area=\u00bbpost_content\u00bb][et_pb_row column_structure=\u00bb3_4,1_4&#8243; admin_label=\u00bbSecci\u00f3n T\u00edtulo\u00bb _builder_version=\u00bb4.24.2&#8243; max_width=\u00bb1200px\u00bb custom_margin=\u00bb|||\u00bb custom_padding=\u00bb27px|0px|27px|0px\u00bb locked=\u00bboff\u00bb global_colors_info=\u00bb{}\u00bb theme_builder_area=\u00bbpost_content\u00bb][et_pb_column type=\u00bb3_4&#8243; _builder_version=\u00bb4.16&#8243; custom_padding=\u00bb|||\u00bb global_colors_info=\u00bb{}\u00bb custom_padding__hover=\u00bb|||\u00bb theme_builder_area=\u00bbpost_content\u00bb][et_pb_text admin_label=\u00bbTitle\u00bb _builder_version=\u00bb4.24.2&#8243; text_font=\u00bbRubik|300|||||||\u00bb text_text_color=\u00bb#162C51&#8243; text_font_size=\u00bb18px\u00bb text_line_height=\u00bb1.6em\u00bb link_font=\u00bb||||on|||#009798|\u00bb link_text_color=\u00bb#333333&#8243; header_font=\u00bb||||||||\u00bb header_2_font=\u00bbSyne|600|||||||\u00bb header_2_text_align=\u00bbleft\u00bb header_2_text_color=\u00bb#009798&#8243; header_2_font_size=\u00bb30px\u00bb text_orientation=\u00bbjustified\u00bb module_alignment=\u00bbleft\u00bb custom_margin=\u00bb||0px||false|false\u00bb animation_direction=\u00bbtop\u00bb hover_enabled=\u00bb0&#8243; global_colors_info=\u00bb{}\u00bb theme_builder_area=\u00bbpost_content\u00bb sticky_enabled=\u00bb0&#8243;]<\/p>\n<p><i>Esta Pol\u00edtica de Cookies se actualiz\u00f3 por \u00faltima vez el 25 de septiembre de 2023 y se aplica a los ciudadanos y residentes legales permanentes del Espacio Econ\u00f3mico Europeo y Suiza.<\/i><\/p>\n<h2>1. Introducci\u00f3n<\/h2>\n<p>En nuestra web,<span> <\/span><a href=\"https:\/\/eu-roots.nl\/es\/\">https:\/\/eu-roots.nl<\/a><span> <\/span>(en adelante \u00abel Sitio\u00bb) utiliza cookies y otras t\u00e9cnicas relacionadas. (En adelante, todas las t\u00e9cnicas se denominar\u00e1n \u00abcookies\u00bb por comodidad). Tambi\u00e9n se establecen cookies a trav\u00e9s de terceros contratados por nosotros. En el documento que figura a continuaci\u00f3n, te informamos sobre el uso de cookies en nuestro Sitio.   <\/p>\n<h2>2. \u00bfQu\u00e9 son las cookies?<\/h2>\n<p>Una cookie es un simple archivo peque\u00f1o que se env\u00eda con las p\u00e1ginas de este sitio y que tu navegador almacena en el disco duro de tu ordenador u otro dispositivo. La informaci\u00f3n almacenada en ella puede ser enviada de vuelta a nuestros servidores o a los de los terceros correspondientes en tu pr\u00f3xima visita. <\/p>\n<h2>3. \u00bfQu\u00e9 son los guiones?<\/h2>\n<p>Un script es un fragmento de c\u00f3digo de programa utilizado para que nuestro sitio funcione correctamente y sea interactivo. Este c\u00f3digo se ejecuta en nuestro servidor o en tu equipo. <\/p>\n<h2>4. \u00bfQu\u00e9 es una baliza web?<\/h2>\n<p>Una baliza web (tambi\u00e9n etiqueta de p\u00edxel) es un peque\u00f1o fragmento invisible de texto o imagen en un sitio que se utiliza para mapear el tr\u00e1fico en un sitio. Para ello, las balizas web se utilizan para almacenar diversos datos sobre ti. <\/p>\n<h2>5. Cookies<\/h2>\n<p class=\"cmplz-subtitle\">5.1 Cookies t\u00e9cnicas o funcionales<\/p>\n<p>Algunas cookies garantizan que ciertas partes del sitio funcionen correctamente y que se conozcan tus preferencias de usuario. Al establecer cookies funcionales, te facilitamos la visita a nuestro sitio. Por ejemplo, de esta forma no tienes que introducir la misma informaci\u00f3n cada vez que visitas nuestro sitio y es posible que los art\u00edculos de tu cesta de la compra se guarden hasta que hayas pagado. Podemos colocar estas cookies sin tu consentimiento.   <\/p>\n<p class=\"cmplz-subtitle\">5.2 Cookies estad\u00edsticas<\/p>\n<p>Utilizamos cookies estad\u00edsticas para optimizar la experiencia de nuestros usuarios. Obtenemos informaci\u00f3n sobre el uso de nuestro sitio a trav\u00e9s de las cookies estad\u00edsticas. Te pedimos permiso para colocar cookies estad\u00edsticas.  <\/p>\n<p class=\"cmplz-subtitle\">5.3 Cookies de marketing\/seguimiento<\/p>\n<p>Las cookies de marketing\/seguimiento son cookies o cualquier otra forma de almacenamiento local utilizadas para crear perfiles de usuario con el fin de mostrar anuncios o seguir al usuario a trav\u00e9s de este o varios sitios con fines de marketing similares.<\/p>\n<p class=\"cmplz-subtitle\">5.4 Medios de comunicaci\u00f3n social<\/p>\n<p>En nuestro sitio, hemos incluido contenido para promocionar (por ejemplo, \u00abme gusta\u00bb, \u00abpin\u00bb) o compartir (por ejemplo, \u00abtweet\u00bb) p\u00e1ginas web en redes sociales. Este contenido est\u00e1 incrustado con c\u00f3digo procedente de terceros y establece cookies. Este contenido puede almacenar y procesar cierta informaci\u00f3n para publicidad personalizada.  <\/p>\n<p>Lee la declaraci\u00f3n de privacidad de estas partes (que puede cambiar regularmente) para saber qu\u00e9 hacen con tus datos (personales) que procesan a trav\u00e9s de estas cookies. La informaci\u00f3n que recopilan se anonimiza en la medida de lo posible. <\/p>\n<h2>6. Consentimiento<\/h2>\n<p>Cuando visitas nuestro sitio por primera vez, mostramos una ventana emergente en la que se explican las cookies. Cuando haces clic en \u00abGuardar preferencias\u00bb, nos das permiso para utilizar las categor\u00edas de cookies y complementos que has seleccionado en la ventana emergente y que se describen en la Pol\u00edtica de cookies. Puedes desactivar la instalaci\u00f3n de cookies a trav\u00e9s de tu navegador, pero ten en cuenta que esto puede impedir que nuestro sitio funcione de forma \u00f3ptima.  <\/p>\n<h2>7. Activar\/desactivar y eliminar cookies<\/h2>\n<p>Tu navegador de Internet te permite eliminar las cookies autom\u00e1tica o manualmente. Tambi\u00e9n puedes especificar que no se instalen determinadas cookies. Alternativamente, puedes configurar tu navegador de Internet para que te avise cuando se instale una cookie. Puedes encontrar m\u00e1s informaci\u00f3n sobre estas opciones en las instrucciones de la funci\u00f3n Ayuda de tu navegador.   <\/p>\n<p>Ten en cuenta que nuestro sitio puede no funcionar de forma \u00f3ptima si se desactivan todas las cookies. Si eliminas las cookies en tu navegador, se volver\u00e1n a colocar en una nueva visita a nuestros sitios tras tu consentimiento. <\/p>\n<h2>8. Tus derechos en relaci\u00f3n con los datos personales<\/h2>\n<p>Tienes los siguientes derechos en relaci\u00f3n con tus datos personales:<\/p>\n<ul>\n<li>Tienes derecho a saber por qu\u00e9 se necesitan tus datos personales, qu\u00e9 ocurre con ellos y cu\u00e1nto tiempo se conservan.<\/li>\n<li>Derecho de acceso: puedes solicitar ver los datos que procesamos sobre ti.<\/li>\n<li>Derecho de rectificaci\u00f3n y complementaci\u00f3n: tienes derecho a complementar, rectificar, eliminar o bloquear tus datos personales siempre que lo desees.<\/li>\n<li>Si nos das tu consentimiento para procesar tus datos, tienes derecho a retirar ese consentimiento y a que se eliminen tus datos personales.<\/li>\n<li>Derecho a la portabilidad de los datos: tienes derecho a solicitar todos tus datos personales al Responsable del Tratamiento y a transferirlos en su totalidad a otro Responsable del Tratamiento.<\/li>\n<li>Derecho de oposici\u00f3n: puedes oponerte al tratamiento de tus datos. Cumpliremos con ello a menos que existan motivos leg\u00edtimos para el tratamiento. <\/li>\n<\/ul>\n<p>Para ejercer estos derechos, ponte en contacto con nosotros. Consulta la informaci\u00f3n de contacto al final de esta pol\u00edtica de cookies. Si tienes alguna queja sobre c\u00f3mo tratamos tus datos, nos gustar\u00eda que nos lo comunicaras, pero tambi\u00e9n tienes derecho a presentar una queja ante el organismo regulador (la autoridad de datos personales).  <\/p>\n<h2>9. Informaci\u00f3n de contacto<\/h2>\n<p>Para preguntas y\/o comentarios sobre nuestra Pol\u00edtica de Cookies y esta declaraci\u00f3n, por favor, contacta con nosotros en la siguiente informaci\u00f3n de contacto:<\/p>\n<p><span class=\"cmplz-contact-address\"><b>EU-Roots<br \/><\/b>Elzenweg 33a<br \/><\/span> 5144<span class=\"cmplz-contact-address\">MB Waalwijk<\/span><br \/><span class=\"cmplz-contact-country\">Pa\u00edses Bajos<br \/><\/span>Correo electr\u00f3nico: <a href=\"mailto:info@eu-roots.nl\">info@eu-roots.nl<\/a> <\/p>\n<p>[\/et_pb_text][et_pb_button button_text=\u00bbInicio\u00bb button_alignment=\u00bbleft\u00bb disabled_on=\u00bbon|on|off\u00bb admin_label=\u00bbDesktop CTA Button\u00bb _builder_version=\u00bb4.24.2&#8243; custom_button=\u00bbon\u00bb button_text_size=\u00bb22px\u00bb button_text_color=\u00bb#ffffff\u00bb button_bg_use_color_gradient=\u00bbon\u00bb button_bg_color_gradient_direction=\u00bb45deg\u00bb button_bg_color_gradient_stops=\u00bb#162c51 17%|#009798 75%|#d11517 100%\u00bb button_border_width=\u00bb0px\u00bb button_border_radius=\u00bb15px\u00bb button_letter_spacing=\u00bb0px\u00bb button_font=\u00bbSyne|700|||||||\u00bb button_use_icon=\u00bboff\u00bb custom_margin=\u00bb25px|0px|25px||true|false\u00bb custom_padding=\u00bb10px|32px|10px|32px|true|true\u00bb hover_enabled=\u00bb0&#8243; locked=\u00bboff\u00bb global_colors_info=\u00bb{}\u00bb button_text_size__hover_enabled=\u00bboff\u00bb button_one_text_size__hover_enabled=\u00bboff\u00bb button_two_text_size__hover_enabled=\u00bboff\u00bb button_text_color__hover_enabled=\u00bboff\u00bb button_one_text_color__hover_enabled=\u00bboff\u00bb button_two_text_color__hover_enabled=\u00bboff\u00bb button_border_width__hover_enabled=\u00bboff\u00bb button_one_border_width__hover_enabled=\u00bboff\u00bb button_two_border_width__hover_enabled=\u00bboff\u00bb button_border_color__hover_enabled=\u00bboff\u00bb button_one_border_color__hover_enabled=\u00bboff\u00bb button_two_border_color__hover_enabled=\u00bboff\u00bb button_border_radius__hover_enabled=\u00bboff\u00bb button_one_border_radius__hover_enabled=\u00bboff\u00bb button_two_border_radius__hover_enabled=\u00bboff\u00bb button_letter_spacing__hover_enabled=\u00bboff\u00bb button_one_letter_spacing__hover_enabled=\u00bboff\u00bb button_two_letter_spacing__hover_enabled=\u00bboff\u00bb button_bg_color__hover_enabled=\u00bbon|hover\u00bb button_one_bg_color__hover_enabled=\u00bboff\u00bb button_two_bg_color__hover_enabled=\u00bboff\u00bb button_bg_color_gradient_stops__hover=\u00bb#009798 0%|#009798 50%|#162c51 84%\u00bb button_bg_use_color_gradient__hover=\u00bbon\u00bb theme_builder_area=\u00bbpost_content\u00bb button_url=\u00bb@ET-DC@eyJkeW5hbWljIjp0cnVlLCJjb250ZW50IjoicG9zdF9saW5rX3VybF9wYWdlIiwic2V0dGluZ3MiOnsicG9zdF9pZCI6IjYiLCJlbmFibGVfaHRtbCI6Im9mZiJ9fQ==@\u00bb _dynamic_attributes=\u00bbbutton_url\u00bb sticky_enabled=\u00bb0&#8243;][\/et_pb_button][et_pb_divider show_divider=\u00bboff\u00bb _builder_version=\u00bb4.16&#8243; max_width=\u00bb23px\u00bb module_alignment=\u00bbcenter\u00bb animation_style=\u00bbslide\u00bb animation_direction=\u00bbtop\u00bb animation_intensity_slide=\u00bb20%\u00bb animation_starting_opacity=\u00bb100%\u00bb global_colors_info=\u00bb{}\u00bb theme_builder_area=\u00bbpost_content\u00bb][\/et_pb_divider][\/et_pb_column][et_pb_column type=\u00bb1_4&#8243; _builder_version=\u00bb4.16&#8243; custom_padding=\u00bb|||\u00bb global_colors_info=\u00bb{}\u00bb custom_padding__hover=\u00bb|||\u00bb theme_builder_area=\u00bbpost_content\u00bb][\/et_pb_column][\/et_pb_row][\/et_pb_section]<\/p>\n","protected":false},"excerpt":{"rendered":"<p>Pol\u00edtica de cookies EU-Roots.Esta Pol\u00edtica de Cookies se actualiz\u00f3 por \u00faltima vez el 25 de septiembre de 2023 y se aplica a los ciudadanos y residentes legales permanentes del Espacio Econ\u00f3mico Europeo y Suiza. 1. Introducci\u00f3n En nuestra web, https:\/\/eu-roots.nl (en adelante \u00abel Sitio\u00bb) utiliza cookies y otras t\u00e9cnicas relacionadas. (En adelante, todas las t\u00e9cnicas [&hellip;]<\/p>\n","protected":false},"author":1,"featured_media":0,"parent":0,"menu_order":0,"comment_status":"closed","ping_status":"closed","template":"","meta":{"_et_pb_use_builder":"on","_et_pb_old_content":"","_et_gb_content_width":"","footnotes":""},"class_list":["post-802571","page","type-page","status-publish","hentry"],"yoast_head":"<!-- This site is optimized with the Yoast SEO plugin v27.3 - https:\/\/yoast.com\/product\/yoast-seo-wordpress\/ -->\n<title>Pol\u00edtica de cookies | EU-Roots<\/title>\n<meta name=\"robots\" content=\"noindex, follow\" \/>\n<meta property=\"og:locale\" content=\"es_ES\" \/>\n<meta property=\"og:type\" content=\"article\" \/>\n<meta property=\"og:title\" content=\"Pol\u00edtica de cookies | EU-Roots\" \/>\n<meta property=\"og:description\" content=\"Pol\u00edtica de cookies EU-Roots.Esta Pol\u00edtica de Cookies se actualiz\u00f3 por \u00faltima vez el 25 de septiembre de 2023 y se aplica a los ciudadanos y residentes legales permanentes del Espacio Econ\u00f3mico Europeo y Suiza. 1. Introducci\u00f3n En nuestra web, https:\/\/eu-roots.nl (en adelante &quot;el Sitio&quot;) utiliza cookies y otras t\u00e9cnicas relacionadas. (En adelante, todas las t\u00e9cnicas [&hellip;]\" \/>\n<meta property=\"og:url\" content=\"https:\/\/eu-roots.nl\/es\/politica-de-cookies\/\" \/>\n<meta property=\"og:site_name\" content=\"EU-Roots\" \/>\n<meta property=\"article:modified_time\" content=\"2025-09-04T07:02:07+00:00\" \/>\n<meta name=\"twitter:card\" content=\"summary_large_image\" \/>\n<meta name=\"twitter:label1\" content=\"Tiempo de lectura\" \/>\n\t<meta name=\"twitter:data1\" content=\"9 minutos\" \/>\n<script type=\"application\/ld+json\" class=\"yoast-schema-graph\">{\"@context\":\"https:\\\/\\\/schema.org\",\"@graph\":[{\"@type\":\"WebPage\",\"@id\":\"https:\\\/\\\/eu-roots.nl\\\/es\\\/politica-de-cookies\\\/\",\"url\":\"https:\\\/\\\/eu-roots.nl\\\/es\\\/politica-de-cookies\\\/\",\"name\":\"Pol\u00edtica de cookies | EU-Roots\",\"isPartOf\":{\"@id\":\"https:\\\/\\\/eu-roots.nl\\\/es\\\/#website\"},\"datePublished\":\"2024-09-25T14:58:42+00:00\",\"dateModified\":\"2025-09-04T07:02:07+00:00\",\"breadcrumb\":{\"@id\":\"https:\\\/\\\/eu-roots.nl\\\/es\\\/politica-de-cookies\\\/#breadcrumb\"},\"inLanguage\":\"es\",\"potentialAction\":[{\"@type\":\"ReadAction\",\"target\":[\"https:\\\/\\\/eu-roots.nl\\\/es\\\/politica-de-cookies\\\/\"]}]},{\"@type\":\"BreadcrumbList\",\"@id\":\"https:\\\/\\\/eu-roots.nl\\\/es\\\/politica-de-cookies\\\/#breadcrumb\",\"itemListElement\":[{\"@type\":\"ListItem\",\"position\":1,\"name\":\"Home\",\"item\":\"https:\\\/\\\/eu-roots.nl\\\/es\\\/inicio\\\/\"},{\"@type\":\"ListItem\",\"position\":2,\"name\":\"Pol\u00edtica de cookies\"}]},{\"@type\":\"WebSite\",\"@id\":\"https:\\\/\\\/eu-roots.nl\\\/es\\\/#website\",\"url\":\"https:\\\/\\\/eu-roots.nl\\\/es\\\/\",\"name\":\"EU-Roots\",\"description\":\"Uw partner voor flexibele krachten\",\"publisher\":{\"@id\":\"https:\\\/\\\/eu-roots.nl\\\/es\\\/#organization\"},\"potentialAction\":[{\"@type\":\"SearchAction\",\"target\":{\"@type\":\"EntryPoint\",\"urlTemplate\":\"https:\\\/\\\/eu-roots.nl\\\/es\\\/?s={search_term_string}\"},\"query-input\":{\"@type\":\"PropertyValueSpecification\",\"valueRequired\":true,\"valueName\":\"search_term_string\"}}],\"inLanguage\":\"es\"},{\"@type\":\"Organization\",\"@id\":\"https:\\\/\\\/eu-roots.nl\\\/es\\\/#organization\",\"name\":\"EU-Roots\",\"alternateName\":\"Uitzendbureau in Waalwijk, Tilburg & Eindhoven\",\"url\":\"https:\\\/\\\/eu-roots.nl\\\/es\\\/\",\"logo\":{\"@type\":\"ImageObject\",\"inLanguage\":\"es\",\"@id\":\"https:\\\/\\\/eu-roots.nl\\\/es\\\/#\\\/schema\\\/logo\\\/image\\\/\",\"url\":\"https:\\\/\\\/eu-roots.nl\\\/wp-content\\\/uploads\\\/2024\\\/01\\\/Logo-EU-Roots.png\",\"contentUrl\":\"https:\\\/\\\/eu-roots.nl\\\/wp-content\\\/uploads\\\/2024\\\/01\\\/Logo-EU-Roots.png\",\"width\":1667,\"height\":433,\"caption\":\"EU-Roots\"},\"image\":{\"@id\":\"https:\\\/\\\/eu-roots.nl\\\/es\\\/#\\\/schema\\\/logo\\\/image\\\/\"}}]}<\/script>\n<!-- \/ Yoast SEO plugin. -->","yoast_head_json":{"title":"Pol\u00edtica de cookies | EU-Roots","robots":{"index":"noindex","follow":"follow"},"og_locale":"es_ES","og_type":"article","og_title":"Pol\u00edtica de cookies | EU-Roots","og_description":"Pol\u00edtica de cookies EU-Roots.Esta Pol\u00edtica de Cookies se actualiz\u00f3 por \u00faltima vez el 25 de septiembre de 2023 y se aplica a los ciudadanos y residentes legales permanentes del Espacio Econ\u00f3mico Europeo y Suiza. 1. Introducci\u00f3n En nuestra web, https:\/\/eu-roots.nl (en adelante \"el Sitio\") utiliza cookies y otras t\u00e9cnicas relacionadas. (En adelante, todas las t\u00e9cnicas [&hellip;]","og_url":"https:\/\/eu-roots.nl\/es\/politica-de-cookies\/","og_site_name":"EU-Roots","article_modified_time":"2025-09-04T07:02:07+00:00","twitter_card":"summary_large_image","twitter_misc":{"Tiempo de lectura":"9 minutos"},"schema":{"@context":"https:\/\/schema.org","@graph":[{"@type":"WebPage","@id":"https:\/\/eu-roots.nl\/es\/politica-de-cookies\/","url":"https:\/\/eu-roots.nl\/es\/politica-de-cookies\/","name":"Pol\u00edtica de cookies | EU-Roots","isPartOf":{"@id":"https:\/\/eu-roots.nl\/es\/#website"},"datePublished":"2024-09-25T14:58:42+00:00","dateModified":"2025-09-04T07:02:07+00:00","breadcrumb":{"@id":"https:\/\/eu-roots.nl\/es\/politica-de-cookies\/#breadcrumb"},"inLanguage":"es","potentialAction":[{"@type":"ReadAction","target":["https:\/\/eu-roots.nl\/es\/politica-de-cookies\/"]}]},{"@type":"BreadcrumbList","@id":"https:\/\/eu-roots.nl\/es\/politica-de-cookies\/#breadcrumb","itemListElement":[{"@type":"ListItem","position":1,"name":"Home","item":"https:\/\/eu-roots.nl\/es\/inicio\/"},{"@type":"ListItem","position":2,"name":"Pol\u00edtica de cookies"}]},{"@type":"WebSite","@id":"https:\/\/eu-roots.nl\/es\/#website","url":"https:\/\/eu-roots.nl\/es\/","name":"EU-Roots","description":"Uw partner voor flexibele krachten","publisher":{"@id":"https:\/\/eu-roots.nl\/es\/#organization"},"potentialAction":[{"@type":"SearchAction","target":{"@type":"EntryPoint","urlTemplate":"https:\/\/eu-roots.nl\/es\/?s={search_term_string}"},"query-input":{"@type":"PropertyValueSpecification","valueRequired":true,"valueName":"search_term_string"}}],"inLanguage":"es"},{"@type":"Organization","@id":"https:\/\/eu-roots.nl\/es\/#organization","name":"EU-Roots","alternateName":"Uitzendbureau in Waalwijk, Tilburg & Eindhoven","url":"https:\/\/eu-roots.nl\/es\/","logo":{"@type":"ImageObject","inLanguage":"es","@id":"https:\/\/eu-roots.nl\/es\/#\/schema\/logo\/image\/","url":"https:\/\/eu-roots.nl\/wp-content\/uploads\/2024\/01\/Logo-EU-Roots.png","contentUrl":"https:\/\/eu-roots.nl\/wp-content\/uploads\/2024\/01\/Logo-EU-Roots.png","width":1667,"height":433,"caption":"EU-Roots"},"image":{"@id":"https:\/\/eu-roots.nl\/es\/#\/schema\/logo\/image\/"}}]}},"_links":{"self":[{"href":"https:\/\/eu-roots.nl\/es\/wp-json\/wp\/v2\/pages\/802571","targetHints":{"allow":["GET"]}}],"collection":[{"href":"https:\/\/eu-roots.nl\/es\/wp-json\/wp\/v2\/pages"}],"about":[{"href":"https:\/\/eu-roots.nl\/es\/wp-json\/wp\/v2\/types\/page"}],"author":[{"embeddable":true,"href":"https:\/\/eu-roots.nl\/es\/wp-json\/wp\/v2\/users\/1"}],"replies":[{"embeddable":true,"href":"https:\/\/eu-roots.nl\/es\/wp-json\/wp\/v2\/comments?post=802571"}],"version-history":[{"count":2,"href":"https:\/\/eu-roots.nl\/es\/wp-json\/wp\/v2\/pages\/802571\/revisions"}],"predecessor-version":[{"id":802573,"href":"https:\/\/eu-roots.nl\/es\/wp-json\/wp\/v2\/pages\/802571\/revisions\/802573"}],"wp:attachment":[{"href":"https:\/\/eu-roots.nl\/es\/wp-json\/wp\/v2\/media?parent=802571"}],"curies":[{"name":"wp","href":"https:\/\/api.w.org\/{rel}","templated":true}]}}