{"id":802580,"date":"2024-03-18T21:56:19","date_gmt":"2024-03-18T21:56:19","guid":{"rendered":"https:\/\/eu-roots.nl\/descargo-de-responsabilidad\/"},"modified":"2025-09-25T07:13:19","modified_gmt":"2025-09-25T07:13:19","slug":"descargo-de-responsabilidad","status":"publish","type":"page","link":"https:\/\/eu-roots.nl\/es\/descargo-de-responsabilidad\/","title":{"rendered":"Descargo de responsabilidad"},"content":{"rendered":"<p>[et_pb_section fb_built=\u00bb1&#8243; admin_label=\u00bbHoofd\u00bb _builder_version=\u00bb4.24.2&#8243; background_enable_color=\u00bboff\u00bb use_background_color_gradient=\u00bbon\u00bb background_color_gradient_type=\u00bbelliptical\u00bb background_color_gradient_direction_radial=\u00bbbottom right\u00bb background_color_gradient_stops=\u00bb#d11517 0%|#162c51 16%|#162c51 74%|#009798 100%\u00bb background_enable_image=\u00bboff\u00bb custom_margin=\u00bb||||false|false\u00bb custom_padding=\u00bb50px||50px||true|false\u00bb bottom_divider_style=\u00bbslant\u00bb bottom_divider_color=\u00bb#FFFFFF\u00bb bottom_divider_height=\u00bb50px\u00bb bottom_divider_flip=\u00bbhorizontal\u00bb bottom_divider_arrangement=\u00bbabove_content\u00bb global_colors_info=\u00bb{}\u00bb][et_pb_row admin_label=\u00bbSecci\u00f3n T\u00edtulo\u00bb _builder_version=\u00bb4.24.2&#8243; max_width=\u00bb1200px\u00bb custom_margin=\u00bb|||\u00bb custom_padding=\u00bb100px|0px|25px|0px|false|false\u00bb locked=\u00bboff\u00bb global_colors_info=\u00bb{}\u00bb][et_pb_column type=\u00bb4_4&#8243; _builder_version=\u00bb4.16&#8243; custom_padding=\u00bb|||\u00bb global_colors_info=\u00bb{}\u00bb custom_padding__hover=\u00bb|||\u00bb][et_pb_text admin_label=\u00bbTitle\u00bb _builder_version=\u00bb4.24.2&#8243; text_font=\u00bbRubik|300|||||||\u00bb text_text_color=\u00bb#D11517&#8243; text_font_size=\u00bb32px\u00bb header_font=\u00bbSyne|600|||||||\u00bb header_text_color=\u00bb#FFFFFF\u00bb header_font_size=\u00bb6vw\u00bb header_2_font=\u00bbWork Sans|900|||||||\u00bb header_2_text_align=\u00bbleft\u00bb header_2_text_color=\u00bb#162C51&#8243; header_2_font_size=\u00bb4vw\u00bb header_5_font=\u00bbWork Sans|300|||||||\u00bb header_5_text_color=\u00bb#D11517&#8243; header_5_font_size=\u00bb32px\u00bb custom_margin=\u00bb||5px|\u00bb animation_style=\u00bbslide\u00bb animation_direction=\u00bbtop\u00bb animation_intensity_slide=\u00bb20%\u00bb animation_starting_opacity=\u00bb100%\u00bb header_5_font_size_tablet=\u00bb26px\u00bb header_5_font_size_phone=\u00bb22px\u00bb header_5_font_size_last_edited=\u00bbon|phone\u00bb global_colors_info=\u00bb{}\u00bb]<\/p>\n<h1>Descargo de responsabilidad<\/h1>\n<p>EU-Roots.<\/p>\n<p>[\/et_pb_text][et_pb_divider show_divider=\u00bboff\u00bb _builder_version=\u00bb4.16&#8243; max_width=\u00bb23px\u00bb module_alignment=\u00bbcenter\u00bb animation_style=\u00bbslide\u00bb animation_direction=\u00bbtop\u00bb animation_intensity_slide=\u00bb20%\u00bb animation_starting_opacity=\u00bb100%\u00bb global_colors_info=\u00bb{}\u00bb][\/et_pb_divider][\/et_pb_column][\/et_pb_row][\/et_pb_section][et_pb_section fb_built=\u00bb1&#8243; admin_label=\u00bbAbout Section\u00bb _builder_version=\u00bb4.24.2&#8243; background_color=\u00bb#FFFFFF\u00bb custom_margin=\u00bb50px||||false|false\u00bb custom_padding=\u00bb60px||||false|false\u00bb bottom_divider_color=\u00bb#162C51&#8243; bottom_divider_height=\u00bb50px\u00bb bottom_divider_flip=\u00bbhorizontal\u00bb global_colors_info=\u00bb{}\u00bb][et_pb_row column_structure=\u00bb3_4,1_4&#8243; admin_label=\u00bbSecci\u00f3n T\u00edtulo\u00bb _builder_version=\u00bb4.24.2&#8243; max_width=\u00bb1200px\u00bb custom_margin=\u00bb|||\u00bb custom_padding=\u00bb27px|0px|27px|0px\u00bb locked=\u00bboff\u00bb global_colors_info=\u00bb{}\u00bb][et_pb_column type=\u00bb3_4&#8243; _builder_version=\u00bb4.16&#8243; custom_padding=\u00bb|||\u00bb global_colors_info=\u00bb{}\u00bb custom_padding__hover=\u00bb|||\u00bb][et_pb_text admin_label=\u00bbTitle\u00bb _builder_version=\u00bb4.24.2&#8243; text_font=\u00bbRubik|300|||||||\u00bb text_text_color=\u00bb#162C51&#8243; text_font_size=\u00bb18px\u00bb text_line_height=\u00bb1.6em\u00bb link_font=\u00bb||||on|||#009798|\u00bb link_text_color=\u00bb#333333&#8243; header_font=\u00bb||||||||\u00bb header_2_font=\u00bbSyne|600|||||||\u00bb header_2_text_align=\u00bbleft\u00bb header_2_text_color=\u00bb#009798&#8243; header_2_font_size=\u00bb30px\u00bb text_orientation=\u00bbjustified\u00bb module_alignment=\u00bbleft\u00bb custom_margin=\u00bb||0px||false|false\u00bb animation_direction=\u00bbtop\u00bb global_colors_info=\u00bb{}\u00bb]<\/p>\n<h2>Descargo de responsabilidad<\/h2>\n<p>Hemos sido lo m\u00e1s cuidadosos posible al recopilar la informaci\u00f3n disponible en este sitio web. EU-Roots Uitzendbureau B.V. no se hace responsable de ning\u00fan error y no se puede derivar ning\u00fan derecho de su contenido. <\/p>\n<h2>Derechos de autor<\/h2>\n<p>Todos los contenidos del sitio web, como p\u00e1ginas, textos, logotipos, botones y elementos gr\u00e1ficos, son propiedad de EU-Roots Uitzendbureau B.V. o de sus licenciantes y est\u00e1n protegidos por las leyes holandesas sobre derechos de autor.  <\/p>\n<p>Nuestro contenido est\u00e1 protegido por derechos de autor. No est\u00e1 permitido divulgar nuestro contenido por foto, v\u00eddeo, impresi\u00f3n o cualquier otro medio sin permiso escrito de EU-Roots Uitzendbureau B.V. en Waalwijk. <\/p>\n<p>[\/et_pb_text][et_pb_divider show_divider=\u00bboff\u00bb _builder_version=\u00bb4.16&#8243; max_width=\u00bb23px\u00bb module_alignment=\u00bbcenter\u00bb animation_style=\u00bbslide\u00bb animation_direction=\u00bbtop\u00bb animation_intensity_slide=\u00bb20%\u00bb animation_starting_opacity=\u00bb100%\u00bb global_colors_info=\u00bb{}\u00bb][\/et_pb_divider][\/et_pb_column][et_pb_column type=\u00bb1_4&#8243; _builder_version=\u00bb4.16&#8243; custom_padding=\u00bb|||\u00bb global_colors_info=\u00bb{}\u00bb custom_padding__hover=\u00bb|||\u00bb][et_pb_button button_url=\u00bb@ET-DC@eyJkeW5hbWljIjp0cnVlLCJjb250ZW50IjoicG9zdF9saW5rX3VybF9wYWdlIiwic2V0dGluZ3MiOnsicG9zdF9pZCI6IjYifX0=@\u00bb button_text=\u00bbInicio\u00bb button_alignment=\u00bbcenter\u00bb disabled_on=\u00bbon|on|off\u00bb admin_label=\u00bbDesktop CTA Button\u00bb _builder_version=\u00bb4.24.2&#8243; _dynamic_attributes=\u00bbbutton_url\u00bb custom_button=\u00bbon\u00bb button_text_size=\u00bb18px\u00bb button_text_color=\u00bb#ffffff\u00bb button_bg_use_color_gradient=\u00bbon\u00bb button_bg_color_gradient_direction=\u00bb45deg\u00bb button_bg_color_gradient_stops=\u00bb#162c51 17%|#009798 75%|#d11517 100%\u00bb button_border_width=\u00bb0px\u00bb button_border_radius=\u00bb15px\u00bb button_letter_spacing=\u00bb0px\u00bb button_font=\u00bbSyne|700|||||||\u00bb button_use_icon=\u00bboff\u00bb custom_margin=\u00bb|0px|0px|40px|false|false\u00bb custom_padding=\u00bb10px|32px|10px|32px|true|true\u00bb locked=\u00bboff\u00bb global_colors_info=\u00bb{}\u00bb button_text_size__hover_enabled=\u00bboff\u00bb button_one_text_size__hover_enabled=\u00bboff\u00bb button_two_text_size__hover_enabled=\u00bboff\u00bb button_text_color__hover_enabled=\u00bboff\u00bb button_one_text_color__hover_enabled=\u00bboff\u00bb button_two_text_color__hover_enabled=\u00bboff\u00bb button_border_width__hover_enabled=\u00bboff\u00bb button_one_border_width__hover_enabled=\u00bboff\u00bb button_two_border_width__hover_enabled=\u00bboff\u00bb button_border_color__hover_enabled=\u00bboff\u00bb button_one_border_color__hover_enabled=\u00bboff\u00bb button_two_border_color__hover_enabled=\u00bboff\u00bb button_border_radius__hover_enabled=\u00bboff\u00bb button_one_border_radius__hover_enabled=\u00bboff\u00bb button_two_border_radius__hover_enabled=\u00bboff\u00bb button_letter_spacing__hover_enabled=\u00bboff\u00bb button_one_letter_spacing__hover_enabled=\u00bboff\u00bb button_two_letter_spacing__hover_enabled=\u00bboff\u00bb button_bg_color__hover_enabled=\u00bbon|hover\u00bb button_one_bg_color__hover_enabled=\u00bboff\u00bb button_two_bg_color__hover_enabled=\u00bboff\u00bb button_bg_color_gradient_stops__hover=\u00bb#009798 0%|#009798 50%|#162c51 84%\u00bb button_bg_use_color_gradient__hover=\u00bbon\u00bb][\/et_pb_button][\/et_pb_column][\/et_pb_row][\/et_pb_section]<\/p>\n","protected":false},"excerpt":{"rendered":"<p>Descargo de responsabilidad EU-Roots.Descargo de responsabilidad Hemos sido lo m\u00e1s cuidadosos posible al recopilar la informaci\u00f3n disponible en este sitio web. EU-Roots Uitzendbureau B.V. no se hace responsable de ning\u00fan error y no se puede derivar ning\u00fan derecho de su contenido. Derechos de autor Todos los contenidos del sitio web, como p\u00e1ginas, textos, logotipos, botones [&hellip;]<\/p>\n","protected":false},"author":1,"featured_media":0,"parent":0,"menu_order":0,"comment_status":"closed","ping_status":"closed","template":"","meta":{"_et_pb_use_builder":"on","_et_pb_old_content":"","_et_gb_content_width":"","footnotes":""},"class_list":["post-802580","page","type-page","status-publish","hentry"],"yoast_head":"<!-- This site is optimized with the Yoast SEO plugin v27.3 - https:\/\/yoast.com\/product\/yoast-seo-wordpress\/ -->\n<title>Descargo de responsabilidad | EU-Roots<\/title>\n<meta name=\"robots\" content=\"index, follow, max-snippet:-1, max-image-preview:large, max-video-preview:-1\" \/>\n<link rel=\"canonical\" href=\"https:\/\/eu-roots.nl\/es\/descargo-de-responsabilidad\/\" \/>\n<meta property=\"og:locale\" content=\"es_ES\" \/>\n<meta property=\"og:type\" content=\"article\" \/>\n<meta property=\"og:title\" content=\"Descargo de responsabilidad | EU-Roots\" \/>\n<meta property=\"og:description\" content=\"Descargo de responsabilidad EU-Roots.Descargo de responsabilidad Hemos sido lo m\u00e1s cuidadosos posible al recopilar la informaci\u00f3n disponible en este sitio web. EU-Roots Uitzendbureau B.V. no se hace responsable de ning\u00fan error y no se puede derivar ning\u00fan derecho de su contenido. Derechos de autor Todos los contenidos del sitio web, como p\u00e1ginas, textos, logotipos, botones [&hellip;]\" \/>\n<meta property=\"og:url\" content=\"https:\/\/eu-roots.nl\/es\/descargo-de-responsabilidad\/\" \/>\n<meta property=\"og:site_name\" content=\"EU-Roots\" \/>\n<meta property=\"article:modified_time\" content=\"2025-09-25T07:13:19+00:00\" \/>\n<meta name=\"twitter:card\" content=\"summary_large_image\" \/>\n<meta name=\"twitter:label1\" content=\"Tiempo de lectura\" \/>\n\t<meta name=\"twitter:data1\" content=\"4 minutos\" \/>\n<script type=\"application\/ld+json\" class=\"yoast-schema-graph\">{\"@context\":\"https:\\\/\\\/schema.org\",\"@graph\":[{\"@type\":\"WebPage\",\"@id\":\"https:\\\/\\\/eu-roots.nl\\\/es\\\/descargo-de-responsabilidad\\\/\",\"url\":\"https:\\\/\\\/eu-roots.nl\\\/es\\\/descargo-de-responsabilidad\\\/\",\"name\":\"Descargo de responsabilidad | EU-Roots\",\"isPartOf\":{\"@id\":\"https:\\\/\\\/eu-roots.nl\\\/es\\\/#website\"},\"datePublished\":\"2024-03-18T21:56:19+00:00\",\"dateModified\":\"2025-09-25T07:13:19+00:00\",\"breadcrumb\":{\"@id\":\"https:\\\/\\\/eu-roots.nl\\\/es\\\/descargo-de-responsabilidad\\\/#breadcrumb\"},\"inLanguage\":\"es\",\"potentialAction\":[{\"@type\":\"ReadAction\",\"target\":[\"https:\\\/\\\/eu-roots.nl\\\/es\\\/descargo-de-responsabilidad\\\/\"]}]},{\"@type\":\"BreadcrumbList\",\"@id\":\"https:\\\/\\\/eu-roots.nl\\\/es\\\/descargo-de-responsabilidad\\\/#breadcrumb\",\"itemListElement\":[{\"@type\":\"ListItem\",\"position\":1,\"name\":\"Home\",\"item\":\"https:\\\/\\\/eu-roots.nl\\\/es\\\/inicio\\\/\"},{\"@type\":\"ListItem\",\"position\":2,\"name\":\"Descargo de responsabilidad\"}]},{\"@type\":\"WebSite\",\"@id\":\"https:\\\/\\\/eu-roots.nl\\\/es\\\/#website\",\"url\":\"https:\\\/\\\/eu-roots.nl\\\/es\\\/\",\"name\":\"EU-Roots\",\"description\":\"Uw partner voor flexibele krachten\",\"publisher\":{\"@id\":\"https:\\\/\\\/eu-roots.nl\\\/es\\\/#organization\"},\"potentialAction\":[{\"@type\":\"SearchAction\",\"target\":{\"@type\":\"EntryPoint\",\"urlTemplate\":\"https:\\\/\\\/eu-roots.nl\\\/es\\\/?s={search_term_string}\"},\"query-input\":{\"@type\":\"PropertyValueSpecification\",\"valueRequired\":true,\"valueName\":\"search_term_string\"}}],\"inLanguage\":\"es\"},{\"@type\":\"Organization\",\"@id\":\"https:\\\/\\\/eu-roots.nl\\\/es\\\/#organization\",\"name\":\"EU-Roots\",\"alternateName\":\"Uitzendbureau in Waalwijk, Tilburg & Eindhoven\",\"url\":\"https:\\\/\\\/eu-roots.nl\\\/es\\\/\",\"logo\":{\"@type\":\"ImageObject\",\"inLanguage\":\"es\",\"@id\":\"https:\\\/\\\/eu-roots.nl\\\/es\\\/#\\\/schema\\\/logo\\\/image\\\/\",\"url\":\"https:\\\/\\\/eu-roots.nl\\\/wp-content\\\/uploads\\\/2024\\\/01\\\/Logo-EU-Roots.png\",\"contentUrl\":\"https:\\\/\\\/eu-roots.nl\\\/wp-content\\\/uploads\\\/2024\\\/01\\\/Logo-EU-Roots.png\",\"width\":1667,\"height\":433,\"caption\":\"EU-Roots\"},\"image\":{\"@id\":\"https:\\\/\\\/eu-roots.nl\\\/es\\\/#\\\/schema\\\/logo\\\/image\\\/\"}}]}<\/script>\n<!-- \/ Yoast SEO plugin. -->","yoast_head_json":{"title":"Descargo de responsabilidad | EU-Roots","robots":{"index":"index","follow":"follow","max-snippet":"max-snippet:-1","max-image-preview":"max-image-preview:large","max-video-preview":"max-video-preview:-1"},"canonical":"https:\/\/eu-roots.nl\/es\/descargo-de-responsabilidad\/","og_locale":"es_ES","og_type":"article","og_title":"Descargo de responsabilidad | EU-Roots","og_description":"Descargo de responsabilidad EU-Roots.Descargo de responsabilidad Hemos sido lo m\u00e1s cuidadosos posible al recopilar la informaci\u00f3n disponible en este sitio web. EU-Roots Uitzendbureau B.V. no se hace responsable de ning\u00fan error y no se puede derivar ning\u00fan derecho de su contenido. Derechos de autor Todos los contenidos del sitio web, como p\u00e1ginas, textos, logotipos, botones [&hellip;]","og_url":"https:\/\/eu-roots.nl\/es\/descargo-de-responsabilidad\/","og_site_name":"EU-Roots","article_modified_time":"2025-09-25T07:13:19+00:00","twitter_card":"summary_large_image","twitter_misc":{"Tiempo de lectura":"4 minutos"},"schema":{"@context":"https:\/\/schema.org","@graph":[{"@type":"WebPage","@id":"https:\/\/eu-roots.nl\/es\/descargo-de-responsabilidad\/","url":"https:\/\/eu-roots.nl\/es\/descargo-de-responsabilidad\/","name":"Descargo de responsabilidad | EU-Roots","isPartOf":{"@id":"https:\/\/eu-roots.nl\/es\/#website"},"datePublished":"2024-03-18T21:56:19+00:00","dateModified":"2025-09-25T07:13:19+00:00","breadcrumb":{"@id":"https:\/\/eu-roots.nl\/es\/descargo-de-responsabilidad\/#breadcrumb"},"inLanguage":"es","potentialAction":[{"@type":"ReadAction","target":["https:\/\/eu-roots.nl\/es\/descargo-de-responsabilidad\/"]}]},{"@type":"BreadcrumbList","@id":"https:\/\/eu-roots.nl\/es\/descargo-de-responsabilidad\/#breadcrumb","itemListElement":[{"@type":"ListItem","position":1,"name":"Home","item":"https:\/\/eu-roots.nl\/es\/inicio\/"},{"@type":"ListItem","position":2,"name":"Descargo de responsabilidad"}]},{"@type":"WebSite","@id":"https:\/\/eu-roots.nl\/es\/#website","url":"https:\/\/eu-roots.nl\/es\/","name":"EU-Roots","description":"Uw partner voor flexibele krachten","publisher":{"@id":"https:\/\/eu-roots.nl\/es\/#organization"},"potentialAction":[{"@type":"SearchAction","target":{"@type":"EntryPoint","urlTemplate":"https:\/\/eu-roots.nl\/es\/?s={search_term_string}"},"query-input":{"@type":"PropertyValueSpecification","valueRequired":true,"valueName":"search_term_string"}}],"inLanguage":"es"},{"@type":"Organization","@id":"https:\/\/eu-roots.nl\/es\/#organization","name":"EU-Roots","alternateName":"Uitzendbureau in Waalwijk, Tilburg & Eindhoven","url":"https:\/\/eu-roots.nl\/es\/","logo":{"@type":"ImageObject","inLanguage":"es","@id":"https:\/\/eu-roots.nl\/es\/#\/schema\/logo\/image\/","url":"https:\/\/eu-roots.nl\/wp-content\/uploads\/2024\/01\/Logo-EU-Roots.png","contentUrl":"https:\/\/eu-roots.nl\/wp-content\/uploads\/2024\/01\/Logo-EU-Roots.png","width":1667,"height":433,"caption":"EU-Roots"},"image":{"@id":"https:\/\/eu-roots.nl\/es\/#\/schema\/logo\/image\/"}}]}},"_links":{"self":[{"href":"https:\/\/eu-roots.nl\/es\/wp-json\/wp\/v2\/pages\/802580","targetHints":{"allow":["GET"]}}],"collection":[{"href":"https:\/\/eu-roots.nl\/es\/wp-json\/wp\/v2\/pages"}],"about":[{"href":"https:\/\/eu-roots.nl\/es\/wp-json\/wp\/v2\/types\/page"}],"author":[{"embeddable":true,"href":"https:\/\/eu-roots.nl\/es\/wp-json\/wp\/v2\/users\/1"}],"replies":[{"embeddable":true,"href":"https:\/\/eu-roots.nl\/es\/wp-json\/wp\/v2\/comments?post=802580"}],"version-history":[{"count":4,"href":"https:\/\/eu-roots.nl\/es\/wp-json\/wp\/v2\/pages\/802580\/revisions"}],"predecessor-version":[{"id":803516,"href":"https:\/\/eu-roots.nl\/es\/wp-json\/wp\/v2\/pages\/802580\/revisions\/803516"}],"wp:attachment":[{"href":"https:\/\/eu-roots.nl\/es\/wp-json\/wp\/v2\/media?parent=802580"}],"curies":[{"name":"wp","href":"https:\/\/api.w.org\/{rel}","templated":true}]}}