{"id":802598,"date":"2024-09-26T11:25:24","date_gmt":"2024-09-26T11:25:24","guid":{"rendered":"https:\/\/eu-roots.nl\/iniciar-sesion\/"},"modified":"2025-09-04T07:47:05","modified_gmt":"2025-09-04T07:47:05","slug":"iniciar-sesion","status":"publish","type":"page","link":"https:\/\/eu-roots.nl\/es\/iniciar-sesion\/","title":{"rendered":"Iniciar sesi\u00f3n"},"content":{"rendered":"<p>[et_pb_section fb_built=\u00bb1&#8243; admin_label=\u00bbHoofd\u00bb _builder_version=\u00bb4.24.2&#8243; background_color=\u00bb#f7f7f7&#8243; use_background_color_gradient=\u00bbon\u00bb background_color_gradient_direction=\u00bb45deg\u00bb background_color_gradient_stops=\u00bb#009798 17%|rgba(22,44,81,0.71) 68%|rgba(209,21,23,0.49) 99%\u00bb background_color_gradient_overlays_image=\u00bbon\u00bb background_image=\u00bbhttps:\/\/eu-roots.nl\/wp-content\/uploads\/2024\/01\/eu-roots-patricia.jpeg\u00bb custom_margin=\u00bb||||false|false\u00bb custom_padding=\u00bb50px||180px||false|false\u00bb bottom_divider_style=\u00bbslant\u00bb bottom_divider_color=\u00bb#FFFFFF\u00bb bottom_divider_height=\u00bb50px\u00bb bottom_divider_flip=\u00bbhorizontal\u00bb global_colors_info=\u00bb{}\u00bb][et_pb_row column_structure=\u00bb1_2,1_2&#8243; admin_label=\u00bbSecci\u00f3n T\u00edtulo\u00bb _builder_version=\u00bb4.24.2&#8243; max_width=\u00bb1200px\u00bb custom_margin=\u00bb||25px||false|false\u00bb custom_padding=\u00bb25px|0px|25px|0px|true|false\u00bb locked=\u00bboff\u00bb global_colors_info=\u00bb{}\u00bb][et_pb_column type=\u00bb1_2&#8243; _builder_version=\u00bb4.16&#8243; custom_padding=\u00bb|||\u00bb global_colors_info=\u00bb{}\u00bb custom_padding__hover=\u00bb|||\u00bb][et_pb_text admin_label=\u00bbTitle\u00bb _builder_version=\u00bb4.24.2&#8243; text_font=\u00bbPalanquin Dark|700|||||||\u00bb text_text_color=\u00bb#FFFFFF\u00bb text_font_size=\u00bb24px\u00bb text_line_height=\u00bb1.6em\u00bb link_font=\u00bb||||on|||#f46624|\u00bb link_text_color=\u00bb#333333&#8243; header_font=\u00bbSyne|700|||||||\u00bb header_text_color=\u00bb#FFFFFF\u00bb header_font_size=\u00bb115px\u00bb header_2_font=\u00bbWork Sans|900|||||||\u00bb header_2_text_align=\u00bbleft\u00bb header_2_text_color=\u00bb#FFFFFF\u00bb header_2_font_size=\u00bb4vw\u00bb header_6_font=\u00bbPalanquin Dark|500|||||||\u00bb header_6_text_align=\u00bbleft\u00bb header_6_text_color=\u00bb#FFFFFF\u00bb header_6_font_size=\u00bb26px\u00bb header_6_line_height=\u00bb1.7em\u00bb module_alignment=\u00bbleft\u00bb custom_margin=\u00bb||40px|\u00bb custom_padding=\u00bb|||0px|false|false\u00bb animation_style=\u00bbslide\u00bb animation_direction=\u00bbbottom\u00bb animation_duration=\u00bb750ms\u00bb animation_intensity_slide=\u00bb20%\u00bb animation_starting_opacity=\u00bb30%\u00bb hover_transition_speed_curve=\u00bbease-in\u00bb header_font_size_tablet=\u00bb80px\u00bb header_font_size_phone=\u00bb60px\u00bb header_font_size_last_edited=\u00bbon|phone\u00bb header_2_font_size_tablet=\u00bb3vw\u00bb header_2_font_size_phone=\u00bb7vw\u00bb header_2_font_size_last_edited=\u00bbon|desktop\u00bb header_6_line_height_tablet=\u00bb1.7em\u00bb header_6_line_height_phone=\u00bb1em\u00bb header_6_line_height_last_edited=\u00bbon|phone\u00bb global_colors_info=\u00bb{}\u00bb]<\/p>\n<h1 class=\"et_pb_slide_title\">Iniciar sesi\u00f3n<\/h1>\n<p>[\/et_pb_text][et_pb_text admin_label=\u00bbTitle\u00bb _builder_version=\u00bb4.24.2&#8243; text_font=\u00bbRubik|300|||||||\u00bb text_text_color=\u00bb#FFFFFF\u00bb text_font_size=\u00bb20px\u00bb text_line_height=\u00bb1.6em\u00bb link_font=\u00bb||||on|||#f46624|\u00bb link_text_color=\u00bb#333333&#8243; header_font=\u00bb||||||||\u00bb header_2_font=\u00bbMontserrat|600||on|||||\u00bb header_2_text_align=\u00bbcenter\u00bb header_2_font_size=\u00bb30px\u00bb text_orientation=\u00bbjustified\u00bb module_alignment=\u00bbleft\u00bb custom_margin=\u00bb||0px||false|false\u00bb animation_direction=\u00bbtop\u00bb text_font_size_tablet=\u00bb20px\u00bb text_font_size_phone=\u00bb18px\u00bb text_font_size_last_edited=\u00bbon|phone\u00bb global_colors_info=\u00bb{}\u00bb]<\/p>\n<p>Elige, seas empresario o empleado, y accede al instante a toda la informaci\u00f3n relevante para ti.<\/p>\n<p>[\/et_pb_text][\/et_pb_column][et_pb_column type=\u00bb1_2&#8243; _builder_version=\u00bb4.16&#8243; custom_padding=\u00bb|||\u00bb global_colors_info=\u00bb{}\u00bb custom_padding__hover=\u00bb|||\u00bb][\/et_pb_column][\/et_pb_row][et_pb_row column_structure=\u00bb1_2,1_2&#8243; _builder_version=\u00bb4.24.2&#8243; _module_preset=\u00bbdefault\u00bb background_color=\u00bb#FFFFFF\u00bb max_width=\u00bb1200px\u00bb custom_margin=\u00bb||-200px||false|false\u00bb custom_padding=\u00bb|25px||25px|false|true\u00bb border_radii=\u00bbon|15px|15px|15px|15px\u00bb box_shadow_style=\u00bbpreset3&#8243; box_shadow_vertical=\u00bb10px\u00bb box_shadow_blur=\u00bb10px\u00bb global_colors_info=\u00bb{}\u00bb][et_pb_column type=\u00bb1_2&#8243; _builder_version=\u00bb4.17.4&#8243; _module_preset=\u00bbdefault\u00bb global_colors_info=\u00bb{}\u00bb][et_pb_text admin_label=\u00bbTitle\u00bb _builder_version=\u00bb4.24.2&#8243; text_font=\u00bbRubik|300|||||||\u00bb text_text_color=\u00bb#162C51&#8243; text_font_size=\u00bb20px\u00bb text_line_height=\u00bb1.6em\u00bb link_font=\u00bb||||on|||#f46624|\u00bb link_text_color=\u00bb#333333&#8243; header_font=\u00bb||||||||\u00bb header_2_font=\u00bbMontserrat|600||on|||||\u00bb header_2_text_align=\u00bbcenter\u00bb header_2_font_size=\u00bb30px\u00bb header_3_font=\u00bbSyne|700|||||||\u00bb header_3_text_color=\u00bb#009798&#8243; header_3_font_size=\u00bb32px\u00bb text_orientation=\u00bbjustified\u00bb module_alignment=\u00bbleft\u00bb custom_margin=\u00bb25px||25px||true|false\u00bb animation_direction=\u00bbtop\u00bb text_font_size_tablet=\u00bb20px\u00bb text_font_size_phone=\u00bb18px\u00bb text_font_size_last_edited=\u00bbon|phone\u00bb global_colors_info=\u00bb{}\u00bb]<\/p>\n<h3>Portal del empresario<\/h3>\n<p>Tienes acceso a:<\/p>\n<ul>\n<li>Introducir horas<\/li>\n<li>Hacer pedidos<\/li>\n<li>Ver facturas<\/li>\n<li>Ver y editar datos<\/li>\n<li>Inscripci\u00f3n de candidatos<\/li>\n<\/ul>\n<p>[\/et_pb_text][et_pb_button button_url=\u00bbhttps:\/\/eu-roots.easyflex2go.nl\/login\u00bb button_text=\u00bbIniciar sesi\u00f3n\u00bb button_alignment=\u00bbleft\u00bb disabled_on=\u00bboff|off|off\u00bb admin_label=\u00bbDesktop CTA Button\u00bb _builder_version=\u00bb4.24.2&#8243; custom_button=\u00bbon\u00bb button_text_size=\u00bb18px\u00bb button_text_color=\u00bb#ffffff\u00bb button_bg_use_color_gradient=\u00bbon\u00bb button_bg_color_gradient_direction=\u00bb45deg\u00bb button_bg_color_gradient_stops=\u00bb#009798 17%|#009798 75%|#162c51 100%\u00bb button_border_width=\u00bb0px\u00bb button_border_radius=\u00bb15px\u00bb button_letter_spacing=\u00bb0px\u00bb button_font=\u00bbSyne|700|||||||\u00bb button_use_icon=\u00bboff\u00bb custom_margin=\u00bb|0px|0px|0px|false|false\u00bb custom_padding=\u00bb10px|32px|10px|32px|true|true\u00bb locked=\u00bboff\u00bb global_colors_info=\u00bb{}\u00bb button_text_size__hover_enabled=\u00bboff\u00bb button_one_text_size__hover_enabled=\u00bboff\u00bb button_two_text_size__hover_enabled=\u00bboff\u00bb button_text_color__hover_enabled=\u00bboff\u00bb button_one_text_color__hover_enabled=\u00bboff\u00bb button_two_text_color__hover_enabled=\u00bboff\u00bb button_border_width__hover_enabled=\u00bboff\u00bb button_one_border_width__hover_enabled=\u00bboff\u00bb button_two_border_width__hover_enabled=\u00bboff\u00bb button_border_color__hover_enabled=\u00bboff\u00bb button_one_border_color__hover_enabled=\u00bboff\u00bb button_two_border_color__hover_enabled=\u00bboff\u00bb button_border_radius__hover_enabled=\u00bboff\u00bb button_one_border_radius__hover_enabled=\u00bboff\u00bb button_two_border_radius__hover_enabled=\u00bboff\u00bb button_letter_spacing__hover_enabled=\u00bboff\u00bb button_one_letter_spacing__hover_enabled=\u00bboff\u00bb button_two_letter_spacing__hover_enabled=\u00bboff\u00bb button_bg_color__hover_enabled=\u00bbon|hover\u00bb button_one_bg_color__hover_enabled=\u00bboff\u00bb button_two_bg_color__hover_enabled=\u00bboff\u00bb button_bg_color_gradient_stops__hover=\u00bb#009798 0%|#009798 50%|#009798 85%\u00bb button_bg_use_color_gradient__hover=\u00bbon\u00bb][\/et_pb_button][\/et_pb_column][et_pb_column type=\u00bb1_2&#8243; _builder_version=\u00bb4.17.4&#8243; _module_preset=\u00bbdefault\u00bb global_colors_info=\u00bb{}\u00bb][et_pb_text admin_label=\u00bbTitle\u00bb _builder_version=\u00bb4.24.2&#8243; text_font=\u00bbRubik|300|||||||\u00bb text_text_color=\u00bb#162C51&#8243; text_font_size=\u00bb20px\u00bb text_line_height=\u00bb1.6em\u00bb link_font=\u00bb||||on|||#f46624|\u00bb link_text_color=\u00bb#333333&#8243; header_font=\u00bb||||||||\u00bb header_2_font=\u00bbMontserrat|600||on|||||\u00bb header_2_text_align=\u00bbcenter\u00bb header_2_font_size=\u00bb30px\u00bb header_3_font=\u00bbSyne|700|||||||\u00bb header_3_text_color=\u00bb#162C51&#8243; header_3_font_size=\u00bb32px\u00bb text_orientation=\u00bbjustified\u00bb module_alignment=\u00bbleft\u00bb custom_margin=\u00bb25px||25px||true|false\u00bb animation_direction=\u00bbtop\u00bb text_font_size_tablet=\u00bb20px\u00bb text_font_size_phone=\u00bb18px\u00bb text_font_size_last_edited=\u00bbon|phone\u00bb global_colors_info=\u00bb{}\u00bb]<\/p>\n<h3>Portal del empleado<\/h3>\n<p>Tienes acceso a:<\/p>\n<ul>\n<li>Datos personales<\/li>\n<li>N\u00f3minas<\/li>\n<li>Declaraciones anuales<\/li>\n<li>Resumen de horas<\/li>\n<li>M\u00f3dulos de formaci\u00f3n y educaci\u00f3n<\/li>\n<\/ul>\n<p>[\/et_pb_text][et_pb_button button_url=\u00bbhttps:\/\/eu-roots.easyflex2go.nl\/login\u00bb button_text=\u00bbIniciar sesi\u00f3n\u00bb button_alignment=\u00bbleft\u00bb disabled_on=\u00bboff|off|off\u00bb admin_label=\u00bbDesktop CTA Button\u00bb _builder_version=\u00bb4.24.2&#8243; custom_button=\u00bbon\u00bb button_text_size=\u00bb18px\u00bb button_text_color=\u00bb#ffffff\u00bb button_bg_use_color_gradient=\u00bbon\u00bb button_bg_color_gradient_direction=\u00bb45deg\u00bb button_bg_color_gradient_stops=\u00bb#162c51 17%|#009798 98%\u00bb button_border_width=\u00bb0px\u00bb button_border_radius=\u00bb15px\u00bb button_letter_spacing=\u00bb0px\u00bb button_font=\u00bbSyne|700|||||||\u00bb button_use_icon=\u00bboff\u00bb custom_margin=\u00bb|0px|0px|0px|false|false\u00bb custom_padding=\u00bb10px|32px|10px|32px|true|true\u00bb locked=\u00bboff\u00bb global_colors_info=\u00bb{}\u00bb button_text_size__hover_enabled=\u00bboff\u00bb button_one_text_size__hover_enabled=\u00bboff\u00bb button_two_text_size__hover_enabled=\u00bboff\u00bb button_text_color__hover_enabled=\u00bboff\u00bb button_one_text_color__hover_enabled=\u00bboff\u00bb button_two_text_color__hover_enabled=\u00bboff\u00bb button_border_width__hover_enabled=\u00bboff\u00bb button_one_border_width__hover_enabled=\u00bboff\u00bb button_two_border_width__hover_enabled=\u00bboff\u00bb button_border_color__hover_enabled=\u00bboff\u00bb button_one_border_color__hover_enabled=\u00bboff\u00bb button_two_border_color__hover_enabled=\u00bboff\u00bb button_border_radius__hover_enabled=\u00bboff\u00bb button_one_border_radius__hover_enabled=\u00bboff\u00bb button_two_border_radius__hover_enabled=\u00bboff\u00bb button_letter_spacing__hover_enabled=\u00bboff\u00bb button_one_letter_spacing__hover_enabled=\u00bboff\u00bb button_two_letter_spacing__hover_enabled=\u00bboff\u00bb button_bg_color__hover_enabled=\u00bbon|hover\u00bb button_one_bg_color__hover_enabled=\u00bboff\u00bb button_two_bg_color__hover_enabled=\u00bboff\u00bb button_bg_color_gradient_stops__hover=\u00bb#162c51 0%|#162c51 49%|#162c51 84%\u00bb button_bg_use_color_gradient__hover=\u00bbon\u00bb][\/et_pb_button][\/et_pb_column][\/et_pb_row][\/et_pb_section][et_pb_section fb_built=\u00bb1&#8243; admin_label=\u00bbTestimonial Section\u00bb _builder_version=\u00bb4.17.4&#8243; background_color=\u00bbRGBA(255,255,255,0)\u00bb custom_padding=\u00bb0px||29px|||\u00bb global_colors_info=\u00bb{}\u00bb][et_pb_row _builder_version=\u00bb4.17.4&#8243; _module_preset=\u00bbdefault\u00bb max_width=\u00bb1200px\u00bb global_colors_info=\u00bb{}\u00bb][et_pb_column type=\u00bb4_4&#8243; _builder_version=\u00bb4.17.4&#8243; _module_preset=\u00bbdefault\u00bb global_colors_info=\u00bb{}\u00bb][dmpro_carousel space_between=\u00bb50&#8243; loop=\u00bbon\u00bb autoplay=\u00bbon\u00bb pause_on_hover=\u00bboff\u00bb centered=\u00bbon\u00bb columns_tablet=\u00bb3&#8243; columns_phone=\u00bb1&#8243; columns_last_edited=\u00bbon|phone\u00bb _builder_version=\u00bb4.27.4&#8243; _module_preset=\u00bbdefault\u00bb hover_enabled=\u00bb0&#8243; global_colors_info=\u00bb{}\u00bb sticky_enabled=\u00bb0&#8243;][dmpro_carousel_child title=\u00bbDRI\u00bb img_src=\u00bbhttps:\/\/eu-roots.nl\/wp-content\/uploads\/2024\/09\/EU-ROOTS-PARTNERS-DRI-RUBBER.png\u00bb img_alt=\u00bbDRI-RUBBER\u00bb _builder_version=\u00bb4.24.2&#8243; _module_preset=\u00bbdefault\u00bb global_colors_info=\u00bb{}\u00bb][\/dmpro_carousel_child][dmpro_carousel_child title=\u00bbXenos\u00bb img_src=\u00bbhttps:\/\/eu-roots.nl\/wp-content\/uploads\/2024\/09\/EU-ROOTS-PARTNERS-XENOS.png\u00bb img_alt=\u00bbXenos\u00bb _builder_version=\u00bb4.24.2&#8243; _module_preset=\u00bbdefault\u00bb global_colors_info=\u00bb{}\u00bb][\/dmpro_carousel_child][dmpro_carousel_child title=\u00bbPassa\u00bb img_src=\u00bbhttps:\/\/eu-roots.nl\/wp-content\/uploads\/2024\/09\/EU-ROOTS-PARTNERS-PASSA-SPORTS.png\u00bb img_alt=\u00bbPassa Sports\u00bb _builder_version=\u00bb4.24.2&#8243; _module_preset=\u00bbdefault\u00bb global_colors_info=\u00bb{}\u00bb][\/dmpro_carousel_child][dmpro_carousel_child title=\u00bbLimpieza futura\u00bb img_src=\u00bbhttps:\/\/eu-roots.nl\/wp-content\/uploads\/2024\/09\/EU-ROOTS-PARTNERS-TOEKOMST-SCHOONMAAKBEDRIJVEN.png\u00bb img_alt=\u00bbToekomst schoonmaak\u00bb _builder_version=\u00bb4.24.2&#8243; _module_preset=\u00bbdefault\u00bb global_colors_info=\u00bb{}\u00bb][\/dmpro_carousel_child][dmpro_carousel_child title=\u00bbSpar\u00bb img_src=\u00bbhttps:\/\/eu-roots.nl\/wp-content\/uploads\/2024\/09\/EU-ROOTS-PARTNERS-spar.png\u00bb img_alt=\u00bbSpar\u00bb _builder_version=\u00bb4.24.2&#8243; _module_preset=\u00bbdefault\u00bb global_colors_info=\u00bb{}\u00bb][\/dmpro_carousel_child][dmpro_carousel_child title=\u00bbReal  \u00bb img_src=\u00bbhttps:\/\/eu-roots.nl\/wp-content\/uploads\/2024\/09\/EU-ROOTS-PARTNERS-ROYL-SANDERS.png\u00bb img_alt=\u00bbRoyal\u00bb _builder_version=\u00bb4.24.2&#8243; _module_preset=\u00bbdefault\u00bb global_colors_info=\u00bb{}\u00bb][\/dmpro_carousel_child][dmpro_carousel_child title=\u00bbHC\u00bb img_src=\u00bbhttps:\/\/eu-roots.nl\/wp-content\/uploads\/2024\/09\/EU-ROOTS-PARTNERSHC-KP.png\u00bb img_alt=\u00bbHC KP\u00bb _builder_version=\u00bb4.24.2&#8243; _module_preset=\u00bbdefault\u00bb global_colors_info=\u00bb{}\u00bb][\/dmpro_carousel_child][\/dmpro_carousel][\/et_pb_column][\/et_pb_row][\/et_pb_section]<\/p>\n","protected":false},"excerpt":{"rendered":"<p>Iniciar sesi\u00f3nElige, seas empresario o empleado, y accede al instante a toda la informaci\u00f3n relevante para ti.Portal del empresario Tienes acceso a: Introducir horas Hacer pedidos Ver facturas Ver y editar datos Inscripci\u00f3n de candidatos Portal del empleado Tienes acceso a: Datos personales N\u00f3minas Declaraciones anuales Resumen de horas M\u00f3dulos de formaci\u00f3n y educaci\u00f3n <div class=\"et_pb_module dmpro_carousel dmpro_carousel_0\">\n\t\t\t\t\n\t\t\t\t\n\t\t\t\t\n\t\t\t\t\n\t\t\t\t\n\t\t\t\t\n\t\t\t\t<div class=\"et_pb_module_inner\">\n\t\t\t\t\t\n            <div class=\"dmpro-carousel-main\" data-columnsdesktop='4' data-columnstablet='2' data-columnsphone='1' data-spacebetween='30' data-spacebetween_tablet='30' data-spacebetween_phone='30' data-loop='off' data-speed='500' data-navigation='off' data-pagination='off' data-autoplay='off' data-autoplayspeed='5000' data-pauseonhover='on' data-effect='slide' data-rotate='50' data-dynamicbullets='on' data-ordernumber='0' data-centered='off' data-shadow='true'>\n                <div class=\"swiper swiper-dmpro-container\">\n                    <div class=\"swiper-wrapper dmpro-carousel-wrapper\">\n                        \n                    <\/div>\n                <\/div>\n                \n                \n            <\/div>\n\t\t\t\t<\/div>\n\t\t\t<\/div><\/p>\n","protected":false},"author":1,"featured_media":0,"parent":0,"menu_order":0,"comment_status":"closed","ping_status":"closed","template":"","meta":{"_et_pb_use_builder":"on","_et_pb_old_content":"","_et_gb_content_width":"","footnotes":""},"class_list":["post-802598","page","type-page","status-publish","hentry"],"yoast_head":"<!-- This site is optimized with the Yoast SEO plugin v27.3 - https:\/\/yoast.com\/product\/yoast-seo-wordpress\/ -->\n<title>Iniciar sesi\u00f3n | EU-Roots<\/title>\n<meta name=\"robots\" content=\"index, follow, max-snippet:-1, max-image-preview:large, max-video-preview:-1\" \/>\n<link rel=\"canonical\" href=\"https:\/\/eu-roots.nl\/es\/iniciar-sesion\/\" \/>\n<meta property=\"og:locale\" content=\"es_ES\" \/>\n<meta property=\"og:type\" content=\"article\" \/>\n<meta property=\"og:title\" content=\"Iniciar sesi\u00f3n | EU-Roots\" \/>\n<meta property=\"og:description\" content=\"Iniciar sesi\u00f3nElige, seas empresario o empleado, y accede al instante a toda la informaci\u00f3n relevante para ti.Portal del empresario Tienes acceso a: Introducir horas Hacer pedidos Ver facturas Ver y editar datos Inscripci\u00f3n de candidatos Portal del empleado Tienes acceso a: Datos personales N\u00f3minas Declaraciones anuales Resumen de horas M\u00f3dulos de formaci\u00f3n y educaci\u00f3n\" \/>\n<meta property=\"og:url\" content=\"https:\/\/eu-roots.nl\/es\/iniciar-sesion\/\" \/>\n<meta property=\"og:site_name\" content=\"EU-Roots\" \/>\n<meta property=\"article:modified_time\" content=\"2025-09-04T07:47:05+00:00\" \/>\n<meta name=\"twitter:card\" content=\"summary_large_image\" \/>\n<meta name=\"twitter:label1\" content=\"Tiempo de lectura\" \/>\n\t<meta name=\"twitter:data1\" content=\"8 minutos\" \/>\n<script type=\"application\/ld+json\" class=\"yoast-schema-graph\">{\"@context\":\"https:\\\/\\\/schema.org\",\"@graph\":[{\"@type\":\"WebPage\",\"@id\":\"https:\\\/\\\/eu-roots.nl\\\/es\\\/iniciar-sesion\\\/\",\"url\":\"https:\\\/\\\/eu-roots.nl\\\/es\\\/iniciar-sesion\\\/\",\"name\":\"Iniciar sesi\u00f3n | EU-Roots\",\"isPartOf\":{\"@id\":\"https:\\\/\\\/eu-roots.nl\\\/es\\\/#website\"},\"datePublished\":\"2024-09-26T11:25:24+00:00\",\"dateModified\":\"2025-09-04T07:47:05+00:00\",\"breadcrumb\":{\"@id\":\"https:\\\/\\\/eu-roots.nl\\\/es\\\/iniciar-sesion\\\/#breadcrumb\"},\"inLanguage\":\"es\",\"potentialAction\":[{\"@type\":\"ReadAction\",\"target\":[\"https:\\\/\\\/eu-roots.nl\\\/es\\\/iniciar-sesion\\\/\"]}]},{\"@type\":\"BreadcrumbList\",\"@id\":\"https:\\\/\\\/eu-roots.nl\\\/es\\\/iniciar-sesion\\\/#breadcrumb\",\"itemListElement\":[{\"@type\":\"ListItem\",\"position\":1,\"name\":\"Home\",\"item\":\"https:\\\/\\\/eu-roots.nl\\\/es\\\/inicio\\\/\"},{\"@type\":\"ListItem\",\"position\":2,\"name\":\"Iniciar sesi\u00f3n\"}]},{\"@type\":\"WebSite\",\"@id\":\"https:\\\/\\\/eu-roots.nl\\\/es\\\/#website\",\"url\":\"https:\\\/\\\/eu-roots.nl\\\/es\\\/\",\"name\":\"EU-Roots\",\"description\":\"Uw partner voor flexibele krachten\",\"publisher\":{\"@id\":\"https:\\\/\\\/eu-roots.nl\\\/es\\\/#organization\"},\"potentialAction\":[{\"@type\":\"SearchAction\",\"target\":{\"@type\":\"EntryPoint\",\"urlTemplate\":\"https:\\\/\\\/eu-roots.nl\\\/es\\\/?s={search_term_string}\"},\"query-input\":{\"@type\":\"PropertyValueSpecification\",\"valueRequired\":true,\"valueName\":\"search_term_string\"}}],\"inLanguage\":\"es\"},{\"@type\":\"Organization\",\"@id\":\"https:\\\/\\\/eu-roots.nl\\\/es\\\/#organization\",\"name\":\"EU-Roots\",\"alternateName\":\"Uitzendbureau in Waalwijk, Tilburg & Eindhoven\",\"url\":\"https:\\\/\\\/eu-roots.nl\\\/es\\\/\",\"logo\":{\"@type\":\"ImageObject\",\"inLanguage\":\"es\",\"@id\":\"https:\\\/\\\/eu-roots.nl\\\/es\\\/#\\\/schema\\\/logo\\\/image\\\/\",\"url\":\"https:\\\/\\\/eu-roots.nl\\\/wp-content\\\/uploads\\\/2024\\\/01\\\/Logo-EU-Roots.png\",\"contentUrl\":\"https:\\\/\\\/eu-roots.nl\\\/wp-content\\\/uploads\\\/2024\\\/01\\\/Logo-EU-Roots.png\",\"width\":1667,\"height\":433,\"caption\":\"EU-Roots\"},\"image\":{\"@id\":\"https:\\\/\\\/eu-roots.nl\\\/es\\\/#\\\/schema\\\/logo\\\/image\\\/\"}}]}<\/script>\n<!-- \/ Yoast SEO plugin. -->","yoast_head_json":{"title":"Iniciar sesi\u00f3n | EU-Roots","robots":{"index":"index","follow":"follow","max-snippet":"max-snippet:-1","max-image-preview":"max-image-preview:large","max-video-preview":"max-video-preview:-1"},"canonical":"https:\/\/eu-roots.nl\/es\/iniciar-sesion\/","og_locale":"es_ES","og_type":"article","og_title":"Iniciar sesi\u00f3n | EU-Roots","og_description":"Iniciar sesi\u00f3nElige, seas empresario o empleado, y accede al instante a toda la informaci\u00f3n relevante para ti.Portal del empresario Tienes acceso a: Introducir horas Hacer pedidos Ver facturas Ver y editar datos Inscripci\u00f3n de candidatos Portal del empleado Tienes acceso a: Datos personales N\u00f3minas Declaraciones anuales Resumen de horas M\u00f3dulos de formaci\u00f3n y educaci\u00f3n","og_url":"https:\/\/eu-roots.nl\/es\/iniciar-sesion\/","og_site_name":"EU-Roots","article_modified_time":"2025-09-04T07:47:05+00:00","twitter_card":"summary_large_image","twitter_misc":{"Tiempo de lectura":"8 minutos"},"schema":{"@context":"https:\/\/schema.org","@graph":[{"@type":"WebPage","@id":"https:\/\/eu-roots.nl\/es\/iniciar-sesion\/","url":"https:\/\/eu-roots.nl\/es\/iniciar-sesion\/","name":"Iniciar sesi\u00f3n | EU-Roots","isPartOf":{"@id":"https:\/\/eu-roots.nl\/es\/#website"},"datePublished":"2024-09-26T11:25:24+00:00","dateModified":"2025-09-04T07:47:05+00:00","breadcrumb":{"@id":"https:\/\/eu-roots.nl\/es\/iniciar-sesion\/#breadcrumb"},"inLanguage":"es","potentialAction":[{"@type":"ReadAction","target":["https:\/\/eu-roots.nl\/es\/iniciar-sesion\/"]}]},{"@type":"BreadcrumbList","@id":"https:\/\/eu-roots.nl\/es\/iniciar-sesion\/#breadcrumb","itemListElement":[{"@type":"ListItem","position":1,"name":"Home","item":"https:\/\/eu-roots.nl\/es\/inicio\/"},{"@type":"ListItem","position":2,"name":"Iniciar sesi\u00f3n"}]},{"@type":"WebSite","@id":"https:\/\/eu-roots.nl\/es\/#website","url":"https:\/\/eu-roots.nl\/es\/","name":"EU-Roots","description":"Uw partner voor flexibele krachten","publisher":{"@id":"https:\/\/eu-roots.nl\/es\/#organization"},"potentialAction":[{"@type":"SearchAction","target":{"@type":"EntryPoint","urlTemplate":"https:\/\/eu-roots.nl\/es\/?s={search_term_string}"},"query-input":{"@type":"PropertyValueSpecification","valueRequired":true,"valueName":"search_term_string"}}],"inLanguage":"es"},{"@type":"Organization","@id":"https:\/\/eu-roots.nl\/es\/#organization","name":"EU-Roots","alternateName":"Uitzendbureau in Waalwijk, Tilburg & Eindhoven","url":"https:\/\/eu-roots.nl\/es\/","logo":{"@type":"ImageObject","inLanguage":"es","@id":"https:\/\/eu-roots.nl\/es\/#\/schema\/logo\/image\/","url":"https:\/\/eu-roots.nl\/wp-content\/uploads\/2024\/01\/Logo-EU-Roots.png","contentUrl":"https:\/\/eu-roots.nl\/wp-content\/uploads\/2024\/01\/Logo-EU-Roots.png","width":1667,"height":433,"caption":"EU-Roots"},"image":{"@id":"https:\/\/eu-roots.nl\/es\/#\/schema\/logo\/image\/"}}]}},"_links":{"self":[{"href":"https:\/\/eu-roots.nl\/es\/wp-json\/wp\/v2\/pages\/802598","targetHints":{"allow":["GET"]}}],"collection":[{"href":"https:\/\/eu-roots.nl\/es\/wp-json\/wp\/v2\/pages"}],"about":[{"href":"https:\/\/eu-roots.nl\/es\/wp-json\/wp\/v2\/types\/page"}],"author":[{"embeddable":true,"href":"https:\/\/eu-roots.nl\/es\/wp-json\/wp\/v2\/users\/1"}],"replies":[{"embeddable":true,"href":"https:\/\/eu-roots.nl\/es\/wp-json\/wp\/v2\/comments?post=802598"}],"version-history":[{"count":2,"href":"https:\/\/eu-roots.nl\/es\/wp-json\/wp\/v2\/pages\/802598\/revisions"}],"predecessor-version":[{"id":802600,"href":"https:\/\/eu-roots.nl\/es\/wp-json\/wp\/v2\/pages\/802598\/revisions\/802600"}],"wp:attachment":[{"href":"https:\/\/eu-roots.nl\/es\/wp-json\/wp\/v2\/media?parent=802598"}],"curies":[{"name":"wp","href":"https:\/\/api.w.org\/{rel}","templated":true}]}}