{"id":802601,"date":"2024-08-20T09:31:45","date_gmt":"2024-08-20T09:31:45","guid":{"rendered":"https:\/\/eu-roots.nl\/suscribete\/"},"modified":"2025-09-04T07:47:44","modified_gmt":"2025-09-04T07:47:44","slug":"suscribete","status":"publish","type":"page","link":"https:\/\/eu-roots.nl\/es\/suscribete\/","title":{"rendered":"Suscr\u00edbete"},"content":{"rendered":"<p>[et_pb_section fb_built=\u00bb1&#8243; admin_label=\u00bbHoofd\u00bb _builder_version=\u00bb4.24.2&#8243; background_color=\u00bb#B2B2B2&#8243; use_background_color_gradient=\u00bbon\u00bb background_color_gradient_direction=\u00bb35deg\u00bb background_color_gradient_stops=\u00bb#d11517 0%|#162c51 15%|#009798 99%\u00bb background_enable_image=\u00bboff\u00bb custom_margin=\u00bb||||false|false\u00bb custom_padding=\u00bb50px||50px||true|false\u00bb bottom_divider_style=\u00bbslant\u00bb bottom_divider_color=\u00bb#FFFFFF\u00bb bottom_divider_height=\u00bb50px\u00bb bottom_divider_flip=\u00bbhorizontal\u00bb global_colors_info=\u00bb{}\u00bb][et_pb_row admin_label=\u00bbSecci\u00f3n T\u00edtulo\u00bb _builder_version=\u00bb4.17.4&#8243; max_width=\u00bb1200px\u00bb custom_margin=\u00bb|||\u00bb custom_padding=\u00bb27px|0px|27px|0px\u00bb locked=\u00bboff\u00bb global_colors_info=\u00bb{}\u00bb][et_pb_column type=\u00bb4_4&#8243; _builder_version=\u00bb4.16&#8243; custom_padding=\u00bb|||\u00bb global_colors_info=\u00bb{}\u00bb custom_padding__hover=\u00bb|||\u00bb][et_pb_text admin_label=\u00bbTitle\u00bb _builder_version=\u00bb4.24.2&#8243; text_font=\u00bbPalanquin Dark|700|||||||\u00bb text_text_color=\u00bb#FFFFFF\u00bb text_font_size=\u00bb24px\u00bb text_line_height=\u00bb1.6em\u00bb link_font=\u00bb||||on|||#f46624|\u00bb link_text_color=\u00bb#333333&#8243; header_font=\u00bbSyne|700|||||||\u00bb header_text_align=\u00bbcenter\u00bb header_text_color=\u00bb#FFFFFF\u00bb header_font_size=\u00bb115px\u00bb header_2_font=\u00bbWork Sans|900|||||||\u00bb header_2_text_align=\u00bbleft\u00bb header_2_text_color=\u00bb#FFFFFF\u00bb header_2_font_size=\u00bb4vw\u00bb header_6_font=\u00bbPalanquin Dark|500|||||||\u00bb header_6_text_align=\u00bbleft\u00bb header_6_text_color=\u00bb#FFFFFF\u00bb header_6_font_size=\u00bb26px\u00bb header_6_line_height=\u00bb1.7em\u00bb module_alignment=\u00bbleft\u00bb custom_margin=\u00bb||40px|\u00bb custom_margin_tablet=\u00bb||40px|\u00bb custom_margin_phone=\u00bb||5px||false|false\u00bb custom_margin_last_edited=\u00bbon|phone\u00bb custom_padding=\u00bb||0px|0px|false|false\u00bb custom_padding_tablet=\u00bb||0px|0px|false|false\u00bb custom_padding_phone=\u00bb|0px||0px|false|true\u00bb custom_padding_last_edited=\u00bbon|phone\u00bb animation_style=\u00bbslide\u00bb animation_direction=\u00bbbottom\u00bb animation_duration=\u00bb750ms\u00bb animation_intensity_slide=\u00bb20%\u00bb animation_starting_opacity=\u00bb30%\u00bb hover_transition_speed_curve=\u00bbease-in\u00bb header_font_size_tablet=\u00bb80px\u00bb header_font_size_phone=\u00bb50px\u00bb header_font_size_last_edited=\u00bbon|phone\u00bb header_2_font_size_tablet=\u00bb3vw\u00bb header_2_font_size_phone=\u00bb7vw\u00bb header_2_font_size_last_edited=\u00bbon|desktop\u00bb header_6_line_height_tablet=\u00bb1.7em\u00bb header_6_line_height_phone=\u00bb1em\u00bb header_6_line_height_last_edited=\u00bbon|phone\u00bb global_colors_info=\u00bb{}\u00bb]<\/p>\n<h1 class=\"et_pb_slide_title\">Suscr\u00edbete<\/h1>\n<p>[\/et_pb_text][\/et_pb_column][\/et_pb_row][et_pb_row _builder_version=\u00bb4.24.2&#8243; _module_preset=\u00bbdefault\u00bb background_color=\u00bb#FFFFFF\u00bb max_width=\u00bb1200px\u00bb custom_margin=\u00bb||-200px||false|false\u00bb custom_padding=\u00bb|25px||25px|false|true\u00bb border_radii=\u00bbon|15px|15px|15px|15px\u00bb box_shadow_style=\u00bbpreset3&#8243; box_shadow_vertical=\u00bb10px\u00bb box_shadow_blur=\u00bb10px\u00bb global_colors_info=\u00bb{}\u00bb][et_pb_column type=\u00bb4_4&#8243; _builder_version=\u00bb4.17.4&#8243; _module_preset=\u00bbdefault\u00bb global_colors_info=\u00bb{}\u00bb][et_pb_code _builder_version=\u00bb4.24.2&#8243; _module_preset=\u00bbdefault\u00bb hover_enabled=\u00bb0&#8243; global_colors_info=\u00bb{}\u00bb sticky_enabled=\u00bb0&#8243;]<div id=\"apply_form\"><form autocomplete=\"off\" method=\"post\" enctype=\"multipart\/form-data\"><input style=\"display:none\" type=\"text\" name=\"fakeusernameremembered\"\/><input style=\"display:none\" type=\"password\" name=\"fakepasswordremembered\"\/><input type=\"hidden\" name=\"apply_action\" value=\"1\" \/><input type=\"hidden\" id=\"_carerix_nonce_field\" name=\"_carerix_nonce_field\" value=\"e7e6b09833\" \/><input type=\"hidden\" name=\"_wp_http_referer\" value=\"\/es\/wp-json\/wp\/v2\/pages\/802601\" \/><h3 class='cx_h3 cx2_h3_personal'>Datos personales<\/h3>\n\n<div class=\"data_1 cx2_personal-lastName\">\n        <label for=\"personal-lastName\" class=\"cx2_personal-lastName cx2_required\">Apellido<span aria-hidden=\"true\" class=\"cx2_required_marker\">*<\/span><\/label>\n        <input autocomplete=\"off\" class=\"carerix_input cx2_input carerix_required cx2_required personal-lastName cx2_personal-lastName\" type=\"text\" id=\"personal-lastName\" data-index=\"1\" name=\"personal[lastName]\" value=\"\" \/>\n    \n        <\/div>\n\n\n<div class=\"data_2 cx2_personal-firstName\">\n        <label for=\"personal-firstName\" class=\"cx2_personal-firstName cx2_required\">Primer nombre<span aria-hidden=\"true\" class=\"cx2_required_marker\">*<\/span><\/label>\n        <input autocomplete=\"off\" class=\"carerix_input cx2_input carerix_required cx2_required personal-firstName cx2_personal-firstName\" type=\"text\" id=\"personal-firstName\" data-index=\"2\" name=\"personal[firstName]\" value=\"\" \/>\n    \n        <\/div>\n\n\n    \n    <div style=\"\" class=\"cx2_personal-gender\">\n    <label class=\"cx2_personal-gender\" style=\"display: inline-block;\">\n        G\u00e9nero    <\/label>\n\n\n    <span class=\"carerix_labels cx2_labels_personal-gender\">\n    <input class='related_index' name='personal-index[]' type='hidden' value='0'>\n            <input type=\"radio\"\n                   name=\"personal[gender][0]\"\n                                                          class=\"carerix_input cx2_input cx2_personal-gender\"\n                   value=\"891\">\n            Man\n            \n            <input type=\"radio\"\n                   name=\"personal[gender][0]\"\n                                                          class=\"carerix_input cx2_input cx2_personal-gender\"\n                   value=\"892\">\n            Vrouw\n            <\/span>\n\n    <i class=\"fa fa-refresh fa-spin wait\" style=\"display: none;\"><\/i>\n\n    <\/div>\n\n\n\n<div class=\"cx2_personal-birthDate\">\n<label for=\"personal-birthDate\" class=\"cx2_personal-birthDate cx2_required\">Fecha de nacimiento<span aria-hidden=\"true\" class=\"cx2_required_marker\">*<\/span><\/label>\n\n<input  class=\"carerix_input cx2_input carerix_required cx2_required personal-birthDate cx2_personal-birthDate\" type=\"date\" id=\"personal-birthDate\" name=\"personal[birthDate]\" value=\"\" \/>\n<\/div>\n<!-- [START][v-personal-nationality] --><div class=\"selector_chain_holder cx2_personal-nationality\"><span class=\"starter\"><\/span><span><label for=\"personal-nationality\" class=\"cx2_personal-nationality\">Nacionalidad<\/label><select id=\"69d8e9a1e2658\" class=\"carerix_input cx2_input cx2_personal-nationality\" data-id=\"personal-nationality\" name=\"personal[nationality]\" data-table=\"\" data-affectedby=\"\"><option selected><\/option>\n<option value=\"3200\">Andorrese<\/option>\n<option value=\"3201\">Antilliaanse<\/option>\n<option value=\"3203\">Arubaanse<\/option>\n<option value=\"3207\">Belgische<\/option>\n<option value=\"3208\">Braziliaanse<\/option>\n<option value=\"3209\">Britse<\/option>\n<option value=\"3211\">Bulgaarse<\/option>\n<option value=\"3213\">Canarische<\/option>\n<option value=\"3216\">Colombiaanse<\/option>\n<option value=\"3217\">Cubaanse<\/option>\n<option value=\"3218\">Cypriotische<\/option>\n<option value=\"3219\">Deense<\/option>\n<option value=\"3220\">Dominaanse<\/option>\n<option value=\"3221\">Duitse<\/option>\n<option value=\"3224\">Estse<\/option>\n<option value=\"3226\">Finse<\/option>\n<option value=\"3227\">Franse<\/option>\n<option value=\"3230\">Gibraltarese<\/option>\n<option value=\"3231\">Griekse<\/option>\n<option value=\"3234\">Hongaarse<\/option>\n<option value=\"3235\">Ierse<\/option>\n<option value=\"3236\">IJslandse<\/option>\n<option value=\"3240\">Italiaanse<\/option>\n<option value=\"3248\">Kroatische<\/option>\n<option value=\"10578\">Lets<\/option>\n<option value=\"3250\">Liechtensteinse<\/option>\n<option value=\"3251\">Luxemburgse<\/option>\n<option value=\"3253\">Maltezer<\/option>\n<option value=\"3254\">Marokkaanse<\/option>\n<option value=\"3256\">Mexicaanse<\/option>\n<option value=\"3257\">Monagaskische<\/option>\n<option value=\"3258\">Nederlandse<\/option>\n<option value=\"3260\">Noorse<\/option>\n<option value=\"3262\">Oostenrijkse<\/option>\n<option value=\"3265\">Philipijnse<\/option>\n<option value=\"3266\">Poolse<\/option>\n<option value=\"3267\">Portugese<\/option>\n<option value=\"3268\">Roemeense<\/option>\n<option value=\"3269\">Russische<\/option>\n<option value=\"3272\">Slowaakse<\/option>\n<option value=\"10580\">Sloweens<\/option>\n<option value=\"3273\">Spaanse<\/option>\n<option value=\"3274\">Surinaamse<\/option>\n<option value=\"3276\">Thaise<\/option>\n<option value=\"3279\">Tsjechische<\/option>\n<option value=\"3280\">Tunesische<\/option>\n<option value=\"3281\">Turkse<\/option>\n<option value=\"3282\">Ukrainse<\/option>\n<option value=\"3286\">Zuid Afrikaanse<\/option>\n<option value=\"3288\">Zweedse<\/option>\n<option value=\"3289\">Zwitserse<\/option>\n<option value=\"3290\">Overige<\/option>\n<option value=\"10579\">Litouws<\/option>\n<option value=\"10633\">Afgaans<\/option><\/select><i class=\"fa fa-refresh fa-spin wait\" style=\"display: none;\"><\/i><\/span><!-- if affectable and not affects, stop div --><!-- [STOP][v-personal-nationality] --><span class=\"stopper\"><\/span><\/div><div class=\"data_1 cx2_personal-cv\" data-cxrepeaterid=\"cv\">\n    <label for=\"personal-cv\" class=\"cx2_personal-cv\">CV<\/label>\n    <span id=\"personal-cv-fieldcontainer\"><\/span>\n    <span class=\"cx2_personal-cv-info\">\n        PDF, DOC, DOCX        <b class=\"cx2_max_label\"> (max <span class=\"cx2_max_filesize\"><\/span> MB) <\/b>\n    <\/span>\n\n    <\/div>\n\n<div class=\"data_2 cx2_personal-photo\" data-cxrepeaterid=\"photo\">\n    <label for=\"personal-photo\" class=\"cx2_personal-photo\">Foto<\/label>\n    <span id=\"personal-photo-fieldcontainer\"><\/span>\n    <span class=\"cx2_personal-photo-info\">\n        GIF, PNG, JPEG        <b class=\"cx2_max_label\"> (max <span class=\"cx2_max_filesize\"><\/span> MB) <\/b>\n    <\/span>\n\n    <\/div>\n\n<h3 class='cx_h3 cx2_h3_contact'>Datos de contacto<\/h3>\n\n<div class=\"data_69d8e9a1e2b18 cx2_contact-email\">\n        <label for=\"contact-email\" class=\"cx2_contact-email cx2_required\">Email<span aria-hidden=\"true\" class=\"cx2_required_marker\">*<\/span><\/label>\n        <input autocomplete=\"off\" class=\"carerix_input cx2_input carerix_required cx2_required contact-email cx2_contact-email\" type=\"email\" id=\"contact-email\" data-index=\"69d8e9a1e2b18\" name=\"contact[email][]\" value=\"\" \/>\n    \n    \n\n\n    <span class=\"carerix_labels cx2_labels_type-contact-email\">\n    <input class='related_index' name='type-contact-index[]' type='hidden' value='0'>\n            <input type=\"radio\"\n                   name=\"type-contact[email][][0]\"\n                                                          class=\"cx2_type-contact-email\"\n                   value=\"4667\">\n            Priv\u00e9\n            \n            <input type=\"radio\"\n                   name=\"type-contact[email][][0]\"\n                                                          class=\"cx2_type-contact-email\"\n                   value=\"4668\">\n            Werk\n            <\/span>\n\n    <i class=\"fa fa-refresh fa-spin wait\" style=\"display: none;\"><\/i>\n\n\n\n    <\/div>\n\n\n<div class=\"data_3 cx2_contact-mobileNumber\">\n        <label for=\"contact-mobileNumber\" class=\"cx2_contact-mobileNumber cx2_required\">M\u00f3vil privado<span aria-hidden=\"true\" class=\"cx2_required_marker\">*<\/span><\/label>\n        <input autocomplete=\"off\" class=\"carerix_input cx2_input carerix_required cx2_required contact-mobileNumber cx2_contact-mobileNumber\" type=\"text\" id=\"contact-mobileNumber\" data-index=\"3\" name=\"contact[mobileNumber]\" value=\"\" \/>\n    \n        <\/div>\n\n<h3 class='cx_h3 cx2_h3_languages'>Idiomas<\/h3>\n<div class=\"language\"><!-- [START][v-languages-language] --><div class=\"selector_chain_holder cx2_languages-language\"><span class=\"starter\"><\/span><span><label for=\"languages-language\" class=\"cx2_languages-language\">Idioma<\/label><select id=\"69d8e9a23f252\" class=\"carerix_input cx2_input cx2_languages-language\" data-id=\"languages-language\" name=\"languages[language][]\" data-table=\"Language\" data-affectedby=\"\"><option selected><\/option>\n<option value=\"3389\">Nederlands<\/option>\n<option value=\"3322\">Bulgaars<\/option>\n<option value=\"3327\">Duits<\/option>\n<option value=\"3328\">Engels<\/option>\n<option value=\"3335\">Frans<\/option>\n<option value=\"3346\">Hongaars<\/option>\n<option value=\"3371\">Lets<\/option>\n<option value=\"3376\">Litouws<\/option>\n<option value=\"3397\">Oekra\u00efens<\/option>\n<option value=\"3403\">Pools<\/option>\n<option value=\"3404\">Portugees<\/option>\n<option value=\"3407\">Roemeens<\/option>\n<option value=\"3417\">Sloveens<\/option>\n<option value=\"3418\">Slowaaks<\/option>\n<option value=\"3421\">Spaans<\/option>\n<option value=\"3430\">Tsjechisch<\/option>\n<option value=\"3435\">Turks<\/option>\n<option value=\"3448\">Zweeds<\/option><\/select><i class=\"fa fa-refresh fa-spin wait\" style=\"display: none;\"><\/i><\/span><!-- if affectable and not affects, stop div --><!-- [STOP][v-languages-language] --><span class=\"stopper\"><\/span><\/div><div style=\"text-align: right;\"><a style=\"display: none;\" href=\"#\" data-repeatclass=\"language\" class=\"block-derepeat language\"><i class=\"fa fa-minus\"><\/i> Eliminar<\/a><\/div><\/div><div><a href=\"#\" data-repeatclass=\"language\" class=\"block-repeat language\"><i class=\"fa fa-plus\"><\/i> A\u00f1adir<\/a><\/div><div id=\"agreement_container\"><label for=\"agreement_check\"><input  id=\"agreement_check\" name=\"_agreement_check\" type=\"checkbox\" value=\"on\"  \/>&nbsp;<a href=\"\/privacyverklaring\" target=\"_blank\">Ik ga akkoord met de privacyverklaring<\/a> <\/label><\/div><script type='text\/javascript'>window.carerix_age_limit = 0; window.carerix_age_limit_message = 'Debes tener al menos 0 a\u00f1os.';<\/script><input id=\"apply_button\" class=\"cx2_applyform-apply\" type=\"submit\" value=\"Aplicar\" \/><\/form><\/div><div style=\"clear:both\"><\/div>[\/et_pb_code][\/et_pb_column][\/et_pb_row][\/et_pb_section][et_pb_section fb_built=\u00bb1&#8243; admin_label=\u00bbAbout Section\u00bb _builder_version=\u00bb4.24.2&#8243; background_color=\u00bb#FFFFFF\u00bb custom_margin=\u00bb100px||||false|false\u00bb custom_padding=\u00bb60px||0px||false|false\u00bb bottom_divider_color=\u00bb#162C51&#8243; bottom_divider_height=\u00bb50px\u00bb bottom_divider_flip=\u00bbhorizontal\u00bb global_colors_info=\u00bb{}\u00bb][et_pb_row column_structure=\u00bb1_3,2_3&#8243; admin_label=\u00bbSecci\u00f3n T\u00edtulo\u00bb _builder_version=\u00bb4.24.2&#8243; max_width=\u00bb1200px\u00bb custom_margin=\u00bb|||\u00bb custom_padding=\u00bb27px|0px|27px|0px\u00bb locked=\u00bboff\u00bb global_colors_info=\u00bb{}\u00bb][et_pb_column type=\u00bb1_3&#8243; _builder_version=\u00bb4.16&#8243; custom_padding=\u00bb|||\u00bb global_colors_info=\u00bb{}\u00bb custom_padding__hover=\u00bb|||\u00bb][et_pb_image src=\u00bbhttps:\/\/eu-roots.nl\/wp-content\/uploads\/2024\/11\/Martyna-Szyjan.png\u00bb title_text=\u00bbMartyna Szyjan\u00bb align=\u00bbcenter\u00bb _builder_version=\u00bb4.24.2&#8243; _module_preset=\u00bbdefault\u00bb global_colors_info=\u00bb{}\u00bb][\/et_pb_image][\/et_pb_column][et_pb_column type=\u00bb2_3&#8243; _builder_version=\u00bb4.16&#8243; custom_padding=\u00bb|||\u00bb global_colors_info=\u00bb{}\u00bb custom_padding__hover=\u00bb|||\u00bb][et_pb_text admin_label=\u00bbTitle\u00bb _builder_version=\u00bb4.24.2&#8243; text_font=\u00bb||||||||\u00bb header_font=\u00bb||||||||\u00bb header_2_font=\u00bbSyne|700|||||||\u00bb header_2_text_align=\u00bbleft\u00bb header_2_text_color=\u00bb#162C51&#8243; header_2_font_size=\u00bb80px\u00bb header_5_font=\u00bbWork Sans|300|||||||\u00bb header_5_text_color=\u00bb#D11517&#8243; header_5_font_size=\u00bb32px\u00bb custom_margin=\u00bb||5px|\u00bb animation_style=\u00bbslide\u00bb animation_direction=\u00bbtop\u00bb animation_intensity_slide=\u00bb20%\u00bb animation_starting_opacity=\u00bb100%\u00bb header_2_font_size_tablet=\u00bb60px\u00bb header_2_font_size_phone=\u00bb42px\u00bb header_2_font_size_last_edited=\u00bbon|phone\u00bb header_5_font_size_tablet=\u00bb26px\u00bb header_5_font_size_phone=\u00bb22px\u00bb header_5_font_size_last_edited=\u00bbon|phone\u00bb global_colors_info=\u00bb{}\u00bb]<\/p>\n<h2>\u00bfNo acabas de llegar?<\/h2>\n<h5>Estamos dispuestos a ayudarte.<\/h5>\n<p>[\/et_pb_text][et_pb_divider show_divider=\u00bboff\u00bb _builder_version=\u00bb4.16&#8243; max_width=\u00bb23px\u00bb module_alignment=\u00bbcenter\u00bb animation_style=\u00bbslide\u00bb animation_direction=\u00bbtop\u00bb animation_intensity_slide=\u00bb20%\u00bb animation_starting_opacity=\u00bb100%\u00bb global_colors_info=\u00bb{}\u00bb][\/et_pb_divider][et_pb_text admin_label=\u00bbTitle\u00bb _builder_version=\u00bb4.24.2&#8243; text_font=\u00bbRubik|300|||||||\u00bb text_text_color=\u00bb#162C51&#8243; text_font_size=\u00bb18px\u00bb text_line_height=\u00bb1.6em\u00bb link_font=\u00bb||||on|||#f46624|\u00bb link_text_color=\u00bb#333333&#8243; header_font=\u00bb||||||||\u00bb header_2_font=\u00bbMontserrat|600||on|||||\u00bb header_2_text_align=\u00bbcenter\u00bb header_2_font_size=\u00bb30px\u00bb text_orientation=\u00bbjustified\u00bb module_alignment=\u00bbleft\u00bb custom_margin=\u00bb||0px||false|false\u00bb animation_direction=\u00bbtop\u00bb global_colors_info=\u00bb{}\u00bb]<\/p>\n<p>Llevamos m\u00e1s de 10 a\u00f1os ayudando a los empleados a conectar en el trabajo. Nuestras ra\u00edces se encuentran especialmente en la <span> <\/span><strong>log\u00edstica<\/strong>,<span> <\/span><strong>producci\u00f3n,<\/strong> <strong>ingenier\u00eda<\/strong><span> <\/span>y<span> <\/span><strong>limpieza<\/strong><span> <\/span>donde conseguimos encontrar siempre a los clientes adecuados. \u00bfQu\u00e9 hacemos diferente? Nuestro objetivo es trabajar despu\u00e9s de  <span> <\/span><strong>8 meses<\/strong><span> <\/span>\u00a1Para trabajar con contrato indefinido!  <\/p>\n<p>\u00bfQuieres saber m\u00e1s? Entonces, \u00a1concierta una cita sin compromiso! <\/p>\n<p>[\/et_pb_text][\/et_pb_column][\/et_pb_row][\/et_pb_section]<\/p>\n","protected":false},"excerpt":{"rendered":"<p>Suscr\u00edbete\u00bfNo acabas de llegar? Estamos dispuestos a ayudarte.Llevamos m\u00e1s de 10 a\u00f1os ayudando a los empleados a conectar en el trabajo. Nuestras ra\u00edces se encuentran especialmente en la log\u00edstica, producci\u00f3n, ingenier\u00eda y limpieza donde conseguimos encontrar siempre a los clientes adecuados. \u00bfQu\u00e9 hacemos diferente? Nuestro objetivo es trabajar despu\u00e9s de 8 meses \u00a1Para trabajar [&hellip;]<\/p>\n","protected":false},"author":1,"featured_media":0,"parent":0,"menu_order":0,"comment_status":"closed","ping_status":"closed","template":"","meta":{"_et_pb_use_builder":"on","_et_pb_old_content":"","_et_gb_content_width":"","footnotes":""},"class_list":["post-802601","page","type-page","status-publish","hentry"],"yoast_head":"<!-- This site is optimized with the Yoast SEO plugin v27.3 - https:\/\/yoast.com\/product\/yoast-seo-wordpress\/ -->\n<title>Suscr\u00edbete | EU-Roots<\/title>\n<meta name=\"robots\" content=\"index, follow, max-snippet:-1, max-image-preview:large, max-video-preview:-1\" \/>\n<link rel=\"canonical\" href=\"https:\/\/eu-roots.nl\/es\/suscribete\/\" \/>\n<meta property=\"og:locale\" content=\"es_ES\" \/>\n<meta property=\"og:type\" content=\"article\" \/>\n<meta property=\"og:title\" content=\"Suscr\u00edbete | EU-Roots\" \/>\n<meta property=\"og:description\" content=\"Suscr\u00edbete\u00bfNo acabas de llegar? Estamos dispuestos a ayudarte.Llevamos m\u00e1s de 10 a\u00f1os ayudando a los empleados a conectar en el trabajo. Nuestras ra\u00edces se encuentran especialmente en la log\u00edstica, producci\u00f3n, ingenier\u00eda y limpieza donde conseguimos encontrar siempre a los clientes adecuados. \u00bfQu\u00e9 hacemos diferente? Nuestro objetivo es trabajar despu\u00e9s de 8 meses \u00a1Para trabajar [&hellip;]\" \/>\n<meta property=\"og:url\" content=\"https:\/\/eu-roots.nl\/es\/suscribete\/\" \/>\n<meta property=\"og:site_name\" content=\"EU-Roots\" \/>\n<meta property=\"article:modified_time\" content=\"2025-09-04T07:47:44+00:00\" \/>\n<meta name=\"twitter:card\" content=\"summary_large_image\" \/>\n<meta name=\"twitter:label1\" content=\"Tiempo de lectura\" \/>\n\t<meta name=\"twitter:data1\" content=\"4 minutos\" \/>\n<script type=\"application\/ld+json\" class=\"yoast-schema-graph\">{\"@context\":\"https:\\\/\\\/schema.org\",\"@graph\":[{\"@type\":\"WebPage\",\"@id\":\"https:\\\/\\\/eu-roots.nl\\\/es\\\/suscribete\\\/\",\"url\":\"https:\\\/\\\/eu-roots.nl\\\/es\\\/suscribete\\\/\",\"name\":\"Suscr\u00edbete | EU-Roots\",\"isPartOf\":{\"@id\":\"https:\\\/\\\/eu-roots.nl\\\/es\\\/#website\"},\"datePublished\":\"2024-08-20T09:31:45+00:00\",\"dateModified\":\"2025-09-04T07:47:44+00:00\",\"breadcrumb\":{\"@id\":\"https:\\\/\\\/eu-roots.nl\\\/es\\\/suscribete\\\/#breadcrumb\"},\"inLanguage\":\"es\",\"potentialAction\":[{\"@type\":\"ReadAction\",\"target\":[\"https:\\\/\\\/eu-roots.nl\\\/es\\\/suscribete\\\/\"]}]},{\"@type\":\"BreadcrumbList\",\"@id\":\"https:\\\/\\\/eu-roots.nl\\\/es\\\/suscribete\\\/#breadcrumb\",\"itemListElement\":[{\"@type\":\"ListItem\",\"position\":1,\"name\":\"Home\",\"item\":\"https:\\\/\\\/eu-roots.nl\\\/es\\\/inicio\\\/\"},{\"@type\":\"ListItem\",\"position\":2,\"name\":\"Suscr\u00edbete\"}]},{\"@type\":\"WebSite\",\"@id\":\"https:\\\/\\\/eu-roots.nl\\\/es\\\/#website\",\"url\":\"https:\\\/\\\/eu-roots.nl\\\/es\\\/\",\"name\":\"EU-Roots\",\"description\":\"Uw partner voor flexibele krachten\",\"publisher\":{\"@id\":\"https:\\\/\\\/eu-roots.nl\\\/es\\\/#organization\"},\"potentialAction\":[{\"@type\":\"SearchAction\",\"target\":{\"@type\":\"EntryPoint\",\"urlTemplate\":\"https:\\\/\\\/eu-roots.nl\\\/es\\\/?s={search_term_string}\"},\"query-input\":{\"@type\":\"PropertyValueSpecification\",\"valueRequired\":true,\"valueName\":\"search_term_string\"}}],\"inLanguage\":\"es\"},{\"@type\":\"Organization\",\"@id\":\"https:\\\/\\\/eu-roots.nl\\\/es\\\/#organization\",\"name\":\"EU-Roots\",\"alternateName\":\"Uitzendbureau in Waalwijk, Tilburg & Eindhoven\",\"url\":\"https:\\\/\\\/eu-roots.nl\\\/es\\\/\",\"logo\":{\"@type\":\"ImageObject\",\"inLanguage\":\"es\",\"@id\":\"https:\\\/\\\/eu-roots.nl\\\/es\\\/#\\\/schema\\\/logo\\\/image\\\/\",\"url\":\"https:\\\/\\\/eu-roots.nl\\\/wp-content\\\/uploads\\\/2024\\\/01\\\/Logo-EU-Roots.png\",\"contentUrl\":\"https:\\\/\\\/eu-roots.nl\\\/wp-content\\\/uploads\\\/2024\\\/01\\\/Logo-EU-Roots.png\",\"width\":1667,\"height\":433,\"caption\":\"EU-Roots\"},\"image\":{\"@id\":\"https:\\\/\\\/eu-roots.nl\\\/es\\\/#\\\/schema\\\/logo\\\/image\\\/\"}}]}<\/script>\n<!-- \/ Yoast SEO plugin. -->","yoast_head_json":{"title":"Suscr\u00edbete | EU-Roots","robots":{"index":"index","follow":"follow","max-snippet":"max-snippet:-1","max-image-preview":"max-image-preview:large","max-video-preview":"max-video-preview:-1"},"canonical":"https:\/\/eu-roots.nl\/es\/suscribete\/","og_locale":"es_ES","og_type":"article","og_title":"Suscr\u00edbete | EU-Roots","og_description":"Suscr\u00edbete\u00bfNo acabas de llegar? Estamos dispuestos a ayudarte.Llevamos m\u00e1s de 10 a\u00f1os ayudando a los empleados a conectar en el trabajo. Nuestras ra\u00edces se encuentran especialmente en la log\u00edstica, producci\u00f3n, ingenier\u00eda y limpieza donde conseguimos encontrar siempre a los clientes adecuados. \u00bfQu\u00e9 hacemos diferente? Nuestro objetivo es trabajar despu\u00e9s de 8 meses \u00a1Para trabajar [&hellip;]","og_url":"https:\/\/eu-roots.nl\/es\/suscribete\/","og_site_name":"EU-Roots","article_modified_time":"2025-09-04T07:47:44+00:00","twitter_card":"summary_large_image","twitter_misc":{"Tiempo de lectura":"4 minutos"},"schema":{"@context":"https:\/\/schema.org","@graph":[{"@type":"WebPage","@id":"https:\/\/eu-roots.nl\/es\/suscribete\/","url":"https:\/\/eu-roots.nl\/es\/suscribete\/","name":"Suscr\u00edbete | EU-Roots","isPartOf":{"@id":"https:\/\/eu-roots.nl\/es\/#website"},"datePublished":"2024-08-20T09:31:45+00:00","dateModified":"2025-09-04T07:47:44+00:00","breadcrumb":{"@id":"https:\/\/eu-roots.nl\/es\/suscribete\/#breadcrumb"},"inLanguage":"es","potentialAction":[{"@type":"ReadAction","target":["https:\/\/eu-roots.nl\/es\/suscribete\/"]}]},{"@type":"BreadcrumbList","@id":"https:\/\/eu-roots.nl\/es\/suscribete\/#breadcrumb","itemListElement":[{"@type":"ListItem","position":1,"name":"Home","item":"https:\/\/eu-roots.nl\/es\/inicio\/"},{"@type":"ListItem","position":2,"name":"Suscr\u00edbete"}]},{"@type":"WebSite","@id":"https:\/\/eu-roots.nl\/es\/#website","url":"https:\/\/eu-roots.nl\/es\/","name":"EU-Roots","description":"Uw partner voor flexibele krachten","publisher":{"@id":"https:\/\/eu-roots.nl\/es\/#organization"},"potentialAction":[{"@type":"SearchAction","target":{"@type":"EntryPoint","urlTemplate":"https:\/\/eu-roots.nl\/es\/?s={search_term_string}"},"query-input":{"@type":"PropertyValueSpecification","valueRequired":true,"valueName":"search_term_string"}}],"inLanguage":"es"},{"@type":"Organization","@id":"https:\/\/eu-roots.nl\/es\/#organization","name":"EU-Roots","alternateName":"Uitzendbureau in Waalwijk, Tilburg & Eindhoven","url":"https:\/\/eu-roots.nl\/es\/","logo":{"@type":"ImageObject","inLanguage":"es","@id":"https:\/\/eu-roots.nl\/es\/#\/schema\/logo\/image\/","url":"https:\/\/eu-roots.nl\/wp-content\/uploads\/2024\/01\/Logo-EU-Roots.png","contentUrl":"https:\/\/eu-roots.nl\/wp-content\/uploads\/2024\/01\/Logo-EU-Roots.png","width":1667,"height":433,"caption":"EU-Roots"},"image":{"@id":"https:\/\/eu-roots.nl\/es\/#\/schema\/logo\/image\/"}}]}},"_links":{"self":[{"href":"https:\/\/eu-roots.nl\/es\/wp-json\/wp\/v2\/pages\/802601","targetHints":{"allow":["GET"]}}],"collection":[{"href":"https:\/\/eu-roots.nl\/es\/wp-json\/wp\/v2\/pages"}],"about":[{"href":"https:\/\/eu-roots.nl\/es\/wp-json\/wp\/v2\/types\/page"}],"author":[{"embeddable":true,"href":"https:\/\/eu-roots.nl\/es\/wp-json\/wp\/v2\/users\/1"}],"replies":[{"embeddable":true,"href":"https:\/\/eu-roots.nl\/es\/wp-json\/wp\/v2\/comments?post=802601"}],"version-history":[{"count":4,"href":"https:\/\/eu-roots.nl\/es\/wp-json\/wp\/v2\/pages\/802601\/revisions"}],"predecessor-version":[{"id":802605,"href":"https:\/\/eu-roots.nl\/es\/wp-json\/wp\/v2\/pages\/802601\/revisions\/802605"}],"wp:attachment":[{"href":"https:\/\/eu-roots.nl\/es\/wp-json\/wp\/v2\/media?parent=802601"}],"curies":[{"name":"wp","href":"https:\/\/api.w.org\/{rel}","templated":true}]}}