{"id":802617,"date":"2024-03-18T21:56:39","date_gmt":"2024-03-18T21:56:39","guid":{"rendered":"https:\/\/eu-roots.nl\/declaracion-de-privacidad\/"},"modified":"2025-09-25T07:21:40","modified_gmt":"2025-09-25T07:21:40","slug":"declaracion-de-privacidad","status":"publish","type":"page","link":"https:\/\/eu-roots.nl\/es\/declaracion-de-privacidad\/","title":{"rendered":"Declaraci\u00f3n de privacidad"},"content":{"rendered":"<p>[et_pb_section fb_built=\u00bb1&#8243; admin_label=\u00bbHoofd\u00bb _builder_version=\u00bb4.24.2&#8243; background_enable_color=\u00bboff\u00bb use_background_color_gradient=\u00bbon\u00bb background_color_gradient_type=\u00bbelliptical\u00bb background_color_gradient_direction_radial=\u00bbbottom right\u00bb background_color_gradient_stops=\u00bb#d11517 0%|#162c51 16%|#162c51 74%|#009798 100%\u00bb background_enable_image=\u00bboff\u00bb custom_margin=\u00bb||||false|false\u00bb custom_padding=\u00bb50px||50px||true|false\u00bb bottom_divider_style=\u00bbslant\u00bb bottom_divider_color=\u00bb#FFFFFF\u00bb bottom_divider_height=\u00bb50px\u00bb bottom_divider_flip=\u00bbhorizontal\u00bb bottom_divider_arrangement=\u00bbabove_content\u00bb global_colors_info=\u00bb{}\u00bb][et_pb_row admin_label=\u00bbSecci\u00f3n T\u00edtulo\u00bb _builder_version=\u00bb4.24.2&#8243; max_width=\u00bb1200px\u00bb custom_margin=\u00bb|||\u00bb custom_padding=\u00bb100px|0px|25px|0px|false|false\u00bb locked=\u00bboff\u00bb global_colors_info=\u00bb{}\u00bb][et_pb_column type=\u00bb4_4&#8243; _builder_version=\u00bb4.16&#8243; custom_padding=\u00bb|||\u00bb global_colors_info=\u00bb{}\u00bb custom_padding__hover=\u00bb|||\u00bb][et_pb_text admin_label=\u00bbTitle\u00bb _builder_version=\u00bb4.24.2&#8243; text_font=\u00bbRubik|300|||||||\u00bb text_text_color=\u00bb#D11517&#8243; text_font_size=\u00bb32px\u00bb header_font=\u00bbSyne|600|||||||\u00bb header_text_color=\u00bb#FFFFFF\u00bb header_font_size=\u00bb6vw\u00bb header_2_font=\u00bbWork Sans|900|||||||\u00bb header_2_text_align=\u00bbleft\u00bb header_2_text_color=\u00bb#162C51&#8243; header_2_font_size=\u00bb4vw\u00bb header_5_font=\u00bbWork Sans|300|||||||\u00bb header_5_text_color=\u00bb#D11517&#8243; header_5_font_size=\u00bb32px\u00bb custom_margin=\u00bb||5px|\u00bb animation_style=\u00bbslide\u00bb animation_direction=\u00bbtop\u00bb animation_intensity_slide=\u00bb20%\u00bb animation_starting_opacity=\u00bb100%\u00bb header_5_font_size_tablet=\u00bb26px\u00bb header_5_font_size_phone=\u00bb22px\u00bb header_5_font_size_last_edited=\u00bbon|phone\u00bb global_colors_info=\u00bb{}\u00bb]<\/p>\n<h1>Declaraci\u00f3n de privacidad<\/h1>\n<p>EU-Roots.<\/p>\n<p>[\/et_pb_text][et_pb_divider show_divider=\u00bboff\u00bb _builder_version=\u00bb4.16&#8243; max_width=\u00bb23px\u00bb module_alignment=\u00bbcenter\u00bb animation_style=\u00bbslide\u00bb animation_direction=\u00bbtop\u00bb animation_intensity_slide=\u00bb20%\u00bb animation_starting_opacity=\u00bb100%\u00bb global_colors_info=\u00bb{}\u00bb][\/et_pb_divider][\/et_pb_column][\/et_pb_row][\/et_pb_section][et_pb_section fb_built=\u00bb1&#8243; admin_label=\u00bbAbout Section\u00bb _builder_version=\u00bb4.24.2&#8243; background_color=\u00bb#FFFFFF\u00bb custom_margin=\u00bb50px||||false|false\u00bb custom_padding=\u00bb60px||||false|false\u00bb bottom_divider_color=\u00bb#162C51&#8243; bottom_divider_height=\u00bb50px\u00bb bottom_divider_flip=\u00bbhorizontal\u00bb global_colors_info=\u00bb{}\u00bb][et_pb_row column_structure=\u00bb3_4,1_4&#8243; admin_label=\u00bbSecci\u00f3n T\u00edtulo\u00bb _builder_version=\u00bb4.24.2&#8243; max_width=\u00bb1200px\u00bb custom_margin=\u00bb|||\u00bb custom_padding=\u00bb27px|0px|27px|0px\u00bb locked=\u00bboff\u00bb global_colors_info=\u00bb{}\u00bb][et_pb_column type=\u00bb3_4&#8243; _builder_version=\u00bb4.16&#8243; custom_padding=\u00bb|||\u00bb global_colors_info=\u00bb{}\u00bb custom_padding__hover=\u00bb|||\u00bb][et_pb_text admin_label=\u00bbTitle\u00bb _builder_version=\u00bb4.24.2&#8243; text_font=\u00bbRubik|300|||||||\u00bb text_text_color=\u00bb#162C51&#8243; text_font_size=\u00bb18px\u00bb text_line_height=\u00bb1.6em\u00bb link_font=\u00bb||||on|||#009798|\u00bb link_text_color=\u00bb#333333&#8243; header_font=\u00bb||||||||\u00bb header_2_font=\u00bbSyne|600|||||||\u00bb header_2_text_align=\u00bbleft\u00bb header_2_text_color=\u00bb#009798&#8243; header_2_font_size=\u00bb30px\u00bb text_orientation=\u00bbjustified\u00bb module_alignment=\u00bbleft\u00bb custom_margin=\u00bb||0px||false|false\u00bb animation_direction=\u00bbtop\u00bb global_colors_info=\u00bb{}\u00bb]<\/p>\n<p>Somos conscientes de que depositas tu confianza en nosotros. Por ello, consideramos que es nuestra responsabilidad proteger tu privacidad. En esta Declaraci\u00f3n de Privacidad, te informamos de qu\u00e9 datos recogemos y registramos cuando utilizas nuestro sitio web y\/o te registras en EU-Roots y por qu\u00e9 recogemos estos datos. Tambi\u00e9n aclaramos a qui\u00e9n se facilitan los datos, qui\u00e9n est\u00e1 autorizado a procesarlos y cu\u00e1nto tiempo los conservamos. Para que entiendas exactamente c\u00f3mo trabajamos. Esta Declaraci\u00f3n de Privacidad se aplica a todos los servicios prestados por EU-Roots Uitzendbureau B.V. (en adelante, EU-Roots). Debes saber que EU-Roots no es responsable de las pr\u00e1cticas de privacidad de otros sitios y fuentes.      <\/p>\n<p>EU-Roots respeta la privacidad de todos los visitantes de sus sitios web y garantiza que la informaci\u00f3n personal que nos facilites se tratar\u00e1 de forma confidencial. EU-Roots act\u00faa de conformidad con la Ley de Protecci\u00f3n de Datos Personales. Al utilizar los servicios de EU-Roots o visitar los sitios web de EU-Roots, aceptas quedar vinculado por esta Declaraci\u00f3n de Privacidad.  <\/p>\n<h2>Uso de nuestros servicios<\/h2>\n<p>Cuando te registras a trav\u00e9s de nuestro sitio web y\/o te suscribes a uno de nuestros servicios, te pedimos que proporciones datos personales. Estos datos se utilizan para realizar estos servicios. Los datos se almacenar\u00e1n en servidores seguros propios de Eu-Roots o de terceros.  <\/p>\n<p>En el curso de la prestaci\u00f3n de servicios, EU-Roots registra datos en su base de datos para uso de EU-Roots y de terceros mencionados en esta Declaraci\u00f3n de Privacidad.<\/p>\n<p>Registramos o podemos registrar los siguientes datos:<\/p>\n<ul>\n<li>(Primero) nombre, direcci\u00f3n, lugar de residencia, sexo, fecha de nacimiento, n\u00famero de BSN, CV, diplomas, documentos personales, copia del documento de identidad, fotograf\u00eda de pasaporte, estado civil, direcci\u00f3n de correo electr\u00f3nico, nacionalidad, informaci\u00f3n sobre cursos de formaci\u00f3n;<\/li>\n<li>Datos sobre disponibilidad, vida laboral y bajas;<\/li>\n<li>N\u00famero de cuenta bancaria;<\/li>\n<li>Declaraciones VAR;<\/li>\n<li>Otros asuntos en la medida en que lo exija la ley o en la medida en que des tu consentimiento.<br \/>Adem\u00e1s, se generan datos autom\u00e1ticamente. Qu\u00e9 datos son \u00e9stos puedes leerlo m\u00e1s adelante en esta Declaraci\u00f3n de Privacidad. <\/li>\n<\/ul>\n<p>Registramos los datos para:<\/p>\n<ul>\n<li>Reunir la oferta y la demanda del mercado laboral;<\/li>\n<li>Prestar servicio (por ejemplo, si has olvidado tu contrase\u00f1a para introducir tus horas)<br \/>Registrar las horas trabajadas;<\/li>\n<li>Para enviar la versi\u00f3n electr\u00f3nica del bolet\u00edn de EU-Roots;<\/li>\n<li>Notificar a los Usuarios ofertas interesantes de productos y servicios de EU-Roots y de productos y servicios de otras unidades de negocio de EU-Roots y de terceros mencionados en esta Declaraci\u00f3n de Privacidad;<\/li>\n<li>Tramita los pagos;<\/li>\n<li>Preparar datos estad\u00edsticos anonimizados para los anunciantes;<\/li>\n<li>Ser capaz de realizar ex\u00e1menes de precontrataci\u00f3n para nuestros clientes.<\/li>\n<\/ul>\n<h2>Acceso a los datos por medios distintos de la provisi\u00f3n:<\/h2>\n<p>EU-Roots utiliza datos generados autom\u00e1ticamente con fines estad\u00edsticos, as\u00ed como para la seguridad y mejora de EU-Roots. Estos datos se facilitan a terceros en la medida en que est\u00e1n totalmente anonimizados y no son rastreables hasta ti. <\/p>\n<p>EU-Roots no facilitar\u00e1 tus datos personales a terceros sin tu consentimiento previo, salvo en los casos mencionados en esta Declaraci\u00f3n de Privacidad.<\/p>\n<h2>Datos personales especiales<\/h2>\n<p>EU-Roots s\u00f3lo registra datos personales especiales (seg\u00fan la Ley de Protecci\u00f3n de Datos Personales) con tu consentimiento. Si subes tu foto de pasaporte (esto es voluntario), das tu consentimiento para su almacenamiento y publicaci\u00f3n. Puedes eliminar tu foto de pasaporte de tu perfil en cualquier momento. Lo mismo se aplica a la solicitud voluntaria de v\u00eddeo (a trav\u00e9s de WhatsApp o de otro modo). Estas im\u00e1genes se eliminan lo antes posible despu\u00e9s de la solicitud.    <\/p>\n<p>Cuando quieras trabajar por primera vez 3 veces sin n\u00famero de IVA, te pediremos tu n\u00famero BSN. Este n\u00famero BSN es necesario para cumplimentar un documento IB-47 para la Agencia Tributaria. Para formar un documento IB-47 adecuado, registramos los siguientes datos:  <\/p>\n<p>&#8211; nombre<br \/>&#8211; iniciales<br \/>&#8211; c\u00f3digo postal<br \/>&#8211; n\u00famero de domicilio<br \/>&#8211; fecha de nacimiento<br \/>&#8211; n\u00famero de servicio de atenci\u00f3n al ciudadano<br \/>&#8211; importe abonado, incluidas las dietas por gastos<\/p>\n<p>&nbsp;<\/p>\n<h2>Cambios<\/h2>\n<p>Esta Declaraci\u00f3n de Privacidad est\u00e1 adaptada al uso y caracter\u00edsticas de este sitio. Cualquier actualizaci\u00f3n y\/o cambio en este sitio puede dar lugar a cambios en nuestra Declaraci\u00f3n de Privacidad. Por lo tanto, es aconsejable consultar esta Declaraci\u00f3n de Privacidad con regularidad.  <\/p>\n<h2>Opciones para los datos personales<\/h2>\n<p>Ofrecemos a todos los visitantes la oportunidad de ver, cambiar o borrar cualquier informaci\u00f3n personal que nos hayan proporcionado. Borraremos la informaci\u00f3n, siempre y cuando la ley nos lo permita. <\/p>\n<h2>Periodo de conservaci\u00f3n<\/h2>\n<p>No conservamos tus datos m\u00e1s tiempo del necesario. Para ello, tenemos en cuenta la finalidad para la que nos has proporcionado tus datos. Tambi\u00e9n tenemos en cuenta los periodos de conservaci\u00f3n legales. Los periodos de conservaci\u00f3n que utilizamos se enumeran en nuestra pol\u00edtica de periodos de conservaci\u00f3n. Una vez transcurridos los periodos de conservaci\u00f3n, tus datos se eliminan autom\u00e1ticamente o se convierten en an\u00f3nimos.    <\/p>\n<h2>Responsabilidad<\/h2>\n<p>Nuestro sitio de Internet contiene enlaces a otros sitios de Internet. EU-Roots no es responsable de las pr\u00e1cticas de privacidad de esos otros sitios de Internet. Te animamos a que est\u00e9s atento cuando salgas de nuestro sitio de Internet y a que leas la declaraci\u00f3n de privacidad de cada sitio de Internet que recopile informaci\u00f3n personal identificable. Esta Declaraci\u00f3n de Privacidad s\u00f3lo cubre la informaci\u00f3n recogida a trav\u00e9s de este sitio de Internet.   <\/p>\n<p>EU-Roots no es responsable del contenido de la informaci\u00f3n del sitio web de EU-Roots. EU-Roots tampoco es responsable de la disponibilidad de los sitios web ni del acceso a ellos. EU-Roots puede retirar en cualquier momento cualquier informaci\u00f3n del sitio web sin dar ninguna raz\u00f3n.  <\/p>\n<p>La seguridad de los datos transmitidos por Internet no puede garantizarse al 100%. Hacemos todo lo posible para proteger tus datos personales, pero no podemos garantizar plenamente la seguridad de la informaci\u00f3n que nos env\u00edas. <\/p>\n<h2>\u00bfUtilizamos cookies?<\/h2>\n<p>Utilizamos cookies y t\u00e9cnicas similares, como JavaScript. Esto es necesario para garantizar que nuestros sitios web y aplicaciones funcionen correctamente y sean f\u00e1ciles de usar. Si no deseas las cookies, ajusta tu configuraci\u00f3n o elim\u00ednalas. Si desactivas las cookies, es posible que los sitios web y las aplicaciones no funcionen correctamente. \u00bfQuieres saber m\u00e1s? No dudes en leer nuestro     <span> <\/span><a href=\"https:\/\/eu-roots.nl\/es\/politica-de-cookies\/\">Pol\u00edtica de cookies<\/a><\/p>\n<h2>\u00bfQu\u00e9 son las cookies y por qu\u00e9 son necesarias?<\/h2>\n<p>Las cookies son peque\u00f1os archivos de texto que se almacenan en tu ordenador port\u00e1til, tableta o smartphone cuando visitas uno de nuestros sitios web o utilizas aplicaciones. Esto nos permite reconocerte la pr\u00f3xima vez que nos visites y recuperar la informaci\u00f3n contenida en los archivos. As\u00ed no tienes que rellenar tus datos una y otra vez. Las cookies tambi\u00e9n nos permiten medir c\u00f3mo se utilizan nuestros sitios web y aplicaciones. Bas\u00e1ndonos en estos datos, podemos hacer mejoras.    <\/p>\n<h2>\u00bfQu\u00e9 cookies y t\u00e9cnicas utiliza EU-Roots?<\/h2>\n<p>EU-Roots utiliza t\u00e9cnicas est\u00e1ndar utilizadas en casi todos los sitios web y aplicaciones. Estas t\u00e9cnicas, junto con las cookies, permiten a un sistema recoger y almacenar informaci\u00f3n. <\/p>\n<p>Las cookies que utilizamos son:<\/p>\n<ul>\n<li><em>Funcional<\/em><span> <\/span>Cookies: Estas cookies son necesarias para que nuestros sitios web y aplicaciones funcionen correctamente. Tambi\u00e9n almacenan informaci\u00f3n para facilitar su uso, como tu nombre de usuario. <\/li>\n<li><em>Anal\u00edtica<\/em><span> <\/span>Cookies: Estas cookies miden c\u00f3mo utilizas nuestros sitios web y aplicaciones. La informaci\u00f3n que recogemos de ellas se analiza para realizar mejoras. <\/li>\n<li><em>Redes sociales y otras cookies.<\/em>  Estas cookies te permiten compartir cierta informaci\u00f3n directamente en las redes sociales. Puedes hacerlo a trav\u00e9s de los enlaces y botones de nuestros sitios web o de nuestras aplicaciones. <\/li>\n<\/ul>\n<p>Nombre: Google Analytics<br \/>Descripci\u00f3n: EU-Roots utiliza Google Analytics para hacer un seguimiento del uso que hacen los usuarios del sitio web y de la eficacia de los anuncios de Adwords de EU-Roots en las p\u00e1ginas de resultados de b\u00fasqueda de Google.<\/p>\n<p>Nombre: Gu\u00eda del usuario<br \/>Descripci\u00f3n: La Gu\u00eda del usuario nos permite explicarte la plataforma de la forma m\u00e1s clara posible.<\/p>\n<h2>\u00bfNo permites las cookies, las eliminas o ajustas la configuraci\u00f3n?<\/h2>\n<p>Puedes decidir por ti mismo si permites o rechazas las cookies. Si no quieres que se almacenen cookies en tu navegador de Internet, ajusta la configuraci\u00f3n del mismo. Tambi\u00e9n puedes configurar el navegador para que te avise cuando se instale una cookie. Puedes eliminar las cookies almacenadas a trav\u00e9s de la configuraci\u00f3n de tu navegador.   <\/p>\n<h2>Ajustar\/cancelar la comunicaci\u00f3n<\/h2>\n<p>Si deseas modificar tus datos o borrarte de nuestros ficheros, ponte en contacto con nosotros por correo electr\u00f3nico: info@eu-roots.nl<\/p>\n<p>[\/et_pb_text][et_pb_divider show_divider=\u00bboff\u00bb _builder_version=\u00bb4.16&#8243; max_width=\u00bb23px\u00bb module_alignment=\u00bbcenter\u00bb animation_style=\u00bbslide\u00bb animation_direction=\u00bbtop\u00bb animation_intensity_slide=\u00bb20%\u00bb animation_starting_opacity=\u00bb100%\u00bb global_colors_info=\u00bb{}\u00bb][\/et_pb_divider][\/et_pb_column][et_pb_column type=\u00bb1_4&#8243; _builder_version=\u00bb4.16&#8243; custom_padding=\u00bb|||\u00bb global_colors_info=\u00bb{}\u00bb custom_padding__hover=\u00bb|||\u00bb][\/et_pb_column][\/et_pb_row][\/et_pb_section]<\/p>\n","protected":false},"excerpt":{"rendered":"<p>Declaraci\u00f3n de privacidad EU-Roots.Somos conscientes de que depositas tu confianza en nosotros. Por ello, consideramos que es nuestra responsabilidad proteger tu privacidad. En esta Declaraci\u00f3n de Privacidad, te informamos de qu\u00e9 datos recogemos y registramos cuando utilizas nuestro sitio web y\/o te registras en EU-Roots y por qu\u00e9 recogemos estos datos. Tambi\u00e9n aclaramos a qui\u00e9n [&hellip;]<\/p>\n","protected":false},"author":1,"featured_media":0,"parent":0,"menu_order":0,"comment_status":"closed","ping_status":"closed","template":"","meta":{"_et_pb_use_builder":"on","_et_pb_old_content":"","_et_gb_content_width":"","footnotes":""},"class_list":["post-802617","page","type-page","status-publish","hentry"],"yoast_head":"<!-- This site is optimized with the Yoast SEO plugin v27.3 - https:\/\/yoast.com\/product\/yoast-seo-wordpress\/ -->\n<title>Declaraci\u00f3n de privacidad | EU-Roots<\/title>\n<meta name=\"robots\" content=\"index, follow, max-snippet:-1, max-image-preview:large, max-video-preview:-1\" \/>\n<link rel=\"canonical\" href=\"https:\/\/eu-roots.nl\/es\/declaracion-de-privacidad\/\" \/>\n<meta property=\"og:locale\" content=\"es_ES\" \/>\n<meta property=\"og:type\" content=\"article\" \/>\n<meta property=\"og:title\" content=\"Declaraci\u00f3n de privacidad | EU-Roots\" \/>\n<meta property=\"og:description\" content=\"Declaraci\u00f3n de privacidad EU-Roots.Somos conscientes de que depositas tu confianza en nosotros. Por ello, consideramos que es nuestra responsabilidad proteger tu privacidad. En esta Declaraci\u00f3n de Privacidad, te informamos de qu\u00e9 datos recogemos y registramos cuando utilizas nuestro sitio web y\/o te registras en EU-Roots y por qu\u00e9 recogemos estos datos. Tambi\u00e9n aclaramos a qui\u00e9n [&hellip;]\" \/>\n<meta property=\"og:url\" content=\"https:\/\/eu-roots.nl\/es\/declaracion-de-privacidad\/\" \/>\n<meta property=\"og:site_name\" content=\"EU-Roots\" \/>\n<meta property=\"article:modified_time\" content=\"2025-09-25T07:21:40+00:00\" \/>\n<meta name=\"twitter:card\" content=\"summary_large_image\" \/>\n<meta name=\"twitter:label1\" content=\"Tiempo de lectura\" \/>\n\t<meta name=\"twitter:data1\" content=\"10 minutos\" \/>\n<script type=\"application\/ld+json\" class=\"yoast-schema-graph\">{\"@context\":\"https:\\\/\\\/schema.org\",\"@graph\":[{\"@type\":\"WebPage\",\"@id\":\"https:\\\/\\\/eu-roots.nl\\\/es\\\/declaracion-de-privacidad\\\/\",\"url\":\"https:\\\/\\\/eu-roots.nl\\\/es\\\/declaracion-de-privacidad\\\/\",\"name\":\"Declaraci\u00f3n de privacidad | EU-Roots\",\"isPartOf\":{\"@id\":\"https:\\\/\\\/eu-roots.nl\\\/es\\\/#website\"},\"datePublished\":\"2024-03-18T21:56:39+00:00\",\"dateModified\":\"2025-09-25T07:21:40+00:00\",\"breadcrumb\":{\"@id\":\"https:\\\/\\\/eu-roots.nl\\\/es\\\/declaracion-de-privacidad\\\/#breadcrumb\"},\"inLanguage\":\"es\",\"potentialAction\":[{\"@type\":\"ReadAction\",\"target\":[\"https:\\\/\\\/eu-roots.nl\\\/es\\\/declaracion-de-privacidad\\\/\"]}]},{\"@type\":\"BreadcrumbList\",\"@id\":\"https:\\\/\\\/eu-roots.nl\\\/es\\\/declaracion-de-privacidad\\\/#breadcrumb\",\"itemListElement\":[{\"@type\":\"ListItem\",\"position\":1,\"name\":\"Home\",\"item\":\"https:\\\/\\\/eu-roots.nl\\\/es\\\/inicio\\\/\"},{\"@type\":\"ListItem\",\"position\":2,\"name\":\"Declaraci\u00f3n de privacidad\"}]},{\"@type\":\"WebSite\",\"@id\":\"https:\\\/\\\/eu-roots.nl\\\/es\\\/#website\",\"url\":\"https:\\\/\\\/eu-roots.nl\\\/es\\\/\",\"name\":\"EU-Roots\",\"description\":\"Uw partner voor flexibele krachten\",\"publisher\":{\"@id\":\"https:\\\/\\\/eu-roots.nl\\\/es\\\/#organization\"},\"potentialAction\":[{\"@type\":\"SearchAction\",\"target\":{\"@type\":\"EntryPoint\",\"urlTemplate\":\"https:\\\/\\\/eu-roots.nl\\\/es\\\/?s={search_term_string}\"},\"query-input\":{\"@type\":\"PropertyValueSpecification\",\"valueRequired\":true,\"valueName\":\"search_term_string\"}}],\"inLanguage\":\"es\"},{\"@type\":\"Organization\",\"@id\":\"https:\\\/\\\/eu-roots.nl\\\/es\\\/#organization\",\"name\":\"EU-Roots\",\"alternateName\":\"Uitzendbureau in Waalwijk, Tilburg & Eindhoven\",\"url\":\"https:\\\/\\\/eu-roots.nl\\\/es\\\/\",\"logo\":{\"@type\":\"ImageObject\",\"inLanguage\":\"es\",\"@id\":\"https:\\\/\\\/eu-roots.nl\\\/es\\\/#\\\/schema\\\/logo\\\/image\\\/\",\"url\":\"https:\\\/\\\/eu-roots.nl\\\/wp-content\\\/uploads\\\/2024\\\/01\\\/Logo-EU-Roots.png\",\"contentUrl\":\"https:\\\/\\\/eu-roots.nl\\\/wp-content\\\/uploads\\\/2024\\\/01\\\/Logo-EU-Roots.png\",\"width\":1667,\"height\":433,\"caption\":\"EU-Roots\"},\"image\":{\"@id\":\"https:\\\/\\\/eu-roots.nl\\\/es\\\/#\\\/schema\\\/logo\\\/image\\\/\"}}]}<\/script>\n<!-- \/ Yoast SEO plugin. -->","yoast_head_json":{"title":"Declaraci\u00f3n de privacidad | EU-Roots","robots":{"index":"index","follow":"follow","max-snippet":"max-snippet:-1","max-image-preview":"max-image-preview:large","max-video-preview":"max-video-preview:-1"},"canonical":"https:\/\/eu-roots.nl\/es\/declaracion-de-privacidad\/","og_locale":"es_ES","og_type":"article","og_title":"Declaraci\u00f3n de privacidad | EU-Roots","og_description":"Declaraci\u00f3n de privacidad EU-Roots.Somos conscientes de que depositas tu confianza en nosotros. Por ello, consideramos que es nuestra responsabilidad proteger tu privacidad. En esta Declaraci\u00f3n de Privacidad, te informamos de qu\u00e9 datos recogemos y registramos cuando utilizas nuestro sitio web y\/o te registras en EU-Roots y por qu\u00e9 recogemos estos datos. Tambi\u00e9n aclaramos a qui\u00e9n [&hellip;]","og_url":"https:\/\/eu-roots.nl\/es\/declaracion-de-privacidad\/","og_site_name":"EU-Roots","article_modified_time":"2025-09-25T07:21:40+00:00","twitter_card":"summary_large_image","twitter_misc":{"Tiempo de lectura":"10 minutos"},"schema":{"@context":"https:\/\/schema.org","@graph":[{"@type":"WebPage","@id":"https:\/\/eu-roots.nl\/es\/declaracion-de-privacidad\/","url":"https:\/\/eu-roots.nl\/es\/declaracion-de-privacidad\/","name":"Declaraci\u00f3n de privacidad | EU-Roots","isPartOf":{"@id":"https:\/\/eu-roots.nl\/es\/#website"},"datePublished":"2024-03-18T21:56:39+00:00","dateModified":"2025-09-25T07:21:40+00:00","breadcrumb":{"@id":"https:\/\/eu-roots.nl\/es\/declaracion-de-privacidad\/#breadcrumb"},"inLanguage":"es","potentialAction":[{"@type":"ReadAction","target":["https:\/\/eu-roots.nl\/es\/declaracion-de-privacidad\/"]}]},{"@type":"BreadcrumbList","@id":"https:\/\/eu-roots.nl\/es\/declaracion-de-privacidad\/#breadcrumb","itemListElement":[{"@type":"ListItem","position":1,"name":"Home","item":"https:\/\/eu-roots.nl\/es\/inicio\/"},{"@type":"ListItem","position":2,"name":"Declaraci\u00f3n de privacidad"}]},{"@type":"WebSite","@id":"https:\/\/eu-roots.nl\/es\/#website","url":"https:\/\/eu-roots.nl\/es\/","name":"EU-Roots","description":"Uw partner voor flexibele krachten","publisher":{"@id":"https:\/\/eu-roots.nl\/es\/#organization"},"potentialAction":[{"@type":"SearchAction","target":{"@type":"EntryPoint","urlTemplate":"https:\/\/eu-roots.nl\/es\/?s={search_term_string}"},"query-input":{"@type":"PropertyValueSpecification","valueRequired":true,"valueName":"search_term_string"}}],"inLanguage":"es"},{"@type":"Organization","@id":"https:\/\/eu-roots.nl\/es\/#organization","name":"EU-Roots","alternateName":"Uitzendbureau in Waalwijk, Tilburg & Eindhoven","url":"https:\/\/eu-roots.nl\/es\/","logo":{"@type":"ImageObject","inLanguage":"es","@id":"https:\/\/eu-roots.nl\/es\/#\/schema\/logo\/image\/","url":"https:\/\/eu-roots.nl\/wp-content\/uploads\/2024\/01\/Logo-EU-Roots.png","contentUrl":"https:\/\/eu-roots.nl\/wp-content\/uploads\/2024\/01\/Logo-EU-Roots.png","width":1667,"height":433,"caption":"EU-Roots"},"image":{"@id":"https:\/\/eu-roots.nl\/es\/#\/schema\/logo\/image\/"}}]}},"_links":{"self":[{"href":"https:\/\/eu-roots.nl\/es\/wp-json\/wp\/v2\/pages\/802617","targetHints":{"allow":["GET"]}}],"collection":[{"href":"https:\/\/eu-roots.nl\/es\/wp-json\/wp\/v2\/pages"}],"about":[{"href":"https:\/\/eu-roots.nl\/es\/wp-json\/wp\/v2\/types\/page"}],"author":[{"embeddable":true,"href":"https:\/\/eu-roots.nl\/es\/wp-json\/wp\/v2\/users\/1"}],"replies":[{"embeddable":true,"href":"https:\/\/eu-roots.nl\/es\/wp-json\/wp\/v2\/comments?post=802617"}],"version-history":[{"count":4,"href":"https:\/\/eu-roots.nl\/es\/wp-json\/wp\/v2\/pages\/802617\/revisions"}],"predecessor-version":[{"id":803527,"href":"https:\/\/eu-roots.nl\/es\/wp-json\/wp\/v2\/pages\/802617\/revisions\/803527"}],"wp:attachment":[{"href":"https:\/\/eu-roots.nl\/es\/wp-json\/wp\/v2\/media?parent=802617"}],"curies":[{"name":"wp","href":"https:\/\/api.w.org\/{rel}","templated":true}]}}