{"id":800661,"date":"2024-03-18T14:21:01","date_gmt":"2024-03-18T14:21:01","guid":{"rendered":"https:\/\/eu-roots.nl\/szukam-pracy\/"},"modified":"2025-06-26T09:46:32","modified_gmt":"2025-06-26T09:46:32","slug":"szukam-pracy","status":"publish","type":"page","link":"https:\/\/eu-roots.nl\/pl\/szukam-pracy\/","title":{"rendered":"Szukam pracy"},"content":{"rendered":"<p>[et_pb_section fb_built=&#8221;1&#8243; admin_label=&#8221;Hoofd&#8221; _builder_version=&#8221;4.24.2&#8243; background_color=&#8221;#f7f7f7&#8243; use_background_color_gradient=&#8221;on&#8221; background_color_gradient_type=&#8221;elliptical&#8221; background_color_gradient_direction_radial=&#8221;top right&#8221; background_color_gradient_stops=&#8221;#009798 0%|#162c51 77%|#d11517 100%&#8221; background_color_gradient_overlays_image=&#8221;on&#8221; background_image=&#8221;https:\/\/eu-roots.nl\/wp-content\/uploads\/2024\/01\/home.png&#8221; custom_margin=&#8221;||||false|false&#8221; custom_padding=&#8221;40px||150px||false|false&#8221; bottom_divider_style=&#8221;slant&#8221; bottom_divider_color=&#8221;#FFFFFF&#8221; bottom_divider_height=&#8221;50px&#8221; bottom_divider_flip=&#8221;horizontal&#8221; global_colors_info=&#8221;{}&#8221;][et_pb_row column_structure=&#8221;3_5,2_5&#8243; admin_label=&#8221;Section Title&#8221; _builder_version=&#8221;4.27.4&#8243; max_width=&#8221;1200px&#8221; custom_margin=&#8221;|||&#8221; custom_padding=&#8221;27px|0px|39px|0px||&#8221; locked=&#8221;off&#8221; global_colors_info=&#8221;{}&#8221;][et_pb_column type=&#8221;3_5&#8243; _builder_version=&#8221;4.16&#8243; custom_padding=&#8221;|||&#8221; global_colors_info=&#8221;{}&#8221; custom_padding__hover=&#8221;|||&#8221;][et_pb_text admin_label=&#8221;Title&#8221; _builder_version=&#8221;4.24.2&#8243; text_font=&#8221;||||||||&#8221; header_font=&#8221;Syne|700|||||||&#8221; header_text_color=&#8221;#FFFFFF&#8221; header_font_size=&#8221;100px&#8221; header_2_font=&#8221;Work Sans|900|||||||&#8221; header_2_text_align=&#8221;left&#8221; header_2_text_color=&#8221;#162C51&#8243; header_2_font_size=&#8221;4vw&#8221; header_3_font=&#8221;Syne|700|||||||&#8221; header_3_text_color=&#8221;#162C51&#8243; header_3_font_size=&#8221;3vw&#8221; header_5_font=&#8221;Work Sans|300|||||||&#8221; header_5_text_color=&#8221;#D11517&#8243; header_5_font_size=&#8221;32px&#8221; custom_margin=&#8221;||5px|&#8221; animation_direction=&#8221;top&#8221; header_font_size_tablet=&#8221;80px&#8221; header_font_size_phone=&#8221;48px&#8221; header_font_size_last_edited=&#8221;on|phone&#8221; header_5_font_size_tablet=&#8221;26px&#8221; header_5_font_size_phone=&#8221;22px&#8221; header_5_font_size_last_edited=&#8221;on|phone&#8221; global_colors_info=&#8221;{}&#8221;]<\/p>\n<h1>Oferty pracy<\/h1>\n<p>[\/et_pb_text][\/et_pb_column][et_pb_column type=&#8221;2_5&#8243; _builder_version=&#8221;4.16&#8243; custom_padding=&#8221;|||&#8221; global_colors_info=&#8221;{}&#8221; custom_padding__hover=&#8221;|||&#8221;][\/et_pb_column][\/et_pb_row][et_pb_row _builder_version=&#8221;4.27.4&#8243; _module_preset=&#8221;default&#8221; background_color=&#8221;#FFFFFF&#8221; max_width=&#8221;1200px&#8221; custom_margin=&#8221;||-200px||false|false&#8221; custom_padding=&#8221;|50px||50px|false|true&#8221; border_radii=&#8221;on|15px|15px|15px|15px&#8221; box_shadow_style=&#8221;preset3&#8243; box_shadow_vertical=&#8221;10px&#8221; box_shadow_blur=&#8221;10px&#8221; global_colors_info=&#8221;{}&#8221;][et_pb_column type=&#8221;4_4&#8243; _builder_version=&#8221;4.17.4&#8243; _module_preset=&#8221;default&#8221; global_colors_info=&#8221;{}&#8221;][et_pb_text admin_label=&#8221;Title&#8221; _builder_version=&#8221;4.27.4&#8243; text_font=&#8221;Rubik|300|||||||&#8221; text_text_color=&#8221;#162C51&#8243; text_font_size=&#8221;18px&#8221; text_line_height=&#8221;1.6em&#8221; link_font=&#8221;|600|||on|||#009798|&#8221; link_text_color=&#8221;#162C51&#8243; header_font=&#8221;||||||||&#8221; header_2_font=&#8221;Montserrat|600||on|||||&#8221; header_2_text_align=&#8221;center&#8221; header_2_font_size=&#8221;30px&#8221; module_alignment=&#8221;left&#8221; custom_margin=&#8221;||0px||false|false&#8221; animation_direction=&#8221;top&#8221; global_colors_info=&#8221;{}&#8221; link_text_color__hover_enabled=&#8221;on|hover&#8221; link_text_color__hover=&#8221;#009798&#8243;]<\/p>\n<p>EU-Roots sprawia, \u017ce to dzia\u0142a. Co tydzie\u0144 pojawiaj\u0105 si\u0119 nowe oferty pracy. Na przyk\u0142ad istnieje wiele ofert pracy w <strong>logistyce<\/strong>, <strong>sprz\u0105taniu<\/strong>, <strong>produkcji<\/strong>, <strong>in\u017cynierii i us\u0142ugach obiektowych<\/strong>. Nie mo\u017cesz znale\u017a\u0107 tego, czego szukasz? Nie ma problemu! Za po\u015brednictwem <a href=\"\/pl\/zarejestrowac-sie\/\">otwartej aplikacji<\/a> z przyjemno\u015bci\u0105 b\u0119dziemy wsp\u00f3\u0142pracowa\u0107 z Tob\u0105, aby znale\u017a\u0107 idealn\u0105 prac\u0119!<\/p>\n<p>[\/et_pb_text][\/et_pb_column][\/et_pb_row][\/et_pb_section][et_pb_section fb_built=&#8221;1&#8243; _builder_version=&#8221;4.24.2&#8243; _module_preset=&#8221;default&#8221; global_colors_info=&#8221;{}&#8221;][et_pb_row admin_label=&#8221;Section Title&#8221; _builder_version=&#8221;4.17.4&#8243; max_width=&#8221;1200px&#8221; custom_margin=&#8221;|||&#8221; custom_padding=&#8221;27px|0px|0px|0px||&#8221; locked=&#8221;off&#8221; global_colors_info=&#8221;{}&#8221;][et_pb_column type=&#8221;4_4&#8243; _builder_version=&#8221;4.16&#8243; custom_padding=&#8221;|||&#8221; global_colors_info=&#8221;{}&#8221; custom_padding__hover=&#8221;|||&#8221;][et_pb_text admin_label=&#8221;Title&#8221; _builder_version=&#8221;4.24.2&#8243; text_font=&#8221;||||||||&#8221; header_font=&#8221;Syne|700|||||||&#8221; header_text_color=&#8221;#FFFFFF&#8221; header_font_size=&#8221;100px&#8221; header_2_font=&#8221;Syne|700|||||||&#8221; header_2_text_align=&#8221;left&#8221; header_2_text_color=&#8221;#162C51&#8243; header_2_font_size=&#8221;42px&#8221; header_3_font=&#8221;Syne|700|||||||&#8221; header_3_text_color=&#8221;#162C51&#8243; header_3_font_size=&#8221;3vw&#8221; header_5_font=&#8221;Work Sans|300|||||||&#8221; header_5_text_color=&#8221;#D11517&#8243; header_5_font_size=&#8221;32px&#8221; custom_margin=&#8221;||5px|&#8221; animation_direction=&#8221;top&#8221; header_font_size_tablet=&#8221;80px&#8221; header_font_size_phone=&#8221;48px&#8221; header_font_size_last_edited=&#8221;on|phone&#8221; header_5_font_size_tablet=&#8221;26px&#8221; header_5_font_size_phone=&#8221;22px&#8221; header_5_font_size_last_edited=&#8221;on|phone&#8221; global_colors_info=&#8221;{}&#8221;]<\/p>\n<h2>Dost\u0119pne s\u0105 nast\u0119puj\u0105ce wakaty.<\/h2>\n<p>[\/et_pb_text][\/et_pb_column][\/et_pb_row][et_pb_row column_structure=&#8221;1_4,3_4&#8243; use_custom_gutter=&#8221;on&#8221; gutter_width=&#8221;2&#8243; make_equal=&#8221;on&#8221; _builder_version=&#8221;4.27.4&#8243; _module_preset=&#8221;default&#8221; max_width=&#8221;1200px&#8221; global_colors_info=&#8221;{}&#8221;][et_pb_column type=&#8221;1_4&#8243; _builder_version=&#8221;4.27.4&#8243; _module_preset=&#8221;default&#8221; global_colors_info=&#8221;{}&#8221;][et_pb_code _builder_version=&#8221;4.27.4&#8243; _module_preset=&#8221;default&#8221; global_colors_info=&#8221;{}&#8221;][\/et_pb_code][\/et_pb_column][et_pb_column type=&#8221;3_4&#8243; _builder_version=&#8221;4.24.2&#8243; _module_preset=&#8221;default&#8221; global_colors_info=&#8221;{}&#8221;][et_pb_blog fullwidth=&#8221;off&#8221; include_categories=&#8221;30&#8243; meta_date=&#8221;j-M-Y&#8221; show_thumbnail=&#8221;off&#8221; use_manual_excerpt=&#8221;off&#8221; show_more=&#8221;on&#8221; show_author=&#8221;off&#8221; show_date=&#8221;off&#8221; show_categories=&#8221;off&#8221; show_excerpt=&#8221;off&#8221; _builder_version=&#8221;4.27.4&#8243; _module_preset=&#8221;default&#8221; header_font=&#8221;Syne|700|||||||&#8221; header_text_color=&#8221;#162C51&#8243; header_font_size=&#8221;22px&#8221; meta_font=&#8221;Rubik|300|||||||&#8221; meta_text_color=&#8221;#009798&#8243; meta_font_size=&#8221;18px&#8221; meta_line_height=&#8221;1.4em&#8221; read_more_font=&#8221;Syne||||||||&#8221; read_more_text_color=&#8221;#FFFFFF&#8221; custom_margin=&#8221;||||false|false&#8221; custom_padding=&#8221;||||false|false&#8221; custom_css_main_element=&#8221;.wp-pagenavi {||  display: flex;||  justify-content: center;||  gap: 10px;||  margin-top: 40px;||}||||.wp-pagenavi a, ||.wp-pagenavi span {||  display: inline-flex;||  justify-content: center;||  align-items: center;||  width: 50px;||  height: 50px;||  border: 1px solid #009798;||  border-radius: 8px;||  color: #009798;||  font-family: 'Syne&#8217;, Helvetica, Arial, sans-serif;||  font-weight: bold;||  text-decoration: none;||  transition: all 0.3s ease;||}||||.wp-pagenavi a:hover {||  background-color: #009798;||  color: #fff;||}||||.wp-pagenavi span.current {||  background-color: #009798;||  color: #fff;||  pointer-events: none;||}||&#8221; border_radii=&#8221;on|15px|15px|15px|15px&#8221; border_width_all=&#8221;0px&#8221; box_shadow_style=&#8221;preset1&#8243; box_shadow_blur=&#8221;10px&#8221; global_colors_info=&#8221;{}&#8221;][\/et_pb_blog][\/et_pb_column][\/et_pb_row][\/et_pb_section][et_pb_section fb_built=&#8221;1&#8243; admin_label=&#8221;Footer Section&#8221; _builder_version=&#8221;4.17.4&#8243; use_background_color_gradient=&#8221;on&#8221; background_color_gradient_stops=&#8221;rgba(255,255,255,0) 41%|#ffffff 93%&#8221; background_color_gradient_overlays_image=&#8221;on&#8221; background_image=&#8221;https:\/\/eu-roots.nl\/wp-content\/uploads\/2024\/01\/eu-roots-patricia.jpeg&#8221; background_position=&#8221;bottom_center&#8221; custom_padding=&#8221;90px||90px|&#8221; top_divider_style=&#8221;slant&#8221; top_divider_color=&#8221;#FFFFFF&#8221; top_divider_height=&#8221;50px&#8221; top_divider_flip=&#8221;horizontal&#8221; global_colors_info=&#8221;{}&#8221;][et_pb_row column_structure=&#8221;1_2,1_2&#8243; admin_label=&#8221;Contact Form Area&#8221; _builder_version=&#8221;4.24.2&#8243; max_width=&#8221;1200px&#8221; global_colors_info=&#8221;{}&#8221;][et_pb_column type=&#8221;1_2&#8243; _builder_version=&#8221;4.24.2&#8243; background_color=&#8221;#162C51&#8243; custom_padding=&#8221;50px|50px|50px|50px|true|true&#8221; custom_padding_tablet=&#8221;50px|50px|50px|50px|true|true&#8221; custom_padding_phone=&#8221;25px|25px|25px|25px|true|true&#8221; custom_padding_last_edited=&#8221;on|phone&#8221; border_radii=&#8221;on|7px|7px|7px|7px&#8221; global_colors_info=&#8221;{}&#8221; custom_padding__hover=&#8221;|||&#8221;][et_pb_text admin_label=&#8221;Title&#8221; _builder_version=&#8221;4.24.2&#8243; text_font=&#8221;Work Sans|300|||||||&#8221; text_text_color=&#8221;#009798&#8243; text_font_size=&#8221;24px&#8221; header_font=&#8221;||||||||&#8221; header_2_font=&#8221;Syne|700|||||||&#8221; header_2_text_color=&#8221;#FFFFFF&#8221; header_2_font_size=&#8221;60px&#8221; custom_margin=&#8221;15px||15px||false|false&#8221; custom_padding=&#8221;15px||15px||false|false&#8221; animation_style=&#8221;slide&#8221; animation_direction=&#8221;top&#8221; animation_intensity_slide=&#8221;20%&#8221; animation_starting_opacity=&#8221;100%&#8221; header_2_font_size_tablet=&#8221;42px&#8221; header_2_font_size_phone=&#8221;32px&#8221; header_2_font_size_last_edited=&#8221;on|phone&#8221; border_radii=&#8221;off||||&#8221; global_colors_info=&#8221;{}&#8221;]<\/p>\n<h2><strong>Aplikacja spontaniczna?<\/strong><\/h2>\n<p>Nie ma idealnej oferty pracy dla Ciebie? Zarejestruj si\u0119, a my poszukamy jej dla Ciebie! <\/p>\n<p>[\/et_pb_text][et_pb_button button_url=&#8221;@ET-DC@eyJkeW5hbWljIjp0cnVlLCJjb250ZW50IjoicG9zdF9saW5rX3VybF9wYWdlIiwic2V0dGluZ3MiOnsicG9zdF9pZCI6Ijc5OTgwOCIsImVuYWJsZV9odG1sIjoib2ZmIn19@&#8221; button_text=&#8221;Zarejestrowa\u0107 si\u0119&#8221; button_alignment=&#8221;left&#8221; disabled_on=&#8221;off|off|off&#8221; admin_label=&#8221;Desktop CTA Button&#8221; _builder_version=&#8221;4.24.2&#8243; _dynamic_attributes=&#8221;button_url&#8221; custom_button=&#8221;on&#8221; button_text_size=&#8221;22px&#8221; button_text_color=&#8221;#009798&#8243; button_bg_use_color_gradient=&#8221;on&#8221; button_bg_color_gradient_direction=&#8221;45deg&#8221; button_bg_color_gradient_stops=&#8221;#ffffff 18%|#ffffff 85%|#b2b2b2 100%&#8221; button_border_width=&#8221;0px&#8221; button_border_radius=&#8221;15px&#8221; button_letter_spacing=&#8221;0px&#8221; button_font=&#8221;Syne|700|||||||&#8221; button_use_icon=&#8221;off&#8221; custom_margin=&#8221;|0px|0px|0px|false|false&#8221; custom_padding=&#8221;10px|32px|10px|32px|true|true&#8221; button_text_size_tablet=&#8221;22px&#8221; button_text_size_phone=&#8221;18px&#8221; button_text_size_last_edited=&#8221;on|phone&#8221; locked=&#8221;off&#8221; global_colors_info=&#8221;{}&#8221; button_text_size__hover_enabled=&#8221;off&#8221; button_one_text_size__hover_enabled=&#8221;off&#8221; button_two_text_size__hover_enabled=&#8221;off&#8221; button_text_color__hover_enabled=&#8221;on|hover&#8221; button_one_text_color__hover_enabled=&#8221;off&#8221; button_two_text_color__hover_enabled=&#8221;off&#8221; button_border_width__hover_enabled=&#8221;off&#8221; button_one_border_width__hover_enabled=&#8221;off&#8221; button_two_border_width__hover_enabled=&#8221;off&#8221; button_border_color__hover_enabled=&#8221;off&#8221; button_one_border_color__hover_enabled=&#8221;off&#8221; button_two_border_color__hover_enabled=&#8221;off&#8221; button_border_radius__hover_enabled=&#8221;off&#8221; button_one_border_radius__hover_enabled=&#8221;off&#8221; button_two_border_radius__hover_enabled=&#8221;off&#8221; button_letter_spacing__hover_enabled=&#8221;off&#8221; button_one_letter_spacing__hover_enabled=&#8221;off&#8221; button_two_letter_spacing__hover_enabled=&#8221;off&#8221; button_bg_color__hover_enabled=&#8221;on|hover&#8221; button_one_bg_color__hover_enabled=&#8221;off&#8221; button_two_bg_color__hover_enabled=&#8221;off&#8221; button_bg_color_gradient_stops__hover=&#8221;#009798 0%|#009798 50%|#009798 84%&#8221; button_bg_use_color_gradient__hover=&#8221;on&#8221; button_text_color__hover=&#8221;#FFFFFF&#8221;][\/et_pb_button][\/et_pb_column][et_pb_column type=&#8221;1_2&#8243; _builder_version=&#8221;4.16&#8243; custom_padding=&#8221;|||&#8221; global_colors_info=&#8221;{}&#8221; custom_padding__hover=&#8221;|||&#8221;][\/et_pb_column][\/et_pb_row][\/et_pb_section]<\/p>\n","protected":false},"excerpt":{"rendered":"<p>Oferty pracyEU-Roots sprawia, \u017ce to dzia\u0142a. Co tydzie\u0144 pojawiaj\u0105 si\u0119 nowe oferty pracy. Na przyk\u0142ad istnieje wiele ofert pracy w logistyce, sprz\u0105taniu, produkcji, in\u017cynierii i us\u0142ugach obiektowych. Nie mo\u017cesz znale\u017a\u0107 tego, czego szukasz? Nie ma problemu! Za po\u015brednictwem otwartej aplikacji z przyjemno\u015bci\u0105 b\u0119dziemy wsp\u00f3\u0142pracowa\u0107 z Tob\u0105, aby znale\u017a\u0107 idealn\u0105 prac\u0119!Dost\u0119pne s\u0105 nast\u0119puj\u0105ce wakaty.Aplikacja spontaniczna? Nie [&hellip;]<\/p>\n","protected":false},"author":1,"featured_media":0,"parent":0,"menu_order":0,"comment_status":"closed","ping_status":"closed","template":"","meta":{"_et_pb_use_builder":"on","_et_pb_old_content":"","_et_gb_content_width":"","footnotes":""},"class_list":["post-800661","page","type-page","status-publish","hentry"],"yoast_head":"<!-- This site is optimized with the Yoast SEO plugin v27.4 - https:\/\/yoast.com\/product\/yoast-seo-wordpress\/ -->\n<title>Szukam pracy | EU-Roots<\/title>\n<meta name=\"robots\" content=\"index, follow, max-snippet:-1, max-image-preview:large, max-video-preview:-1\" \/>\n<link rel=\"canonical\" href=\"https:\/\/eu-roots.nl\/pl\/szukam-pracy\/\" \/>\n<meta property=\"og:locale\" content=\"pl_PL\" \/>\n<meta property=\"og:type\" content=\"article\" \/>\n<meta property=\"og:title\" content=\"Szukam pracy | EU-Roots\" \/>\n<meta property=\"og:description\" content=\"Oferty pracyEU-Roots sprawia, \u017ce to dzia\u0142a. Co tydzie\u0144 pojawiaj\u0105 si\u0119 nowe oferty pracy. Na przyk\u0142ad istnieje wiele ofert pracy w logistyce, sprz\u0105taniu, produkcji, in\u017cynierii i us\u0142ugach obiektowych. Nie mo\u017cesz znale\u017a\u0107 tego, czego szukasz? Nie ma problemu! Za po\u015brednictwem otwartej aplikacji z przyjemno\u015bci\u0105 b\u0119dziemy wsp\u00f3\u0142pracowa\u0107 z Tob\u0105, aby znale\u017a\u0107 idealn\u0105 prac\u0119!Dost\u0119pne s\u0105 nast\u0119puj\u0105ce wakaty.Aplikacja spontaniczna? Nie [&hellip;]\" \/>\n<meta property=\"og:url\" content=\"https:\/\/eu-roots.nl\/pl\/szukam-pracy\/\" \/>\n<meta property=\"og:site_name\" content=\"EU-Roots\" \/>\n<meta property=\"article:modified_time\" content=\"2025-06-26T09:46:32+00:00\" \/>\n<meta name=\"twitter:card\" content=\"summary_large_image\" \/>\n<meta name=\"twitter:label1\" content=\"Szacowany czas czytania\" \/>\n\t<meta name=\"twitter:data1\" content=\"7 minut\" \/>\n<script type=\"application\/ld+json\" class=\"yoast-schema-graph\">{\"@context\":\"https:\\\/\\\/schema.org\",\"@graph\":[{\"@type\":\"WebPage\",\"@id\":\"https:\\\/\\\/eu-roots.nl\\\/pl\\\/szukam-pracy\\\/\",\"url\":\"https:\\\/\\\/eu-roots.nl\\\/pl\\\/szukam-pracy\\\/\",\"name\":\"Szukam pracy | EU-Roots\",\"isPartOf\":{\"@id\":\"https:\\\/\\\/eu-roots.nl\\\/pl\\\/#website\"},\"datePublished\":\"2024-03-18T14:21:01+00:00\",\"dateModified\":\"2025-06-26T09:46:32+00:00\",\"breadcrumb\":{\"@id\":\"https:\\\/\\\/eu-roots.nl\\\/pl\\\/szukam-pracy\\\/#breadcrumb\"},\"inLanguage\":\"pl-PL\",\"potentialAction\":[{\"@type\":\"ReadAction\",\"target\":[\"https:\\\/\\\/eu-roots.nl\\\/pl\\\/szukam-pracy\\\/\"]}]},{\"@type\":\"BreadcrumbList\",\"@id\":\"https:\\\/\\\/eu-roots.nl\\\/pl\\\/szukam-pracy\\\/#breadcrumb\",\"itemListElement\":[{\"@type\":\"ListItem\",\"position\":1,\"name\":\"Home\",\"item\":\"https:\\\/\\\/eu-roots.nl\\\/pl\\\/home\\\/\"},{\"@type\":\"ListItem\",\"position\":2,\"name\":\"Szukam pracy\"}]},{\"@type\":\"WebSite\",\"@id\":\"https:\\\/\\\/eu-roots.nl\\\/pl\\\/#website\",\"url\":\"https:\\\/\\\/eu-roots.nl\\\/pl\\\/\",\"name\":\"EU-Roots\",\"description\":\"Uw partner voor flexibele krachten\",\"publisher\":{\"@id\":\"https:\\\/\\\/eu-roots.nl\\\/pl\\\/#organization\"},\"potentialAction\":[{\"@type\":\"SearchAction\",\"target\":{\"@type\":\"EntryPoint\",\"urlTemplate\":\"https:\\\/\\\/eu-roots.nl\\\/pl\\\/?s={search_term_string}\"},\"query-input\":{\"@type\":\"PropertyValueSpecification\",\"valueRequired\":true,\"valueName\":\"search_term_string\"}}],\"inLanguage\":\"pl-PL\"},{\"@type\":\"Organization\",\"@id\":\"https:\\\/\\\/eu-roots.nl\\\/pl\\\/#organization\",\"name\":\"EU-Roots\",\"alternateName\":\"Uitzendbureau in Waalwijk, Tilburg & Eindhoven\",\"url\":\"https:\\\/\\\/eu-roots.nl\\\/pl\\\/\",\"logo\":{\"@type\":\"ImageObject\",\"inLanguage\":\"pl-PL\",\"@id\":\"https:\\\/\\\/eu-roots.nl\\\/pl\\\/#\\\/schema\\\/logo\\\/image\\\/\",\"url\":\"https:\\\/\\\/eu-roots.nl\\\/wp-content\\\/uploads\\\/2024\\\/01\\\/Logo-EU-Roots.png\",\"contentUrl\":\"https:\\\/\\\/eu-roots.nl\\\/wp-content\\\/uploads\\\/2024\\\/01\\\/Logo-EU-Roots.png\",\"width\":1667,\"height\":433,\"caption\":\"EU-Roots\"},\"image\":{\"@id\":\"https:\\\/\\\/eu-roots.nl\\\/pl\\\/#\\\/schema\\\/logo\\\/image\\\/\"}}]}<\/script>\n<!-- \/ Yoast SEO plugin. -->","yoast_head_json":{"title":"Szukam pracy | EU-Roots","robots":{"index":"index","follow":"follow","max-snippet":"max-snippet:-1","max-image-preview":"max-image-preview:large","max-video-preview":"max-video-preview:-1"},"canonical":"https:\/\/eu-roots.nl\/pl\/szukam-pracy\/","og_locale":"pl_PL","og_type":"article","og_title":"Szukam pracy | EU-Roots","og_description":"Oferty pracyEU-Roots sprawia, \u017ce to dzia\u0142a. Co tydzie\u0144 pojawiaj\u0105 si\u0119 nowe oferty pracy. Na przyk\u0142ad istnieje wiele ofert pracy w logistyce, sprz\u0105taniu, produkcji, in\u017cynierii i us\u0142ugach obiektowych. Nie mo\u017cesz znale\u017a\u0107 tego, czego szukasz? Nie ma problemu! Za po\u015brednictwem otwartej aplikacji z przyjemno\u015bci\u0105 b\u0119dziemy wsp\u00f3\u0142pracowa\u0107 z Tob\u0105, aby znale\u017a\u0107 idealn\u0105 prac\u0119!Dost\u0119pne s\u0105 nast\u0119puj\u0105ce wakaty.Aplikacja spontaniczna? Nie [&hellip;]","og_url":"https:\/\/eu-roots.nl\/pl\/szukam-pracy\/","og_site_name":"EU-Roots","article_modified_time":"2025-06-26T09:46:32+00:00","twitter_card":"summary_large_image","twitter_misc":{"Szacowany czas czytania":"7 minut"},"schema":{"@context":"https:\/\/schema.org","@graph":[{"@type":"WebPage","@id":"https:\/\/eu-roots.nl\/pl\/szukam-pracy\/","url":"https:\/\/eu-roots.nl\/pl\/szukam-pracy\/","name":"Szukam pracy | EU-Roots","isPartOf":{"@id":"https:\/\/eu-roots.nl\/pl\/#website"},"datePublished":"2024-03-18T14:21:01+00:00","dateModified":"2025-06-26T09:46:32+00:00","breadcrumb":{"@id":"https:\/\/eu-roots.nl\/pl\/szukam-pracy\/#breadcrumb"},"inLanguage":"pl-PL","potentialAction":[{"@type":"ReadAction","target":["https:\/\/eu-roots.nl\/pl\/szukam-pracy\/"]}]},{"@type":"BreadcrumbList","@id":"https:\/\/eu-roots.nl\/pl\/szukam-pracy\/#breadcrumb","itemListElement":[{"@type":"ListItem","position":1,"name":"Home","item":"https:\/\/eu-roots.nl\/pl\/home\/"},{"@type":"ListItem","position":2,"name":"Szukam pracy"}]},{"@type":"WebSite","@id":"https:\/\/eu-roots.nl\/pl\/#website","url":"https:\/\/eu-roots.nl\/pl\/","name":"EU-Roots","description":"Uw partner voor flexibele krachten","publisher":{"@id":"https:\/\/eu-roots.nl\/pl\/#organization"},"potentialAction":[{"@type":"SearchAction","target":{"@type":"EntryPoint","urlTemplate":"https:\/\/eu-roots.nl\/pl\/?s={search_term_string}"},"query-input":{"@type":"PropertyValueSpecification","valueRequired":true,"valueName":"search_term_string"}}],"inLanguage":"pl-PL"},{"@type":"Organization","@id":"https:\/\/eu-roots.nl\/pl\/#organization","name":"EU-Roots","alternateName":"Uitzendbureau in Waalwijk, Tilburg & Eindhoven","url":"https:\/\/eu-roots.nl\/pl\/","logo":{"@type":"ImageObject","inLanguage":"pl-PL","@id":"https:\/\/eu-roots.nl\/pl\/#\/schema\/logo\/image\/","url":"https:\/\/eu-roots.nl\/wp-content\/uploads\/2024\/01\/Logo-EU-Roots.png","contentUrl":"https:\/\/eu-roots.nl\/wp-content\/uploads\/2024\/01\/Logo-EU-Roots.png","width":1667,"height":433,"caption":"EU-Roots"},"image":{"@id":"https:\/\/eu-roots.nl\/pl\/#\/schema\/logo\/image\/"}}]}},"_links":{"self":[{"href":"https:\/\/eu-roots.nl\/pl\/wp-json\/wp\/v2\/pages\/800661","targetHints":{"allow":["GET"]}}],"collection":[{"href":"https:\/\/eu-roots.nl\/pl\/wp-json\/wp\/v2\/pages"}],"about":[{"href":"https:\/\/eu-roots.nl\/pl\/wp-json\/wp\/v2\/types\/page"}],"author":[{"embeddable":true,"href":"https:\/\/eu-roots.nl\/pl\/wp-json\/wp\/v2\/users\/1"}],"replies":[{"embeddable":true,"href":"https:\/\/eu-roots.nl\/pl\/wp-json\/wp\/v2\/comments?post=800661"}],"version-history":[{"count":12,"href":"https:\/\/eu-roots.nl\/pl\/wp-json\/wp\/v2\/pages\/800661\/revisions"}],"predecessor-version":[{"id":802024,"href":"https:\/\/eu-roots.nl\/pl\/wp-json\/wp\/v2\/pages\/800661\/revisions\/802024"}],"wp:attachment":[{"href":"https:\/\/eu-roots.nl\/pl\/wp-json\/wp\/v2\/media?parent=800661"}],"curies":[{"name":"wp","href":"https:\/\/api.w.org\/{rel}","templated":true}]}}