{"id":801791,"date":"2024-09-25T14:58:42","date_gmt":"2024-09-25T14:58:42","guid":{"rendered":"https:\/\/eu-roots.nl\/polityka-plikow-cookie\/"},"modified":"2025-06-23T09:11:17","modified_gmt":"2025-06-23T09:11:17","slug":"polityka-plikow-cookie","status":"publish","type":"page","link":"https:\/\/eu-roots.nl\/pl\/polityka-plikow-cookie\/","title":{"rendered":"Polityka plik\u00f3w cookie"},"content":{"rendered":"<p>[et_pb_section fb_built=&#8221;1&#8243; admin_label=&#8221;Hoofd&#8221; _builder_version=&#8221;4.24.2&#8243; background_enable_color=&#8221;off&#8221; use_background_color_gradient=&#8221;on&#8221; background_color_gradient_type=&#8221;elliptical&#8221; background_color_gradient_direction_radial=&#8221;bottom right&#8221; background_color_gradient_stops=&#8221;#d11517 0%|#162c51 16%|#162c51 74%|#009798 100%&#8221; background_enable_image=&#8221;off&#8221; custom_margin=&#8221;||||false|false&#8221; custom_padding=&#8221;50px||50px||true|false&#8221; bottom_divider_style=&#8221;slant&#8221; bottom_divider_color=&#8221;#FFFFFF&#8221; bottom_divider_height=&#8221;50px&#8221; bottom_divider_flip=&#8221;horizontal&#8221; bottom_divider_arrangement=&#8221;above_content&#8221; global_colors_info=&#8221;{}&#8221; theme_builder_area=&#8221;post_content&#8221;][et_pb_row admin_label=&#8221;Section Title&#8221; _builder_version=&#8221;4.24.2&#8243; max_width=&#8221;1200px&#8221; custom_margin=&#8221;|||&#8221; custom_padding=&#8221;100px|0px|25px|0px|false|false&#8221; locked=&#8221;off&#8221; global_colors_info=&#8221;{}&#8221; theme_builder_area=&#8221;post_content&#8221;][et_pb_column type=&#8221;4_4&#8243; _builder_version=&#8221;4.16&#8243; custom_padding=&#8221;|||&#8221; global_colors_info=&#8221;{}&#8221; custom_padding__hover=&#8221;|||&#8221; theme_builder_area=&#8221;post_content&#8221;][et_pb_text admin_label=&#8221;Title&#8221; _builder_version=&#8221;4.24.2&#8243; text_font=&#8221;Rubik|300|||||||&#8221; text_text_color=&#8221;#D11517&#8243; text_font_size=&#8221;32px&#8221; header_font=&#8221;Syne|600|||||||&#8221; header_text_color=&#8221;#FFFFFF&#8221; header_font_size=&#8221;6vw&#8221; header_2_font=&#8221;Work Sans|900|||||||&#8221; header_2_text_align=&#8221;left&#8221; header_2_text_color=&#8221;#162C51&#8243; header_2_font_size=&#8221;4vw&#8221; header_5_font=&#8221;Work Sans|300|||||||&#8221; header_5_text_color=&#8221;#D11517&#8243; header_5_font_size=&#8221;32px&#8221; custom_margin=&#8221;||5px|&#8221; animation_style=&#8221;slide&#8221; animation_direction=&#8221;top&#8221; animation_intensity_slide=&#8221;20%&#8221; animation_starting_opacity=&#8221;100%&#8221; hover_enabled=&#8221;0&#8243; header_5_font_size_tablet=&#8221;26px&#8221; header_5_font_size_phone=&#8221;22px&#8221; header_5_font_size_last_edited=&#8221;on|phone&#8221; global_colors_info=&#8221;{}&#8221; theme_builder_area=&#8221;post_content&#8221; sticky_enabled=&#8221;0&#8243;]<\/p>\n<h1>Polityka plik\u00f3w cookie<\/h1>\n<p>EU-Roots.<\/p>\n<p>[\/et_pb_text][et_pb_divider show_divider=&#8221;off&#8221; _builder_version=&#8221;4.16&#8243; max_width=&#8221;23px&#8221; module_alignment=&#8221;center&#8221; animation_style=&#8221;slide&#8221; animation_direction=&#8221;top&#8221; animation_intensity_slide=&#8221;20%&#8221; animation_starting_opacity=&#8221;100%&#8221; global_colors_info=&#8221;{}&#8221; theme_builder_area=&#8221;post_content&#8221;][\/et_pb_divider][\/et_pb_column][\/et_pb_row][\/et_pb_section][et_pb_section fb_built=&#8221;1&#8243; admin_label=&#8221;About Section&#8221; _builder_version=&#8221;4.24.2&#8243; background_color=&#8221;#FFFFFF&#8221; custom_margin=&#8221;50px||||false|false&#8221; custom_padding=&#8221;60px||||false|false&#8221; bottom_divider_color=&#8221;#162C51&#8243; bottom_divider_height=&#8221;50px&#8221; bottom_divider_flip=&#8221;horizontal&#8221; global_colors_info=&#8221;{}&#8221; theme_builder_area=&#8221;post_content&#8221;][et_pb_row column_structure=&#8221;3_4,1_4&#8243; admin_label=&#8221;Section Title&#8221; _builder_version=&#8221;4.24.2&#8243; max_width=&#8221;1200px&#8221; custom_margin=&#8221;|||&#8221; custom_padding=&#8221;27px|0px|27px|0px&#8221; locked=&#8221;off&#8221; global_colors_info=&#8221;{}&#8221; theme_builder_area=&#8221;post_content&#8221;][et_pb_column type=&#8221;3_4&#8243; _builder_version=&#8221;4.16&#8243; custom_padding=&#8221;|||&#8221; global_colors_info=&#8221;{}&#8221; custom_padding__hover=&#8221;|||&#8221; theme_builder_area=&#8221;post_content&#8221;][et_pb_text admin_label=&#8221;Title&#8221; _builder_version=&#8221;4.24.2&#8243; text_font=&#8221;Rubik|300|||||||&#8221; text_text_color=&#8221;#162C51&#8243; text_font_size=&#8221;18px&#8221; text_line_height=&#8221;1.6em&#8221; link_font=&#8221;||||on|||#009798|&#8221; link_text_color=&#8221;#333333&#8243; header_font=&#8221;||||||||&#8221; header_2_font=&#8221;Syne|600|||||||&#8221; header_2_text_align=&#8221;left&#8221; header_2_text_color=&#8221;#009798&#8243; header_2_font_size=&#8221;30px&#8221; text_orientation=&#8221;justified&#8221; module_alignment=&#8221;left&#8221; custom_margin=&#8221;||0px||false|false&#8221; animation_direction=&#8221;top&#8221; hover_enabled=&#8221;0&#8243; global_colors_info=&#8221;{}&#8221; theme_builder_area=&#8221;post_content&#8221; sticky_enabled=&#8221;0&#8243;]<\/p>\n<p><i>Niniejsza Polityka dotycz\u0105ca plik\u00f3w cookie zosta\u0142a ostatnio zaktualizowana 25 wrze\u015bnia 2023 r. i ma zastosowanie do obywateli i legalnych sta\u0142ych mieszka\u0144c\u00f3w Europejskiego Obszaru Gospodarczego i Szwajcarii.<\/i><\/p>\n<h2>1. Wprowadzenie<\/h2>\n<p>Na naszej stronie,<span> <\/span><a href=\"https:\/\/eu-roots.nl\/pl\/\">https:\/\/eu-roots.nl<\/a><span> <\/span>(zwana dalej \u201eWitryn\u0105\u201d) wykorzystuje pliki cookie i inne powi\u0105zane techniki. (Dla wygody wszystkie techniki zwane s\u0105 dalej \u201eplikami cookie\u201d). Pliki cookie s\u0105 r\u00f3wnie\u017c ustawiane przez zaanga\u017cowane przez nas strony trzecie. W poni\u017cszym dokumencie informujemy o korzystaniu z plik\u00f3w cookie w naszej Witrynie.   <\/p>\n<h2>2. Czym s\u0105 pliki cookie?<\/h2>\n<p>Plik cookie to prosty, niewielki plik wysy\u0142any wraz ze stronami tej witryny i przechowywany przez przegl\u0105dark\u0119 na dysku twardym komputera lub innego urz\u0105dzenia. Zapisane w nim informacje mog\u0105 zosta\u0107 przes\u0142ane z powrotem na nasze serwery lub serwery odpowiednich stron trzecich przy nast\u0119pnej wizycie u\u017cytkownika. <\/p>\n<h2>3. Czym s\u0105 skrypty?<\/h2>\n<p>Skrypt to fragment kodu programu u\u017cywany do prawid\u0142owego i interaktywnego dzia\u0142ania naszej witryny. Kod ten jest wykonywany na naszym serwerze lub na urz\u0105dzeniu u\u017cytkownika. <\/p>\n<h2>4. Co to jest sygnalizator internetowy?<\/h2>\n<p>Sygna\u0142 nawigacyjny (r\u00f3wnie\u017c znacznik pikselowy) to ma\u0142y, niewidoczny fragment tekstu lub obrazu w witrynie, kt\u00f3ry s\u0142u\u017cy do mapowania ruchu w witrynie. W tym celu sygna\u0142y nawigacyjne s\u0105 u\u017cywane do przechowywania r\u00f3\u017cnych danych o u\u017cytkowniku. <\/p>\n<h2>5. Pliki cookie<\/h2>\n<p class=\"cmplz-subtitle\">5.1 Techniczne lub funkcjonalne pliki cookie<\/p>\n<p>Niekt\u00f3re pliki cookie zapewniaj\u0105 prawid\u0142owe dzia\u0142anie niekt\u00f3rych cz\u0119\u015bci witryny i zachowanie preferencji u\u017cytkownika. Ustawiaj\u0105c funkcjonalne pliki cookie, u\u0142atwiamy odwiedzanie naszej witryny. W ten spos\u00f3b u\u017cytkownik nie musi na przyk\u0142ad wprowadza\u0107 tych samych informacji za ka\u017cdym razem, gdy odwiedza nasz\u0105 witryn\u0119, i mo\u017cliwe jest zapisanie produkt\u00f3w w koszyku do momentu dokonania p\u0142atno\u015bci. Mo\u017cemy umieszcza\u0107 te pliki cookie bez zgody u\u017cytkownika.   <\/p>\n<p class=\"cmplz-subtitle\">5.2 Statystyczne pliki cookie<\/p>\n<p>U\u017cywamy statystycznych plik\u00f3w cookie, aby zoptymalizowa\u0107 do\u015bwiadczenia naszych u\u017cytkownik\u00f3w. Dzi\u0119ki statystycznym plikom cookie uzyskujemy wgl\u0105d w korzystanie z naszej witryny. Prosimy o zgod\u0119 na umieszczanie statystycznych plik\u00f3w cookie.  <\/p>\n<p class=\"cmplz-subtitle\">5.3 Marketingowe\/\u015bledz\u0105ce pliki cookie<\/p>\n<p>Marketingowe\/\u015bledz\u0105ce pliki cookie to pliki cookie lub wszelkie inne formy lokalnego przechowywania danych wykorzystywane do tworzenia profili u\u017cytkownik\u00f3w w celu wy\u015bwietlania reklam lub \u015bledzenia u\u017cytkownika w tej lub r\u00f3\u017cnych witrynach w podobnych celach marketingowych.<\/p>\n<p class=\"cmplz-subtitle\">5.4 Media spo\u0142eczno\u015bciowe<\/p>\n<p>W naszej witrynie zamie\u015bcili\u015bmy tre\u015bci umo\u017cliwiaj\u0105ce promowanie (np. \u201epolubienie\u201d, \u201eprzypi\u0119cie\u201d) lub udost\u0119pnianie (np. \u201etweetowanie\u201d) stron internetowych w sieciach spo\u0142eczno\u015bciowych. Tre\u015bci te s\u0105 osadzone z kodem pochodz\u0105cym od stron trzecich i ustawiaj\u0105 pliki cookie. Tre\u015bci te mog\u0105 przechowywa\u0107 i przetwarza\u0107 okre\u015blone informacje na potrzeby spersonalizowanej reklamy.  <\/p>\n<p>Prosimy o zapoznanie si\u0119 z o\u015bwiadczeniami o ochronie prywatno\u015bci tych stron (kt\u00f3re mog\u0105 si\u0119 regularnie zmienia\u0107), aby dowiedzie\u0107 si\u0119, co robi\u0105 one z danymi (osobowymi) u\u017cytkownika, kt\u00f3re przetwarzaj\u0105 za po\u015brednictwem tych plik\u00f3w cookie. Gromadzone przez nie informacje s\u0105 w miar\u0119 mo\u017cliwo\u015bci anonimizowane. <\/p>\n<h2>6. Zgoda<\/h2>\n<p>Gdy u\u017cytkownik odwiedza nasz\u0105 witryn\u0119 po raz pierwszy, wy\u015bwietlamy wyskakuj\u0105ce okienko z obja\u015bnieniami dotycz\u0105cymi plik\u00f3w cookie. Po klikni\u0119ciu przycisku \u201eZapisz preferencje\u201d u\u017cytkownik zezwala nam na korzystanie z kategorii plik\u00f3w cookie i wtyczek wybranych w wyskakuj\u0105cym okienku i opisanych w Polityce plik\u00f3w cookie. U\u017cytkownik mo\u017ce wy\u0142\u0105czy\u0107 ustawienia plik\u00f3w cookie za po\u015brednictwem przegl\u0105darki, ale nale\u017cy pami\u0119ta\u0107, \u017ce mo\u017ce to uniemo\u017cliwi\u0107 optymalne dzia\u0142anie naszej witryny.  <\/p>\n<h2>7. W\u0142\u0105czanie\/wy\u0142\u0105czanie i usuwanie plik\u00f3w cookie<\/h2>\n<p>Przegl\u0105darka internetowa umo\u017cliwia automatyczne lub r\u0119czne usuwanie plik\u00f3w cookie. Mo\u017cna r\u00f3wnie\u017c okre\u015bli\u0107, \u017ce niekt\u00f3re pliki cookie nie powinny by\u0107 umieszczane. Alternatywnie mo\u017cna ustawi\u0107 przegl\u0105dark\u0119 internetow\u0105 tak, aby powiadamia\u0142a u\u017cytkownika o ustawieniu pliku cookie. Wi\u0119cej informacji na temat tych opcji mo\u017cna znale\u017a\u0107 w instrukcjach funkcji pomocy przegl\u0105darki.   <\/p>\n<p>Nale\u017cy pami\u0119ta\u0107, \u017ce nasza witryna mo\u017ce nie dzia\u0142a\u0107 optymalnie, je\u015bli wszystkie pliki cookie s\u0105 wy\u0142\u0105czone. Je\u015bli u\u017cytkownik usunie pliki cookie w przegl\u0105darce, zostan\u0105 one ponownie umieszczone podczas kolejnej wizyty na naszych stronach po uzyskaniu zgody u\u017cytkownika. <\/p>\n<h2>8. Prawa u\u017cytkownika w odniesieniu do danych osobowych<\/h2>\n<p>U\u017cytkownikowi przys\u0142uguj\u0105 nast\u0119puj\u0105ce prawa dotycz\u0105ce jego danych osobowych:<\/p>\n<ul>\n<li>U\u017cytkownik ma prawo wiedzie\u0107, dlaczego jego dane osobowe s\u0105 potrzebne, co si\u0119 z nimi dzieje i jak d\u0142ugo s\u0105 przechowywane.<\/li>\n<li>Prawo dost\u0119pu: u\u017cytkownik mo\u017ce za\u017c\u0105da\u0107 wgl\u0105du do przetwarzanych przez nas jego danych.<\/li>\n<li>Prawo do poprawiania i uzupe\u0142niania: u\u017cytkownik ma prawo do uzupe\u0142niania, poprawiania, usuwania lub blokowania swoich danych osobowych w dowolnym momencie.<\/li>\n<li>Je\u015bli u\u017cytkownik wyrazi zgod\u0119 na przetwarzanie swoich danych, ma prawo do wycofania tej zgody i usuni\u0119cia swoich danych osobowych.<\/li>\n<li>Prawo do przenoszenia danych: u\u017cytkownik ma prawo za\u017c\u0105da\u0107 od administratora wszystkich swoich danych osobowych i przekaza\u0107 je w ca\u0142o\u015bci innemu administratorowi.<\/li>\n<li>Prawo do sprzeciwu: u\u017cytkownik mo\u017ce sprzeciwi\u0107 si\u0119 przetwarzaniu jego danych. Zastosujemy si\u0119 do tego, chyba \u017ce istniej\u0105 uzasadnione podstawy do przetwarzania. <\/li>\n<\/ul>\n<p>Aby skorzysta\u0107 z tych praw, skontaktuj si\u0119 z nami. Informacje kontaktowe znajduj\u0105 si\u0119 na dole niniejszej polityki dotycz\u0105cej plik\u00f3w cookie. Je\u015bli masz skarg\u0119 dotycz\u0105c\u0105 sposobu, w jaki obchodzimy si\u0119 z Twoimi danymi, chcieliby\u015bmy us\u0142ysze\u0107 od Ciebie, ale masz r\u00f3wnie\u017c prawo do z\u0142o\u017cenia skargi do organu regulacyjnego (organu ds. danych osobowych).  <\/p>\n<h2>9. Informacje kontaktowe<\/h2>\n<p>W przypadku pyta\u0144 i\/lub komentarzy dotycz\u0105cych naszej Polityki plik\u00f3w cookie i niniejszego o\u015bwiadczenia, prosimy o kontakt pod nast\u0119puj\u0105cymi danymi kontaktowymi:<\/p>\n<p><span class=\"cmplz-contact-address\"><b>EU-Roots<br \/><\/b>Elzenweg 33a<br \/><\/span> 5144<span class=\"cmplz-contact-address\">MB Waalwijk<\/span><br \/><span class=\"cmplz-contact-country\">Holandia<br \/><\/span>E-mail: <a href=\"mailto:info@eu-roots.nl\">info@eu-roots.nl<\/a> <\/p>\n<p>[\/et_pb_text][et_pb_button button_text=&#8221;Home&#8221; button_alignment=&#8221;left&#8221; disabled_on=&#8221;on|on|off&#8221; admin_label=&#8221;Desktop CTA Button&#8221; _builder_version=&#8221;4.24.2&#8243; custom_button=&#8221;on&#8221; button_text_size=&#8221;22px&#8221; button_text_color=&#8221;#ffffff&#8221; button_bg_use_color_gradient=&#8221;on&#8221; button_bg_color_gradient_direction=&#8221;45deg&#8221; button_bg_color_gradient_stops=&#8221;#162c51 17%|#009798 75%|#d11517 100%&#8221; button_border_width=&#8221;0px&#8221; button_border_radius=&#8221;15px&#8221; button_letter_spacing=&#8221;0px&#8221; button_font=&#8221;Syne|700|||||||&#8221; button_use_icon=&#8221;off&#8221; custom_margin=&#8221;25px|0px|25px||true|false&#8221; custom_padding=&#8221;10px|32px|10px|32px|true|true&#8221; hover_enabled=&#8221;0&#8243; locked=&#8221;off&#8221; global_colors_info=&#8221;{}&#8221; button_text_size__hover_enabled=&#8221;off&#8221; button_one_text_size__hover_enabled=&#8221;off&#8221; button_two_text_size__hover_enabled=&#8221;off&#8221; button_text_color__hover_enabled=&#8221;off&#8221; button_one_text_color__hover_enabled=&#8221;off&#8221; button_two_text_color__hover_enabled=&#8221;off&#8221; button_border_width__hover_enabled=&#8221;off&#8221; button_one_border_width__hover_enabled=&#8221;off&#8221; button_two_border_width__hover_enabled=&#8221;off&#8221; button_border_color__hover_enabled=&#8221;off&#8221; button_one_border_color__hover_enabled=&#8221;off&#8221; button_two_border_color__hover_enabled=&#8221;off&#8221; button_border_radius__hover_enabled=&#8221;off&#8221; button_one_border_radius__hover_enabled=&#8221;off&#8221; button_two_border_radius__hover_enabled=&#8221;off&#8221; button_letter_spacing__hover_enabled=&#8221;off&#8221; button_one_letter_spacing__hover_enabled=&#8221;off&#8221; button_two_letter_spacing__hover_enabled=&#8221;off&#8221; button_bg_color__hover_enabled=&#8221;on|hover&#8221; button_one_bg_color__hover_enabled=&#8221;off&#8221; button_two_bg_color__hover_enabled=&#8221;off&#8221; button_bg_color_gradient_stops__hover=&#8221;#009798 0%|#009798 50%|#162c51 84%&#8221; button_bg_use_color_gradient__hover=&#8221;on&#8221; theme_builder_area=&#8221;post_content&#8221; button_url=&#8221;@ET-DC@eyJkeW5hbWljIjp0cnVlLCJjb250ZW50IjoicG9zdF9saW5rX3VybF9wYWdlIiwic2V0dGluZ3MiOnsicG9zdF9pZCI6IjYifX0=@&#8221; _dynamic_attributes=&#8221;button_url&#8221; sticky_enabled=&#8221;0&#8243;][\/et_pb_button][et_pb_divider show_divider=&#8221;off&#8221; _builder_version=&#8221;4.16&#8243; max_width=&#8221;23px&#8221; module_alignment=&#8221;center&#8221; animation_style=&#8221;slide&#8221; animation_direction=&#8221;top&#8221; animation_intensity_slide=&#8221;20%&#8221; animation_starting_opacity=&#8221;100%&#8221; global_colors_info=&#8221;{}&#8221; theme_builder_area=&#8221;post_content&#8221;][\/et_pb_divider][\/et_pb_column][et_pb_column type=&#8221;1_4&#8243; _builder_version=&#8221;4.16&#8243; custom_padding=&#8221;|||&#8221; global_colors_info=&#8221;{}&#8221; custom_padding__hover=&#8221;|||&#8221; theme_builder_area=&#8221;post_content&#8221;][\/et_pb_column][\/et_pb_row][\/et_pb_section]<\/p>\n","protected":false},"excerpt":{"rendered":"<p>Polityka plik\u00f3w cookie EU-Roots.Niniejsza Polityka dotycz\u0105ca plik\u00f3w cookie zosta\u0142a ostatnio zaktualizowana 25 wrze\u015bnia 2023 r. i ma zastosowanie do obywateli i legalnych sta\u0142ych mieszka\u0144c\u00f3w Europejskiego Obszaru Gospodarczego i Szwajcarii. 1. Wprowadzenie Na naszej stronie, https:\/\/eu-roots.nl (zwana dalej \u201eWitryn\u0105\u201d) wykorzystuje pliki cookie i inne powi\u0105zane techniki. (Dla wygody wszystkie techniki zwane s\u0105 dalej \u201eplikami cookie\u201d). Pliki [&hellip;]<\/p>\n","protected":false},"author":1,"featured_media":0,"parent":0,"menu_order":0,"comment_status":"closed","ping_status":"closed","template":"","meta":{"_et_pb_use_builder":"on","_et_pb_old_content":"","_et_gb_content_width":"","footnotes":""},"class_list":["post-801791","page","type-page","status-publish","hentry"],"yoast_head":"<!-- This site is optimized with the Yoast SEO plugin v27.3 - https:\/\/yoast.com\/product\/yoast-seo-wordpress\/ -->\n<title>Polityka plik\u00f3w cookie | EU-Roots<\/title>\n<meta name=\"robots\" content=\"noindex, follow\" \/>\n<meta property=\"og:locale\" content=\"pl_PL\" \/>\n<meta property=\"og:type\" content=\"article\" \/>\n<meta property=\"og:title\" content=\"Polityka plik\u00f3w cookie | EU-Roots\" \/>\n<meta property=\"og:description\" content=\"Polityka plik\u00f3w cookie EU-Roots.Niniejsza Polityka dotycz\u0105ca plik\u00f3w cookie zosta\u0142a ostatnio zaktualizowana 25 wrze\u015bnia 2023 r. i ma zastosowanie do obywateli i legalnych sta\u0142ych mieszka\u0144c\u00f3w Europejskiego Obszaru Gospodarczego i Szwajcarii. 1. Wprowadzenie Na naszej stronie, https:\/\/eu-roots.nl (zwana dalej \u201eWitryn\u0105\u201d) wykorzystuje pliki cookie i inne powi\u0105zane techniki. (Dla wygody wszystkie techniki zwane s\u0105 dalej \u201eplikami cookie\u201d). Pliki [&hellip;]\" \/>\n<meta property=\"og:url\" content=\"https:\/\/eu-roots.nl\/pl\/polityka-plikow-cookie\/\" \/>\n<meta property=\"og:site_name\" content=\"EU-Roots\" \/>\n<meta property=\"article:modified_time\" content=\"2025-06-23T09:11:17+00:00\" \/>\n<meta name=\"twitter:card\" content=\"summary_large_image\" \/>\n<meta name=\"twitter:label1\" content=\"Szacowany czas czytania\" \/>\n\t<meta name=\"twitter:data1\" content=\"9 minut\" \/>\n<script type=\"application\/ld+json\" class=\"yoast-schema-graph\">{\"@context\":\"https:\\\/\\\/schema.org\",\"@graph\":[{\"@type\":\"WebPage\",\"@id\":\"https:\\\/\\\/eu-roots.nl\\\/pl\\\/polityka-plikow-cookie\\\/\",\"url\":\"https:\\\/\\\/eu-roots.nl\\\/pl\\\/polityka-plikow-cookie\\\/\",\"name\":\"Polityka plik\u00f3w cookie | EU-Roots\",\"isPartOf\":{\"@id\":\"https:\\\/\\\/eu-roots.nl\\\/pl\\\/#website\"},\"datePublished\":\"2024-09-25T14:58:42+00:00\",\"dateModified\":\"2025-06-23T09:11:17+00:00\",\"breadcrumb\":{\"@id\":\"https:\\\/\\\/eu-roots.nl\\\/pl\\\/polityka-plikow-cookie\\\/#breadcrumb\"},\"inLanguage\":\"pl-PL\",\"potentialAction\":[{\"@type\":\"ReadAction\",\"target\":[\"https:\\\/\\\/eu-roots.nl\\\/pl\\\/polityka-plikow-cookie\\\/\"]}]},{\"@type\":\"BreadcrumbList\",\"@id\":\"https:\\\/\\\/eu-roots.nl\\\/pl\\\/polityka-plikow-cookie\\\/#breadcrumb\",\"itemListElement\":[{\"@type\":\"ListItem\",\"position\":1,\"name\":\"Home\",\"item\":\"https:\\\/\\\/eu-roots.nl\\\/pl\\\/home\\\/\"},{\"@type\":\"ListItem\",\"position\":2,\"name\":\"Polityka plik\u00f3w cookie\"}]},{\"@type\":\"WebSite\",\"@id\":\"https:\\\/\\\/eu-roots.nl\\\/pl\\\/#website\",\"url\":\"https:\\\/\\\/eu-roots.nl\\\/pl\\\/\",\"name\":\"EU-Roots\",\"description\":\"Uw partner voor flexibele krachten\",\"publisher\":{\"@id\":\"https:\\\/\\\/eu-roots.nl\\\/pl\\\/#organization\"},\"potentialAction\":[{\"@type\":\"SearchAction\",\"target\":{\"@type\":\"EntryPoint\",\"urlTemplate\":\"https:\\\/\\\/eu-roots.nl\\\/pl\\\/?s={search_term_string}\"},\"query-input\":{\"@type\":\"PropertyValueSpecification\",\"valueRequired\":true,\"valueName\":\"search_term_string\"}}],\"inLanguage\":\"pl-PL\"},{\"@type\":\"Organization\",\"@id\":\"https:\\\/\\\/eu-roots.nl\\\/pl\\\/#organization\",\"name\":\"EU-Roots\",\"alternateName\":\"Uitzendbureau in Waalwijk, Tilburg & Eindhoven\",\"url\":\"https:\\\/\\\/eu-roots.nl\\\/pl\\\/\",\"logo\":{\"@type\":\"ImageObject\",\"inLanguage\":\"pl-PL\",\"@id\":\"https:\\\/\\\/eu-roots.nl\\\/pl\\\/#\\\/schema\\\/logo\\\/image\\\/\",\"url\":\"https:\\\/\\\/eu-roots.nl\\\/wp-content\\\/uploads\\\/2024\\\/01\\\/Logo-EU-Roots.png\",\"contentUrl\":\"https:\\\/\\\/eu-roots.nl\\\/wp-content\\\/uploads\\\/2024\\\/01\\\/Logo-EU-Roots.png\",\"width\":1667,\"height\":433,\"caption\":\"EU-Roots\"},\"image\":{\"@id\":\"https:\\\/\\\/eu-roots.nl\\\/pl\\\/#\\\/schema\\\/logo\\\/image\\\/\"}}]}<\/script>\n<!-- \/ Yoast SEO plugin. -->","yoast_head_json":{"title":"Polityka plik\u00f3w cookie | EU-Roots","robots":{"index":"noindex","follow":"follow"},"og_locale":"pl_PL","og_type":"article","og_title":"Polityka plik\u00f3w cookie | EU-Roots","og_description":"Polityka plik\u00f3w cookie EU-Roots.Niniejsza Polityka dotycz\u0105ca plik\u00f3w cookie zosta\u0142a ostatnio zaktualizowana 25 wrze\u015bnia 2023 r. i ma zastosowanie do obywateli i legalnych sta\u0142ych mieszka\u0144c\u00f3w Europejskiego Obszaru Gospodarczego i Szwajcarii. 1. Wprowadzenie Na naszej stronie, https:\/\/eu-roots.nl (zwana dalej \u201eWitryn\u0105\u201d) wykorzystuje pliki cookie i inne powi\u0105zane techniki. (Dla wygody wszystkie techniki zwane s\u0105 dalej \u201eplikami cookie\u201d). Pliki [&hellip;]","og_url":"https:\/\/eu-roots.nl\/pl\/polityka-plikow-cookie\/","og_site_name":"EU-Roots","article_modified_time":"2025-06-23T09:11:17+00:00","twitter_card":"summary_large_image","twitter_misc":{"Szacowany czas czytania":"9 minut"},"schema":{"@context":"https:\/\/schema.org","@graph":[{"@type":"WebPage","@id":"https:\/\/eu-roots.nl\/pl\/polityka-plikow-cookie\/","url":"https:\/\/eu-roots.nl\/pl\/polityka-plikow-cookie\/","name":"Polityka plik\u00f3w cookie | EU-Roots","isPartOf":{"@id":"https:\/\/eu-roots.nl\/pl\/#website"},"datePublished":"2024-09-25T14:58:42+00:00","dateModified":"2025-06-23T09:11:17+00:00","breadcrumb":{"@id":"https:\/\/eu-roots.nl\/pl\/polityka-plikow-cookie\/#breadcrumb"},"inLanguage":"pl-PL","potentialAction":[{"@type":"ReadAction","target":["https:\/\/eu-roots.nl\/pl\/polityka-plikow-cookie\/"]}]},{"@type":"BreadcrumbList","@id":"https:\/\/eu-roots.nl\/pl\/polityka-plikow-cookie\/#breadcrumb","itemListElement":[{"@type":"ListItem","position":1,"name":"Home","item":"https:\/\/eu-roots.nl\/pl\/home\/"},{"@type":"ListItem","position":2,"name":"Polityka plik\u00f3w cookie"}]},{"@type":"WebSite","@id":"https:\/\/eu-roots.nl\/pl\/#website","url":"https:\/\/eu-roots.nl\/pl\/","name":"EU-Roots","description":"Uw partner voor flexibele krachten","publisher":{"@id":"https:\/\/eu-roots.nl\/pl\/#organization"},"potentialAction":[{"@type":"SearchAction","target":{"@type":"EntryPoint","urlTemplate":"https:\/\/eu-roots.nl\/pl\/?s={search_term_string}"},"query-input":{"@type":"PropertyValueSpecification","valueRequired":true,"valueName":"search_term_string"}}],"inLanguage":"pl-PL"},{"@type":"Organization","@id":"https:\/\/eu-roots.nl\/pl\/#organization","name":"EU-Roots","alternateName":"Uitzendbureau in Waalwijk, Tilburg & Eindhoven","url":"https:\/\/eu-roots.nl\/pl\/","logo":{"@type":"ImageObject","inLanguage":"pl-PL","@id":"https:\/\/eu-roots.nl\/pl\/#\/schema\/logo\/image\/","url":"https:\/\/eu-roots.nl\/wp-content\/uploads\/2024\/01\/Logo-EU-Roots.png","contentUrl":"https:\/\/eu-roots.nl\/wp-content\/uploads\/2024\/01\/Logo-EU-Roots.png","width":1667,"height":433,"caption":"EU-Roots"},"image":{"@id":"https:\/\/eu-roots.nl\/pl\/#\/schema\/logo\/image\/"}}]}},"_links":{"self":[{"href":"https:\/\/eu-roots.nl\/pl\/wp-json\/wp\/v2\/pages\/801791","targetHints":{"allow":["GET"]}}],"collection":[{"href":"https:\/\/eu-roots.nl\/pl\/wp-json\/wp\/v2\/pages"}],"about":[{"href":"https:\/\/eu-roots.nl\/pl\/wp-json\/wp\/v2\/types\/page"}],"author":[{"embeddable":true,"href":"https:\/\/eu-roots.nl\/pl\/wp-json\/wp\/v2\/users\/1"}],"replies":[{"embeddable":true,"href":"https:\/\/eu-roots.nl\/pl\/wp-json\/wp\/v2\/comments?post=801791"}],"version-history":[{"count":2,"href":"https:\/\/eu-roots.nl\/pl\/wp-json\/wp\/v2\/pages\/801791\/revisions"}],"predecessor-version":[{"id":801793,"href":"https:\/\/eu-roots.nl\/pl\/wp-json\/wp\/v2\/pages\/801791\/revisions\/801793"}],"wp:attachment":[{"href":"https:\/\/eu-roots.nl\/pl\/wp-json\/wp\/v2\/media?parent=801791"}],"curies":[{"name":"wp","href":"https:\/\/api.w.org\/{rel}","templated":true}]}}