{"id":802664,"date":"2024-03-18T21:56:19","date_gmt":"2024-03-18T21:56:19","guid":{"rendered":"https:\/\/eu-roots.nl\/disclaimer\/"},"modified":"2025-09-25T07:13:19","modified_gmt":"2025-09-25T07:13:19","slug":"disclaimer","status":"publish","type":"page","link":"https:\/\/eu-roots.nl\/ro\/disclaimer\/","title":{"rendered":"Disclaimer"},"content":{"rendered":"<p>[et_pb_section fb_built=&#8221;1&#8243; admin_label=&#8221;Hoofd&#8221; _builder_version=&#8221;4.24.2&#8243; background_enable_color=&#8221;off&#8221; use_background_color_gradient=&#8221;on&#8221; background_color_gradient_type=&#8221;elliptical&#8221; background_color_gradient_direction_radial=&#8221;bottom right&#8221; background_color_gradient_stops=&#8221;#d11517 0%|#162c51 16%|#162c51 74%|#009798 100%&#8221; background_enable_image=&#8221;off&#8221; custom_margin=&#8221;||||false|false&#8221; custom_padding=&#8221;50px||50px||true|false&#8221; bottom_divider_style=&#8221;slant&#8221; bottom_divider_color=&#8221;#FFFFFF&#8221; bottom_divider_height=&#8221;50px&#8221; bottom_divider_flip=&#8221;horizontal&#8221; bottom_divider_arrangement=&#8221;above_content&#8221; global_colors_info=&#8221;{}&#8221;][et_pb_row admin_label=&#8221;Titlul sec\u021biunii&#8221; _builder_version=&#8221;4.24.2&#8243; max_width=&#8221;1200px&#8221; custom_margin=&#8221;|||&#8221; custom_padding=&#8221;100px|0px|25px|0px|false|false&#8221; locked=&#8221;off&#8221; global_colors_info=&#8221;{}&#8221;][et_pb_column type=&#8221;4_4&#8243; _builder_version=&#8221;4.16&#8243; custom_padding=&#8221;|||&#8221; global_colors_info=&#8221;{}&#8221; custom_padding__hover=&#8221;|||&#8221;][et_pb_text admin_label=&#8221;Title&#8221; _builder_version=&#8221;4.24.2&#8243; text_font=&#8221;Rubik|300|||||||&#8221; text_text_color=&#8221;#D11517&#8243; text_font_size=&#8221;32px&#8221; header_font=&#8221;Syne|600|||||||&#8221; header_text_color=&#8221;#FFFFFF&#8221; header_font_size=&#8221;6vw&#8221; header_2_font=&#8221;Work Sans|900|||||||&#8221; header_2_text_align=&#8221;left&#8221; header_2_text_color=&#8221;#162C51&#8243; header_2_font_size=&#8221;4vw&#8221; header_5_font=&#8221;Work Sans|300|||||||&#8221; header_5_text_color=&#8221;#D11517&#8243; header_5_font_size=&#8221;32px&#8221; custom_margin=&#8221;||5px|&#8221; animation_style=&#8221;slide&#8221; animation_direction=&#8221;top&#8221; animation_intensity_slide=&#8221;20%&#8221; animation_starting_opacity=&#8221;100%&#8221; header_5_font_size_tablet=&#8221;26px&#8221; header_5_font_size_phone=&#8221;22px&#8221; header_5_font_size_last_edited=&#8221;on|phone&#8221; global_colors_info=&#8221;{}&#8221;]<\/p>\n<h1>Disclaimer<\/h1>\n<p>EU-Roots.<\/p>\n<p>[\/et_pb_text][et_pb_divider show_divider=&#8221;off&#8221; _builder_version=&#8221;4.16&#8243; max_width=&#8221;23px&#8221; module_alignment=&#8221;center&#8221; animation_style=&#8221;slide&#8221; animation_direction=&#8221;top&#8221; animation_intensity_slide=&#8221;20%&#8221; animation_starting_opacity=&#8221;100%&#8221; global_colors_info=&#8221;{}&#8221;][\/et_pb_divider][\/et_pb_column][\/et_pb_row][\/et_pb_section][et_pb_section fb_built=&#8221;1&#8243; admin_label=&#8221;About Section&#8221; _builder_version=&#8221;4.24.2&#8243; background_color=&#8221;#FFFFFF&#8221; custom_margin=&#8221;50px||||false|false&#8221; custom_padding=&#8221;60px||||false|false&#8221; bottom_divider_color=&#8221;#162C51&#8243; bottom_divider_height=&#8221;50px&#8221; bottom_divider_flip=&#8221;horizontal&#8221; global_colors_info=&#8221;{}&#8221;][et_pb_row column_structure=&#8221;3_4,1_4&#8243; admin_label=&#8221;Titlul sec\u021biunii&#8221; _builder_version=&#8221;4.24.2&#8243; max_width=&#8221;1200px&#8221; custom_margin=&#8221;|||&#8221; custom_padding=&#8221;27px|0px|27px|0px&#8221; locked=&#8221;off&#8221; global_colors_info=&#8221;{}&#8221;][et_pb_column type=&#8221;3_4&#8243; _builder_version=&#8221;4.16&#8243; custom_padding=&#8221;|||&#8221; global_colors_info=&#8221;{}&#8221; custom_padding__hover=&#8221;|||&#8221;][et_pb_text admin_label=&#8221;Title&#8221; _builder_version=&#8221;4.24.2&#8243; text_font=&#8221;Rubik|300|||||||&#8221; text_text_color=&#8221;#162C51&#8243; text_font_size=&#8221;18px&#8221; text_line_height=&#8221;1.6em&#8221; link_font=&#8221;||||on|||#009798|&#8221; link_text_color=&#8221;#333333&#8243; header_font=&#8221;||||||||&#8221; header_2_font=&#8221;Syne|600|||||||&#8221; header_2_text_align=&#8221;left&#8221; header_2_text_color=&#8221;#009798&#8243; header_2_font_size=&#8221;30px&#8221; text_orientation=&#8221;justified&#8221; module_alignment=&#8221;left&#8221; custom_margin=&#8221;||0px||false|false&#8221; animation_direction=&#8221;top&#8221; global_colors_info=&#8221;{}&#8221;]<\/p>\n<h2>Disclaimer<\/h2>\n<p>Am fost c\u00e2t se poate de aten\u021bi \u00een compilarea informa\u021biilor disponibile pe acest site. EU-Roots Uitzendbureau B.V. nu poate fi tras\u0103 la r\u0103spundere pentru eventualele erori \u0219i nu se pot ob\u021bine drepturi din con\u021binutul acestuia. <\/p>\n<h2>Drepturi de autor<\/h2>\n<p>Tot con\u021binutul site-ului, cum ar fi: pagini, texte, logo-uri, butoane \u0219i elemente grafice sunt proprietatea EU-Roots Uitzendbureau B.V. sau a licen\u021biatorilor s\u0103i \u0219i sunt protejate de legisla\u021bia olandez\u0103 privind drepturile de autor.  <\/p>\n<p>Con\u021binutul nostru este protejat prin drepturi de autor. Nu se inten\u021bioneaz\u0103 divulgarea con\u021binutului nostru prin fotografie, video, imprimare sau orice alt mijloc f\u0103r\u0103 permisiunea scris\u0103 a EU-Roots Uitzendbureau B.V. din Waalwijk. <\/p>\n<p>[\/et_pb_text][et_pb_divider show_divider=&#8221;off&#8221; _builder_version=&#8221;4.16&#8243; max_width=&#8221;23px&#8221; module_alignment=&#8221;center&#8221; animation_style=&#8221;slide&#8221; animation_direction=&#8221;top&#8221; animation_intensity_slide=&#8221;20%&#8221; animation_starting_opacity=&#8221;100%&#8221; global_colors_info=&#8221;{}&#8221;][\/et_pb_divider][\/et_pb_column][et_pb_column type=&#8221;1_4&#8243; _builder_version=&#8221;4.16&#8243; custom_padding=&#8221;|||&#8221; global_colors_info=&#8221;{}&#8221; custom_padding__hover=&#8221;|||&#8221;][et_pb_button button_url=&#8221;@ET-DC@eyJkeW5hbWljIjp0cnVlLCJjb250ZW50IjoicG9zdF9saW5rX3VybF9wYWdlIiwic2V0dGluZ3MiOnsicG9zdF9pZCI6IjYifX0=@&#8221; button_text=&#8221;Acas\u0103&#8221; button_alignment=&#8221;center&#8221; disabled_on=&#8221;on|on|off&#8221; admin_label=&#8221;Desktop CTA Button&#8221; _builder_version=&#8221;4.24.2&#8243; _dynamic_attributes=&#8221;button_url&#8221; custom_button=&#8221;on&#8221; button_text_size=&#8221;18px&#8221; button_text_color=&#8221;#ffffff&#8221; button_bg_use_color_gradient=&#8221;on&#8221; button_bg_color_gradient_direction=&#8221;45deg&#8221; button_bg_color_gradient_stops=&#8221;#162c51 17%|#009798 75%|#d11517 100%&#8221; button_border_width=&#8221;0px&#8221; button_border_radius=&#8221;15px&#8221; button_letter_spacing=&#8221;0px&#8221; button_font=&#8221;Syne|700|||||||&#8221; button_use_icon=&#8221;off&#8221; custom_margin=&#8221;|0px|0px|40px|false|false&#8221; custom_padding=&#8221;10px|32px|10px|32px|true|true&#8221; locked=&#8221;off&#8221; global_colors_info=&#8221;{}&#8221; button_text_size__hover_enabled=&#8221;off&#8221; button_one_text_size__hover_enabled=&#8221;off&#8221; button_two_text_size__hover_enabled=&#8221;off&#8221; button_text_color__hover_enabled=&#8221;off&#8221; button_one_text_color__hover_enabled=&#8221;off&#8221; button_two_text_color__hover_enabled=&#8221;off&#8221; button_border_width__hover_enabled=&#8221;off&#8221; button_one_border_width__hover_enabled=&#8221;off&#8221; button_two_border_width__hover_enabled=&#8221;off&#8221; button_border_color__hover_enabled=&#8221;off&#8221; button_one_border_color__hover_enabled=&#8221;off&#8221; button_two_border_color__hover_enabled=&#8221;off&#8221; button_border_radius__hover_enabled=&#8221;off&#8221; button_one_border_radius__hover_enabled=&#8221;off&#8221; button_two_border_radius__hover_enabled=&#8221;off&#8221; button_letter_spacing__hover_enabled=&#8221;off&#8221; button_one_letter_spacing__hover_enabled=&#8221;off&#8221; button_two_letter_spacing__hover_enabled=&#8221;off&#8221; button_bg_color__hover_enabled=&#8221;on|hover&#8221; button_one_bg_color__hover_enabled=&#8221;off&#8221; button_two_bg_color__hover_enabled=&#8221;off&#8221; button_bg_color_gradient_stops__hover=&#8221;#009798 0%|#009798 50%|#162c51 84%&#8221; button_bg_use_color_gradient__hover=&#8221;on&#8221;][\/et_pb_button][\/et_pb_column][\/et_pb_row][\/et_pb_section]<\/p>\n","protected":false},"excerpt":{"rendered":"<p>Disclaimer EU-Roots.Disclaimer Am fost c\u00e2t se poate de aten\u021bi \u00een compilarea informa\u021biilor disponibile pe acest site. EU-Roots Uitzendbureau B.V. nu poate fi tras\u0103 la r\u0103spundere pentru eventualele erori \u0219i nu se pot ob\u021bine drepturi din con\u021binutul acestuia. Drepturi de autor Tot con\u021binutul site-ului, cum ar fi: pagini, texte, logo-uri, butoane \u0219i elemente grafice sunt proprietatea [&hellip;]<\/p>\n","protected":false},"author":1,"featured_media":0,"parent":0,"menu_order":0,"comment_status":"closed","ping_status":"closed","template":"","meta":{"_et_pb_use_builder":"on","_et_pb_old_content":"","_et_gb_content_width":"","footnotes":""},"class_list":["post-802664","page","type-page","status-publish","hentry"],"yoast_head":"<!-- This site is optimized with the Yoast SEO plugin v27.3 - https:\/\/yoast.com\/product\/yoast-seo-wordpress\/ -->\n<title>Disclaimer | EU-Roots<\/title>\n<meta name=\"robots\" content=\"index, follow, max-snippet:-1, max-image-preview:large, max-video-preview:-1\" \/>\n<link rel=\"canonical\" href=\"https:\/\/eu-roots.nl\/ro\/disclaimer\/\" \/>\n<meta property=\"og:locale\" content=\"ro_RO\" \/>\n<meta property=\"og:type\" content=\"article\" \/>\n<meta property=\"og:title\" content=\"Disclaimer | EU-Roots\" \/>\n<meta property=\"og:description\" content=\"Disclaimer EU-Roots.Disclaimer Am fost c\u00e2t se poate de aten\u021bi \u00een compilarea informa\u021biilor disponibile pe acest site. EU-Roots Uitzendbureau B.V. nu poate fi tras\u0103 la r\u0103spundere pentru eventualele erori \u0219i nu se pot ob\u021bine drepturi din con\u021binutul acestuia. Drepturi de autor Tot con\u021binutul site-ului, cum ar fi: pagini, texte, logo-uri, butoane \u0219i elemente grafice sunt proprietatea [&hellip;]\" \/>\n<meta property=\"og:url\" content=\"https:\/\/eu-roots.nl\/ro\/disclaimer\/\" \/>\n<meta property=\"og:site_name\" content=\"EU-Roots\" \/>\n<meta property=\"article:modified_time\" content=\"2025-09-25T07:13:19+00:00\" \/>\n<meta name=\"twitter:card\" content=\"summary_large_image\" \/>\n<meta name=\"twitter:label1\" content=\"Timp estimat pentru citire\" \/>\n\t<meta name=\"twitter:data1\" content=\"4 minute\" \/>\n<script type=\"application\/ld+json\" class=\"yoast-schema-graph\">{\"@context\":\"https:\\\/\\\/schema.org\",\"@graph\":[{\"@type\":\"WebPage\",\"@id\":\"https:\\\/\\\/eu-roots.nl\\\/ro\\\/disclaimer\\\/\",\"url\":\"https:\\\/\\\/eu-roots.nl\\\/ro\\\/disclaimer\\\/\",\"name\":\"Disclaimer | EU-Roots\",\"isPartOf\":{\"@id\":\"https:\\\/\\\/eu-roots.nl\\\/ro\\\/#website\"},\"datePublished\":\"2024-03-18T21:56:19+00:00\",\"dateModified\":\"2025-09-25T07:13:19+00:00\",\"breadcrumb\":{\"@id\":\"https:\\\/\\\/eu-roots.nl\\\/ro\\\/disclaimer\\\/#breadcrumb\"},\"inLanguage\":\"ro-RO\",\"potentialAction\":[{\"@type\":\"ReadAction\",\"target\":[\"https:\\\/\\\/eu-roots.nl\\\/ro\\\/disclaimer\\\/\"]}]},{\"@type\":\"BreadcrumbList\",\"@id\":\"https:\\\/\\\/eu-roots.nl\\\/ro\\\/disclaimer\\\/#breadcrumb\",\"itemListElement\":[{\"@type\":\"ListItem\",\"position\":1,\"name\":\"Home\",\"item\":\"https:\\\/\\\/eu-roots.nl\\\/ro\\\/acasa\\\/\"},{\"@type\":\"ListItem\",\"position\":2,\"name\":\"Disclaimer\"}]},{\"@type\":\"WebSite\",\"@id\":\"https:\\\/\\\/eu-roots.nl\\\/ro\\\/#website\",\"url\":\"https:\\\/\\\/eu-roots.nl\\\/ro\\\/\",\"name\":\"EU-Roots\",\"description\":\"Uw partner voor flexibele krachten\",\"publisher\":{\"@id\":\"https:\\\/\\\/eu-roots.nl\\\/ro\\\/#organization\"},\"potentialAction\":[{\"@type\":\"SearchAction\",\"target\":{\"@type\":\"EntryPoint\",\"urlTemplate\":\"https:\\\/\\\/eu-roots.nl\\\/ro\\\/?s={search_term_string}\"},\"query-input\":{\"@type\":\"PropertyValueSpecification\",\"valueRequired\":true,\"valueName\":\"search_term_string\"}}],\"inLanguage\":\"ro-RO\"},{\"@type\":\"Organization\",\"@id\":\"https:\\\/\\\/eu-roots.nl\\\/ro\\\/#organization\",\"name\":\"EU-Roots\",\"alternateName\":\"Uitzendbureau in Waalwijk, Tilburg & Eindhoven\",\"url\":\"https:\\\/\\\/eu-roots.nl\\\/ro\\\/\",\"logo\":{\"@type\":\"ImageObject\",\"inLanguage\":\"ro-RO\",\"@id\":\"https:\\\/\\\/eu-roots.nl\\\/ro\\\/#\\\/schema\\\/logo\\\/image\\\/\",\"url\":\"https:\\\/\\\/eu-roots.nl\\\/wp-content\\\/uploads\\\/2024\\\/01\\\/Logo-EU-Roots.png\",\"contentUrl\":\"https:\\\/\\\/eu-roots.nl\\\/wp-content\\\/uploads\\\/2024\\\/01\\\/Logo-EU-Roots.png\",\"width\":1667,\"height\":433,\"caption\":\"EU-Roots\"},\"image\":{\"@id\":\"https:\\\/\\\/eu-roots.nl\\\/ro\\\/#\\\/schema\\\/logo\\\/image\\\/\"}}]}<\/script>\n<!-- \/ Yoast SEO plugin. -->","yoast_head_json":{"title":"Disclaimer | EU-Roots","robots":{"index":"index","follow":"follow","max-snippet":"max-snippet:-1","max-image-preview":"max-image-preview:large","max-video-preview":"max-video-preview:-1"},"canonical":"https:\/\/eu-roots.nl\/ro\/disclaimer\/","og_locale":"ro_RO","og_type":"article","og_title":"Disclaimer | EU-Roots","og_description":"Disclaimer EU-Roots.Disclaimer Am fost c\u00e2t se poate de aten\u021bi \u00een compilarea informa\u021biilor disponibile pe acest site. EU-Roots Uitzendbureau B.V. nu poate fi tras\u0103 la r\u0103spundere pentru eventualele erori \u0219i nu se pot ob\u021bine drepturi din con\u021binutul acestuia. Drepturi de autor Tot con\u021binutul site-ului, cum ar fi: pagini, texte, logo-uri, butoane \u0219i elemente grafice sunt proprietatea [&hellip;]","og_url":"https:\/\/eu-roots.nl\/ro\/disclaimer\/","og_site_name":"EU-Roots","article_modified_time":"2025-09-25T07:13:19+00:00","twitter_card":"summary_large_image","twitter_misc":{"Timp estimat pentru citire":"4 minute"},"schema":{"@context":"https:\/\/schema.org","@graph":[{"@type":"WebPage","@id":"https:\/\/eu-roots.nl\/ro\/disclaimer\/","url":"https:\/\/eu-roots.nl\/ro\/disclaimer\/","name":"Disclaimer | EU-Roots","isPartOf":{"@id":"https:\/\/eu-roots.nl\/ro\/#website"},"datePublished":"2024-03-18T21:56:19+00:00","dateModified":"2025-09-25T07:13:19+00:00","breadcrumb":{"@id":"https:\/\/eu-roots.nl\/ro\/disclaimer\/#breadcrumb"},"inLanguage":"ro-RO","potentialAction":[{"@type":"ReadAction","target":["https:\/\/eu-roots.nl\/ro\/disclaimer\/"]}]},{"@type":"BreadcrumbList","@id":"https:\/\/eu-roots.nl\/ro\/disclaimer\/#breadcrumb","itemListElement":[{"@type":"ListItem","position":1,"name":"Home","item":"https:\/\/eu-roots.nl\/ro\/acasa\/"},{"@type":"ListItem","position":2,"name":"Disclaimer"}]},{"@type":"WebSite","@id":"https:\/\/eu-roots.nl\/ro\/#website","url":"https:\/\/eu-roots.nl\/ro\/","name":"EU-Roots","description":"Uw partner voor flexibele krachten","publisher":{"@id":"https:\/\/eu-roots.nl\/ro\/#organization"},"potentialAction":[{"@type":"SearchAction","target":{"@type":"EntryPoint","urlTemplate":"https:\/\/eu-roots.nl\/ro\/?s={search_term_string}"},"query-input":{"@type":"PropertyValueSpecification","valueRequired":true,"valueName":"search_term_string"}}],"inLanguage":"ro-RO"},{"@type":"Organization","@id":"https:\/\/eu-roots.nl\/ro\/#organization","name":"EU-Roots","alternateName":"Uitzendbureau in Waalwijk, Tilburg & Eindhoven","url":"https:\/\/eu-roots.nl\/ro\/","logo":{"@type":"ImageObject","inLanguage":"ro-RO","@id":"https:\/\/eu-roots.nl\/ro\/#\/schema\/logo\/image\/","url":"https:\/\/eu-roots.nl\/wp-content\/uploads\/2024\/01\/Logo-EU-Roots.png","contentUrl":"https:\/\/eu-roots.nl\/wp-content\/uploads\/2024\/01\/Logo-EU-Roots.png","width":1667,"height":433,"caption":"EU-Roots"},"image":{"@id":"https:\/\/eu-roots.nl\/ro\/#\/schema\/logo\/image\/"}}]}},"_links":{"self":[{"href":"https:\/\/eu-roots.nl\/ro\/wp-json\/wp\/v2\/pages\/802664","targetHints":{"allow":["GET"]}}],"collection":[{"href":"https:\/\/eu-roots.nl\/ro\/wp-json\/wp\/v2\/pages"}],"about":[{"href":"https:\/\/eu-roots.nl\/ro\/wp-json\/wp\/v2\/types\/page"}],"author":[{"embeddable":true,"href":"https:\/\/eu-roots.nl\/ro\/wp-json\/wp\/v2\/users\/1"}],"replies":[{"embeddable":true,"href":"https:\/\/eu-roots.nl\/ro\/wp-json\/wp\/v2\/comments?post=802664"}],"version-history":[{"count":4,"href":"https:\/\/eu-roots.nl\/ro\/wp-json\/wp\/v2\/pages\/802664\/revisions"}],"predecessor-version":[{"id":803518,"href":"https:\/\/eu-roots.nl\/ro\/wp-json\/wp\/v2\/pages\/802664\/revisions\/803518"}],"wp:attachment":[{"href":"https:\/\/eu-roots.nl\/ro\/wp-json\/wp\/v2\/media?parent=802664"}],"curies":[{"name":"wp","href":"https:\/\/api.w.org\/{rel}","templated":true}]}}