{"id":802667,"date":"2024-09-25T14:58:42","date_gmt":"2024-09-25T14:58:42","guid":{"rendered":"https:\/\/eu-roots.nl\/politica-privind-cookie-urile\/"},"modified":"2025-09-04T08:15:58","modified_gmt":"2025-09-04T08:15:58","slug":"politica-privind-cookie-urile","status":"publish","type":"page","link":"https:\/\/eu-roots.nl\/ro\/politica-privind-cookie-urile\/","title":{"rendered":"Politica privind cookie-urile"},"content":{"rendered":"<p>[et_pb_section fb_built=&#8221;1&#8243; admin_label=&#8221;Hoofd&#8221; _builder_version=&#8221;4.24.2&#8243; background_enable_color=&#8221;off&#8221; use_background_color_gradient=&#8221;on&#8221; background_color_gradient_type=&#8221;elliptical&#8221; background_color_gradient_direction_radial=&#8221;bottom right&#8221; background_color_gradient_stops=&#8221;#d11517 0%|#162c51 16%|#162c51 74%|#009798 100%&#8221; background_enable_image=&#8221;off&#8221; custom_margin=&#8221;||||false|false&#8221; custom_padding=&#8221;50px||50px||true|false&#8221; bottom_divider_style=&#8221;slant&#8221; bottom_divider_color=&#8221;#FFFFFF&#8221; bottom_divider_height=&#8221;50px&#8221; bottom_divider_flip=&#8221;horizontal&#8221; bottom_divider_arrangement=&#8221;above_content&#8221; global_colors_info=&#8221;{}&#8221; theme_builder_area=&#8221;post_content&#8221;][et_pb_row admin_label=&#8221;Titlul sec\u021biunii&#8221; _builder_version=&#8221;4.24.2&#8243; max_width=&#8221;1200px&#8221; custom_margin=&#8221;|||&#8221; custom_padding=&#8221;100px|0px|25px|0px|false|false&#8221; locked=&#8221;off&#8221; global_colors_info=&#8221;{}&#8221; theme_builder_area=&#8221;post_content&#8221;][et_pb_column type=&#8221;4_4&#8243; _builder_version=&#8221;4.16&#8243; custom_padding=&#8221;|||&#8221; global_colors_info=&#8221;{}&#8221; custom_padding__hover=&#8221;|||&#8221; theme_builder_area=&#8221;post_content&#8221;][et_pb_text admin_label=&#8221;Title&#8221; _builder_version=&#8221;4.24.2&#8243; text_font=&#8221;Rubik|300|||||||&#8221; text_text_color=&#8221;#D11517&#8243; text_font_size=&#8221;32px&#8221; header_font=&#8221;Syne|600|||||||&#8221; header_text_color=&#8221;#FFFFFF&#8221; header_font_size=&#8221;6vw&#8221; header_2_font=&#8221;Work Sans|900|||||||&#8221; header_2_text_align=&#8221;left&#8221; header_2_text_color=&#8221;#162C51&#8243; header_2_font_size=&#8221;4vw&#8221; header_5_font=&#8221;Work Sans|300|||||||&#8221; header_5_text_color=&#8221;#D11517&#8243; header_5_font_size=&#8221;32px&#8221; custom_margin=&#8221;||5px|&#8221; animation_style=&#8221;slide&#8221; animation_direction=&#8221;top&#8221; animation_intensity_slide=&#8221;20%&#8221; animation_starting_opacity=&#8221;100%&#8221; hover_enabled=&#8221;0&#8243; header_5_font_size_tablet=&#8221;26px&#8221; header_5_font_size_phone=&#8221;22px&#8221; header_5_font_size_last_edited=&#8221;on|phone&#8221; global_colors_info=&#8221;{}&#8221; theme_builder_area=&#8221;post_content&#8221; sticky_enabled=&#8221;0&#8243;]<\/p>\n<h1>Politica privind cookie-urile<\/h1>\n<p>EU-Roots.<\/p>\n<p>[\/et_pb_text][et_pb_divider show_divider=&#8221;off&#8221; _builder_version=&#8221;4.16&#8243; max_width=&#8221;23px&#8221; module_alignment=&#8221;center&#8221; animation_style=&#8221;slide&#8221; animation_direction=&#8221;top&#8221; animation_intensity_slide=&#8221;20%&#8221; animation_starting_opacity=&#8221;100%&#8221; global_colors_info=&#8221;{}&#8221; theme_builder_area=&#8221;post_content&#8221;][\/et_pb_divider][\/et_pb_column][\/et_pb_row][\/et_pb_section][et_pb_section fb_built=&#8221;1&#8243; admin_label=&#8221;About Section&#8221; _builder_version=&#8221;4.24.2&#8243; background_color=&#8221;#FFFFFF&#8221; custom_margin=&#8221;50px||||false|false&#8221; custom_padding=&#8221;60px||||false|false&#8221; bottom_divider_color=&#8221;#162C51&#8243; bottom_divider_height=&#8221;50px&#8221; bottom_divider_flip=&#8221;horizontal&#8221; global_colors_info=&#8221;{}&#8221; theme_builder_area=&#8221;post_content&#8221;][et_pb_row column_structure=&#8221;3_4,1_4&#8243; admin_label=&#8221;Titlul sec\u021biunii&#8221; _builder_version=&#8221;4.24.2&#8243; max_width=&#8221;1200px&#8221; custom_margin=&#8221;|||&#8221; custom_padding=&#8221;27px|0px|27px|0px&#8221; locked=&#8221;off&#8221; global_colors_info=&#8221;{}&#8221; theme_builder_area=&#8221;post_content&#8221;][et_pb_column type=&#8221;3_4&#8243; _builder_version=&#8221;4.16&#8243; custom_padding=&#8221;|||&#8221; global_colors_info=&#8221;{}&#8221; custom_padding__hover=&#8221;|||&#8221; theme_builder_area=&#8221;post_content&#8221;][et_pb_text admin_label=&#8221;Title&#8221; _builder_version=&#8221;4.24.2&#8243; text_font=&#8221;Rubik|300|||||||&#8221; text_text_color=&#8221;#162C51&#8243; text_font_size=&#8221;18px&#8221; text_line_height=&#8221;1.6em&#8221; link_font=&#8221;||||on|||#009798|&#8221; link_text_color=&#8221;#333333&#8243; header_font=&#8221;||||||||&#8221; header_2_font=&#8221;Syne|600|||||||&#8221; header_2_text_align=&#8221;left&#8221; header_2_text_color=&#8221;#009798&#8243; header_2_font_size=&#8221;30px&#8221; text_orientation=&#8221;justified&#8221; module_alignment=&#8221;left&#8221; custom_margin=&#8221;||0px||false|false&#8221; animation_direction=&#8221;top&#8221; hover_enabled=&#8221;0&#8243; global_colors_info=&#8221;{}&#8221; theme_builder_area=&#8221;post_content&#8221; sticky_enabled=&#8221;0&#8243;]<\/p>\n<p><i>Aceast\u0103 Politic\u0103 privind cookie-urile a fost actualizat\u0103 ultima dat\u0103 la 25 septembrie 2023 \u0219i se aplic\u0103 cet\u0103\u021benilor \u0219i reziden\u021bilor permanen\u021bi legali din Spa\u021biul Economic European \u0219i Elve\u021bia.<\/i><\/p>\n<h2>1. Introducere<\/h2>\n<p>Pe site-ul nostru,<span> <\/span><a href=\"https:\/\/eu-roots.nl\/ro\/\">https:\/\/eu-roots.nl<\/a><span> <\/span>(denumit \u00een continuare &#8222;site-ul&#8221;) utilizeaz\u0103 module cookie \u0219i alte tehnici conexe. (\u00cen continuare, toate tehnicile sunt denumite &#8222;module cookie&#8221; pentru comoditate). Cookie-urile sunt, de asemenea, setate prin intermediul p\u0103r\u021bilor ter\u021be angajate de noi. \u00cen documentul de mai jos, v\u0103 inform\u0103m cu privire la utilizarea modulelor cookie pe Site-ul nostru.   <\/p>\n<h2>2. Ce sunt cookie-urile?<\/h2>\n<p>Un cookie este un fi\u0219ier simplu de mici dimensiuni trimis \u00eempreun\u0103 cu paginile acestui site \u0219i stocat de browserul dvs. pe hard diskul computerului sau al altui dispozitiv. Informa\u021biile stocate \u00een acesta pot fi trimise \u00eenapoi c\u0103tre serverele noastre sau c\u0103tre cele ale p\u0103r\u021bilor ter\u021be relevante la urm\u0103toarea dvs. vizit\u0103. <\/p>\n<h2>3. Ce sunt scripturile?<\/h2>\n<p>Un script este o bucat\u0103 de cod de program utilizat\u0103 pentru a face site-ul nostru s\u0103 func\u021bioneze corect \u0219i interactiv. Acest cod este executat pe serverul nostru sau pe echipamentul dumneavoastr\u0103. <\/p>\n<h2>4. Ce este un web beacon?<\/h2>\n<p>O baliz\u0103 web (de asemenea, etichet\u0103 pixel) este o bucat\u0103 mic\u0103 \u0219i invizibil\u0103 de text sau imagine pe un site care este utilizat\u0103 pentru a cartografia traficul pe un site. Pentru a face acest lucru, balizele web sunt utilizate pentru a stoca diverse date despre dvs. <\/p>\n<h2>5. Fursecuri<\/h2>\n<p class=\"cmplz-subtitle\">5.1 Module cookie tehnice sau func\u021bionale<\/p>\n<p>Unele module cookie asigur\u0103 func\u021bionarea corect\u0103 a anumitor p\u0103r\u021bi ale site-ului \u0219i faptul c\u0103 preferin\u021bele dvs. de utilizator r\u0103m\u00e2n cunoscute. Prin setarea modulelor cookie func\u021bionale, v\u0103 facilit\u0103m vizitarea site-ului nostru. De exemplu, \u00een acest fel nu trebuie s\u0103 introduce\u021bi acelea\u0219i informa\u021bii de fiecare dat\u0103 c\u00e2nd vizita\u021bi site-ul nostru \u0219i este posibil ca articolele din co\u0219ul dvs. de cump\u0103r\u0103turi s\u0103 fie salvate p\u00e2n\u0103 c\u00e2nd a\u021bi pl\u0103tit. Este posibil s\u0103 plas\u0103m aceste module cookie f\u0103r\u0103 consim\u021b\u0103m\u00e2ntul dumneavoastr\u0103.   <\/p>\n<p class=\"cmplz-subtitle\">5.2 Cookie-uri statistice<\/p>\n<p>Utiliz\u0103m module cookie statistice pentru a optimiza experien\u021ba utilizatorilor no\u0219tri. Ob\u021binem informa\u021bii despre utilizarea site-ului nostru prin intermediul cookie-urilor statistice. V\u0103 solicit\u0103m permisiunea de a plasa cookie-uri statistice.  <\/p>\n<p class=\"cmplz-subtitle\">5.3 Cookie-uri de marketing\/urm\u0103rire<\/p>\n<p>Cookie-urile de marketing\/de urm\u0103rire sunt cookie-uri sau orice alt\u0103 form\u0103 de stocare local\u0103 utilizat\u0103 pentru a crea profiluri de utilizator \u00een scopul afi\u0219\u0103rii de reclame sau al urm\u0103ririi utilizatorului pe acest site sau pe diferite site-uri \u00een scopuri de marketing similare.<\/p>\n<p class=\"cmplz-subtitle\">5.4 Social media<\/p>\n<p>Pe site-ul nostru, am inclus con\u021binut pentru promovarea (de exemplu, &#8222;like&#8221;, &#8222;pin&#8221;) sau partajarea (de exemplu, &#8222;tweet&#8221;) paginilor web pe re\u021belele sociale. Acest con\u021binut este \u00eencorporat cu coduri provenite de la ter\u021bi \u0219i seteaz\u0103 module cookie. Acest con\u021binut poate stoca \u0219i prelucra anumite informa\u021bii pentru publicitate personalizat\u0103.  <\/p>\n<p>V\u0103 rug\u0103m s\u0103 citi\u021bi declara\u021bia de confiden\u021bialitate a acestor p\u0103r\u021bi (care se poate modifica periodic) pentru a afla ce fac acestea cu datele dvs. (personale) pe care le prelucreaz\u0103 prin intermediul acestor module cookie. Informa\u021biile pe care le colecteaz\u0103 sunt anonimizate pe c\u00e2t posibil. <\/p>\n<h2>6. Consim\u021b\u0103m\u00e2nt<\/h2>\n<p>Atunci c\u00e2nd vizita\u021bi site-ul nostru pentru prima dat\u0103, afi\u0219\u0103m o fereastr\u0103 pop-up care explic\u0103 cookie-urile. Odat\u0103 ce face\u021bi clic pe &#8222;Salvare preferin\u021be&#8221;, ne da\u021bi permisiunea de a utiliza categoriile de module cookie \u0219i plug-in-uri pe care le-a\u021bi selectat \u00een fereastra pop-up \u0219i care sunt descrise \u00een Politica privind modulele cookie. Pute\u021bi dezactiva setarea cookie-urilor prin intermediul browserului dvs., dar v\u0103 rug\u0103m s\u0103 re\u021bine\u021bi c\u0103 acest lucru poate \u00eempiedica func\u021bionarea optim\u0103 a site-ului nostru.  <\/p>\n<h2>7. Activarea\/dezactivarea \u0219i \u0219tergerea cookie-urilor<\/h2>\n<p>Browserul dvs. de internet v\u0103 permite s\u0103 \u0219terge\u021bi modulele cookie automat sau manual. De asemenea, pute\u021bi specifica ca anumite module cookie s\u0103 nu fie plasate. Alternativ, pute\u021bi seta browserul dvs. de internet s\u0103 v\u0103 notifice atunci c\u00e2nd este setat un cookie. Mai multe informa\u021bii despre aceste op\u021biuni pot fi g\u0103site \u00een instruc\u021biunile func\u021biei de ajutor a browserului dumneavoastr\u0103.   <\/p>\n<p>V\u0103 rug\u0103m s\u0103 re\u021bine\u021bi c\u0103 este posibil ca site-ul nostru s\u0103 nu func\u021bioneze optim dac\u0103 toate modulele cookie sunt dezactivate. Dac\u0103 \u0219terge\u021bi modulele cookie din browserul dvs., acestea vor fi plasate din nou la o nou\u0103 vizit\u0103 pe site-urile noastre \u00een urma consim\u021b\u0103m\u00e2ntului dvs. <\/p>\n<h2>8. Drepturile dumneavoastr\u0103 \u00een leg\u0103tur\u0103 cu datele cu caracter personal<\/h2>\n<p>Ave\u021bi urm\u0103toarele drepturi cu privire la datele dumneavoastr\u0103 cu caracter personal:<\/p>\n<ul>\n<li>Ave\u021bi dreptul s\u0103 \u0219ti\u021bi de ce sunt necesare datele dumneavoastr\u0103 personale, ce se \u00eent\u00e2mpl\u0103 cu acestea \u0219i c\u00e2t timp sunt p\u0103strate.<\/li>\n<li>Dreptul de acces: pute\u021bi solicita s\u0103 vede\u021bi datele pe care le prelucr\u0103m despre dumneavoastr\u0103.<\/li>\n<li>Dreptul la rectificare \u0219i completare: ave\u021bi dreptul de a completa, corecta, \u0219terge sau bloca datele dvs. cu caracter personal oric\u00e2nd dori\u021bi.<\/li>\n<li>Dac\u0103 ne-a\u021bi dat consim\u021b\u0103m\u00e2ntul pentru prelucrarea datelor dumneavoastr\u0103, ave\u021bi dreptul de a retrage acest consim\u021b\u0103m\u00e2nt \u0219i de a v\u0103 \u0219terge datele cu caracter personal.<\/li>\n<li>Dreptul la portabilitatea datelor: ave\u021bi dreptul de a solicita operatorului toate datele dvs. cu caracter personal \u0219i de a le transfera \u00een \u00eentregime unui alt operator.<\/li>\n<li>Dreptul la opozi\u021bie: v\u0103 pute\u021bi opune prelucr\u0103rii datelor dumneavoastr\u0103. Ne vom conforma acesteia, cu excep\u021bia cazului \u00een care exist\u0103 motive legitime pentru prelucrare. <\/li>\n<\/ul>\n<p>Pentru a exercita aceste drepturi, v\u0103 rug\u0103m s\u0103 ne contacta\u021bi. V\u0103 rug\u0103m s\u0103 consulta\u021bi informa\u021biile de contact din partea de jos a acestei politici privind cookie-urile. Dac\u0103 ave\u021bi o pl\u00e2ngere cu privire la modul \u00een care v\u0103 gestion\u0103m datele, am dori s\u0103 ne contacta\u021bi, dar ave\u021bi, de asemenea, dreptul de a depune o pl\u00e2ngere la autoritatea de reglementare (autoritatea responsabil\u0103 de datele cu caracter personal).  <\/p>\n<h2>9. Informa\u021bii de contact<\/h2>\n<p>Pentru \u00eentreb\u0103ri \u0219i\/sau comentarii cu privire la Politica noastr\u0103 privind modulele cookie \u0219i la prezenta declara\u021bie, v\u0103 rug\u0103m s\u0103 ne contacta\u021bi la urm\u0103toarele informa\u021bii de contact:<\/p>\n<p><span class=\"cmplz-contact-address\"><b>EU-Roots<br \/><\/b>Elzenweg 33a<br \/><\/span> 5144<span class=\"cmplz-contact-address\">MB Waalwijk<\/span><br \/><span class=\"cmplz-contact-country\">Olanda<br \/><\/span>E-mail: <a href=\"mailto:info@eu-roots.nl\">info@eu-roots.nl<\/a> <\/p>\n<p>[\/et_pb_text][et_pb_button button_text=&#8221;Acas\u0103&#8221; button_alignment=&#8221;left&#8221; disabled_on=&#8221;on|on|off&#8221; admin_label=&#8221;Desktop CTA Button&#8221; _builder_version=&#8221;4.24.2&#8243; custom_button=&#8221;on&#8221; button_text_size=&#8221;22px&#8221; button_text_color=&#8221;#ffffff&#8221; button_bg_use_color_gradient=&#8221;on&#8221; button_bg_color_gradient_direction=&#8221;45deg&#8221; button_bg_color_gradient_stops=&#8221;#162c51 17%|#009798 75%|#d11517 100%&#8221; button_border_width=&#8221;0px&#8221; button_border_radius=&#8221;15px&#8221; button_letter_spacing=&#8221;0px&#8221; button_font=&#8221;Syne|700|||||||&#8221; button_use_icon=&#8221;off&#8221; custom_margin=&#8221;25px|0px|25px||true|false&#8221; custom_padding=&#8221;10px|32px|10px|32px|true|true&#8221; hover_enabled=&#8221;0&#8243; locked=&#8221;off&#8221; global_colors_info=&#8221;{}&#8221; button_text_size__hover_enabled=&#8221;off&#8221; button_one_text_size__hover_enabled=&#8221;off&#8221; button_two_text_size__hover_enabled=&#8221;off&#8221; button_text_color__hover_enabled=&#8221;off&#8221; button_one_text_color__hover_enabled=&#8221;off&#8221; button_two_text_color__hover_enabled=&#8221;off&#8221; button_border_width__hover_enabled=&#8221;off&#8221; button_one_border_width__hover_enabled=&#8221;off&#8221; button_two_border_width__hover_enabled=&#8221;off&#8221; button_border_color__hover_enabled=&#8221;off&#8221; button_one_border_color__hover_enabled=&#8221;off&#8221; button_two_border_color__hover_enabled=&#8221;off&#8221; button_border_radius__hover_enabled=&#8221;off&#8221; button_one_border_radius__hover_enabled=&#8221;off&#8221; button_two_border_radius__hover_enabled=&#8221;off&#8221; button_letter_spacing__hover_enabled=&#8221;off&#8221; button_one_letter_spacing__hover_enabled=&#8221;off&#8221; button_two_letter_spacing__hover_enabled=&#8221;off&#8221; button_bg_color__hover_enabled=&#8221;on|hover&#8221; button_one_bg_color__hover_enabled=&#8221;off&#8221; button_two_bg_color__hover_enabled=&#8221;off&#8221; button_bg_color_gradient_stops__hover=&#8221;#009798 0%|#009798 50%|#162c51 84%&#8221; button_bg_use_color_gradient__hover=&#8221;on&#8221; theme_builder_area=&#8221;post_content&#8221; button_url=&#8221;@ET-DC@eyJkeW5hbWljIjp0cnVlLCJjb250ZW50IjoicG9zdF9saW5rX3VybF9wYWdlIiwic2V0dGluZ3MiOnsicG9zdF9pZCI6IjYifX0=@&#8221; _dynamic_attributes=&#8221;button_url&#8221; sticky_enabled=&#8221;0&#8243;][\/et_pb_button][et_pb_divider show_divider=&#8221;off&#8221; _builder_version=&#8221;4.16&#8243; max_width=&#8221;23px&#8221; module_alignment=&#8221;center&#8221; animation_style=&#8221;slide&#8221; animation_direction=&#8221;top&#8221; animation_intensity_slide=&#8221;20%&#8221; animation_starting_opacity=&#8221;100%&#8221; global_colors_info=&#8221;{}&#8221; theme_builder_area=&#8221;post_content&#8221;][\/et_pb_divider][\/et_pb_column][et_pb_column type=&#8221;1_4&#8243; _builder_version=&#8221;4.16&#8243; custom_padding=&#8221;|||&#8221; global_colors_info=&#8221;{}&#8221; custom_padding__hover=&#8221;|||&#8221; theme_builder_area=&#8221;post_content&#8221;][\/et_pb_column][\/et_pb_row][\/et_pb_section]<\/p>\n","protected":false},"excerpt":{"rendered":"<p>Politica privind cookie-urile EU-Roots.Aceast\u0103 Politic\u0103 privind cookie-urile a fost actualizat\u0103 ultima dat\u0103 la 25 septembrie 2023 \u0219i se aplic\u0103 cet\u0103\u021benilor \u0219i reziden\u021bilor permanen\u021bi legali din Spa\u021biul Economic European \u0219i Elve\u021bia. 1. Introducere Pe site-ul nostru, https:\/\/eu-roots.nl (denumit \u00een continuare &#8222;site-ul&#8221;) utilizeaz\u0103 module cookie \u0219i alte tehnici conexe. (\u00cen continuare, toate tehnicile sunt denumite &#8222;module cookie&#8221; [&hellip;]<\/p>\n","protected":false},"author":1,"featured_media":0,"parent":0,"menu_order":0,"comment_status":"closed","ping_status":"closed","template":"","meta":{"_et_pb_use_builder":"on","_et_pb_old_content":"","_et_gb_content_width":"","footnotes":""},"class_list":["post-802667","page","type-page","status-publish","hentry"],"yoast_head":"<!-- This site is optimized with the Yoast SEO plugin v27.3 - https:\/\/yoast.com\/product\/yoast-seo-wordpress\/ -->\n<title>Politica privind cookie-urile | EU-Roots<\/title>\n<meta name=\"robots\" content=\"noindex, follow\" \/>\n<meta property=\"og:locale\" content=\"ro_RO\" \/>\n<meta property=\"og:type\" content=\"article\" \/>\n<meta property=\"og:title\" content=\"Politica privind cookie-urile | EU-Roots\" \/>\n<meta property=\"og:description\" content=\"Politica privind cookie-urile EU-Roots.Aceast\u0103 Politic\u0103 privind cookie-urile a fost actualizat\u0103 ultima dat\u0103 la 25 septembrie 2023 \u0219i se aplic\u0103 cet\u0103\u021benilor \u0219i reziden\u021bilor permanen\u021bi legali din Spa\u021biul Economic European \u0219i Elve\u021bia. 1. Introducere Pe site-ul nostru, https:\/\/eu-roots.nl (denumit \u00een continuare &quot;site-ul&quot;) utilizeaz\u0103 module cookie \u0219i alte tehnici conexe. (\u00cen continuare, toate tehnicile sunt denumite &quot;module cookie&quot; [&hellip;]\" \/>\n<meta property=\"og:url\" content=\"https:\/\/eu-roots.nl\/ro\/politica-privind-cookie-urile\/\" \/>\n<meta property=\"og:site_name\" content=\"EU-Roots\" \/>\n<meta property=\"article:modified_time\" content=\"2025-09-04T08:15:58+00:00\" \/>\n<meta name=\"twitter:card\" content=\"summary_large_image\" \/>\n<meta name=\"twitter:label1\" content=\"Timp estimat pentru citire\" \/>\n\t<meta name=\"twitter:data1\" content=\"9 minute\" \/>\n<script type=\"application\/ld+json\" class=\"yoast-schema-graph\">{\"@context\":\"https:\\\/\\\/schema.org\",\"@graph\":[{\"@type\":\"WebPage\",\"@id\":\"https:\\\/\\\/eu-roots.nl\\\/ro\\\/politica-privind-cookie-urile\\\/\",\"url\":\"https:\\\/\\\/eu-roots.nl\\\/ro\\\/politica-privind-cookie-urile\\\/\",\"name\":\"Politica privind cookie-urile | EU-Roots\",\"isPartOf\":{\"@id\":\"https:\\\/\\\/eu-roots.nl\\\/ro\\\/#website\"},\"datePublished\":\"2024-09-25T14:58:42+00:00\",\"dateModified\":\"2025-09-04T08:15:58+00:00\",\"breadcrumb\":{\"@id\":\"https:\\\/\\\/eu-roots.nl\\\/ro\\\/politica-privind-cookie-urile\\\/#breadcrumb\"},\"inLanguage\":\"ro-RO\",\"potentialAction\":[{\"@type\":\"ReadAction\",\"target\":[\"https:\\\/\\\/eu-roots.nl\\\/ro\\\/politica-privind-cookie-urile\\\/\"]}]},{\"@type\":\"BreadcrumbList\",\"@id\":\"https:\\\/\\\/eu-roots.nl\\\/ro\\\/politica-privind-cookie-urile\\\/#breadcrumb\",\"itemListElement\":[{\"@type\":\"ListItem\",\"position\":1,\"name\":\"Home\",\"item\":\"https:\\\/\\\/eu-roots.nl\\\/ro\\\/acasa\\\/\"},{\"@type\":\"ListItem\",\"position\":2,\"name\":\"Politica privind cookie-urile\"}]},{\"@type\":\"WebSite\",\"@id\":\"https:\\\/\\\/eu-roots.nl\\\/ro\\\/#website\",\"url\":\"https:\\\/\\\/eu-roots.nl\\\/ro\\\/\",\"name\":\"EU-Roots\",\"description\":\"Uw partner voor flexibele krachten\",\"publisher\":{\"@id\":\"https:\\\/\\\/eu-roots.nl\\\/ro\\\/#organization\"},\"potentialAction\":[{\"@type\":\"SearchAction\",\"target\":{\"@type\":\"EntryPoint\",\"urlTemplate\":\"https:\\\/\\\/eu-roots.nl\\\/ro\\\/?s={search_term_string}\"},\"query-input\":{\"@type\":\"PropertyValueSpecification\",\"valueRequired\":true,\"valueName\":\"search_term_string\"}}],\"inLanguage\":\"ro-RO\"},{\"@type\":\"Organization\",\"@id\":\"https:\\\/\\\/eu-roots.nl\\\/ro\\\/#organization\",\"name\":\"EU-Roots\",\"alternateName\":\"Uitzendbureau in Waalwijk, Tilburg & Eindhoven\",\"url\":\"https:\\\/\\\/eu-roots.nl\\\/ro\\\/\",\"logo\":{\"@type\":\"ImageObject\",\"inLanguage\":\"ro-RO\",\"@id\":\"https:\\\/\\\/eu-roots.nl\\\/ro\\\/#\\\/schema\\\/logo\\\/image\\\/\",\"url\":\"https:\\\/\\\/eu-roots.nl\\\/wp-content\\\/uploads\\\/2024\\\/01\\\/Logo-EU-Roots.png\",\"contentUrl\":\"https:\\\/\\\/eu-roots.nl\\\/wp-content\\\/uploads\\\/2024\\\/01\\\/Logo-EU-Roots.png\",\"width\":1667,\"height\":433,\"caption\":\"EU-Roots\"},\"image\":{\"@id\":\"https:\\\/\\\/eu-roots.nl\\\/ro\\\/#\\\/schema\\\/logo\\\/image\\\/\"}}]}<\/script>\n<!-- \/ Yoast SEO plugin. -->","yoast_head_json":{"title":"Politica privind cookie-urile | EU-Roots","robots":{"index":"noindex","follow":"follow"},"og_locale":"ro_RO","og_type":"article","og_title":"Politica privind cookie-urile | EU-Roots","og_description":"Politica privind cookie-urile EU-Roots.Aceast\u0103 Politic\u0103 privind cookie-urile a fost actualizat\u0103 ultima dat\u0103 la 25 septembrie 2023 \u0219i se aplic\u0103 cet\u0103\u021benilor \u0219i reziden\u021bilor permanen\u021bi legali din Spa\u021biul Economic European \u0219i Elve\u021bia. 1. Introducere Pe site-ul nostru, https:\/\/eu-roots.nl (denumit \u00een continuare \"site-ul\") utilizeaz\u0103 module cookie \u0219i alte tehnici conexe. (\u00cen continuare, toate tehnicile sunt denumite \"module cookie\" [&hellip;]","og_url":"https:\/\/eu-roots.nl\/ro\/politica-privind-cookie-urile\/","og_site_name":"EU-Roots","article_modified_time":"2025-09-04T08:15:58+00:00","twitter_card":"summary_large_image","twitter_misc":{"Timp estimat pentru citire":"9 minute"},"schema":{"@context":"https:\/\/schema.org","@graph":[{"@type":"WebPage","@id":"https:\/\/eu-roots.nl\/ro\/politica-privind-cookie-urile\/","url":"https:\/\/eu-roots.nl\/ro\/politica-privind-cookie-urile\/","name":"Politica privind cookie-urile | EU-Roots","isPartOf":{"@id":"https:\/\/eu-roots.nl\/ro\/#website"},"datePublished":"2024-09-25T14:58:42+00:00","dateModified":"2025-09-04T08:15:58+00:00","breadcrumb":{"@id":"https:\/\/eu-roots.nl\/ro\/politica-privind-cookie-urile\/#breadcrumb"},"inLanguage":"ro-RO","potentialAction":[{"@type":"ReadAction","target":["https:\/\/eu-roots.nl\/ro\/politica-privind-cookie-urile\/"]}]},{"@type":"BreadcrumbList","@id":"https:\/\/eu-roots.nl\/ro\/politica-privind-cookie-urile\/#breadcrumb","itemListElement":[{"@type":"ListItem","position":1,"name":"Home","item":"https:\/\/eu-roots.nl\/ro\/acasa\/"},{"@type":"ListItem","position":2,"name":"Politica privind cookie-urile"}]},{"@type":"WebSite","@id":"https:\/\/eu-roots.nl\/ro\/#website","url":"https:\/\/eu-roots.nl\/ro\/","name":"EU-Roots","description":"Uw partner voor flexibele krachten","publisher":{"@id":"https:\/\/eu-roots.nl\/ro\/#organization"},"potentialAction":[{"@type":"SearchAction","target":{"@type":"EntryPoint","urlTemplate":"https:\/\/eu-roots.nl\/ro\/?s={search_term_string}"},"query-input":{"@type":"PropertyValueSpecification","valueRequired":true,"valueName":"search_term_string"}}],"inLanguage":"ro-RO"},{"@type":"Organization","@id":"https:\/\/eu-roots.nl\/ro\/#organization","name":"EU-Roots","alternateName":"Uitzendbureau in Waalwijk, Tilburg & Eindhoven","url":"https:\/\/eu-roots.nl\/ro\/","logo":{"@type":"ImageObject","inLanguage":"ro-RO","@id":"https:\/\/eu-roots.nl\/ro\/#\/schema\/logo\/image\/","url":"https:\/\/eu-roots.nl\/wp-content\/uploads\/2024\/01\/Logo-EU-Roots.png","contentUrl":"https:\/\/eu-roots.nl\/wp-content\/uploads\/2024\/01\/Logo-EU-Roots.png","width":1667,"height":433,"caption":"EU-Roots"},"image":{"@id":"https:\/\/eu-roots.nl\/ro\/#\/schema\/logo\/image\/"}}]}},"_links":{"self":[{"href":"https:\/\/eu-roots.nl\/ro\/wp-json\/wp\/v2\/pages\/802667","targetHints":{"allow":["GET"]}}],"collection":[{"href":"https:\/\/eu-roots.nl\/ro\/wp-json\/wp\/v2\/pages"}],"about":[{"href":"https:\/\/eu-roots.nl\/ro\/wp-json\/wp\/v2\/types\/page"}],"author":[{"embeddable":true,"href":"https:\/\/eu-roots.nl\/ro\/wp-json\/wp\/v2\/users\/1"}],"replies":[{"embeddable":true,"href":"https:\/\/eu-roots.nl\/ro\/wp-json\/wp\/v2\/comments?post=802667"}],"version-history":[{"count":4,"href":"https:\/\/eu-roots.nl\/ro\/wp-json\/wp\/v2\/pages\/802667\/revisions"}],"predecessor-version":[{"id":802672,"href":"https:\/\/eu-roots.nl\/ro\/wp-json\/wp\/v2\/pages\/802667\/revisions\/802672"}],"wp:attachment":[{"href":"https:\/\/eu-roots.nl\/ro\/wp-json\/wp\/v2\/media?parent=802667"}],"curies":[{"name":"wp","href":"https:\/\/api.w.org\/{rel}","templated":true}]}}