{"id":802709,"date":"2024-03-18T21:56:39","date_gmt":"2024-03-18T21:56:39","guid":{"rendered":"https:\/\/eu-roots.nl\/declaratie-de-confidentialitate\/"},"modified":"2025-09-25T07:21:40","modified_gmt":"2025-09-25T07:21:40","slug":"declaratie-de-confidentialitate","status":"publish","type":"page","link":"https:\/\/eu-roots.nl\/ro\/declaratie-de-confidentialitate\/","title":{"rendered":"Declara\u021bie de confiden\u021bialitate"},"content":{"rendered":"<p>[et_pb_section fb_built=&#8221;1&#8243; admin_label=&#8221;Hoofd&#8221; _builder_version=&#8221;4.24.2&#8243; background_enable_color=&#8221;off&#8221; use_background_color_gradient=&#8221;on&#8221; background_color_gradient_type=&#8221;elliptical&#8221; background_color_gradient_direction_radial=&#8221;bottom right&#8221; background_color_gradient_stops=&#8221;#d11517 0%|#162c51 16%|#162c51 74%|#009798 100%&#8221; background_enable_image=&#8221;off&#8221; custom_margin=&#8221;||||false|false&#8221; custom_padding=&#8221;50px||50px||true|false&#8221; bottom_divider_style=&#8221;slant&#8221; bottom_divider_color=&#8221;#FFFFFF&#8221; bottom_divider_height=&#8221;50px&#8221; bottom_divider_flip=&#8221;horizontal&#8221; bottom_divider_arrangement=&#8221;above_content&#8221; global_colors_info=&#8221;{}&#8221;][et_pb_row admin_label=&#8221;Titlul sec\u021biunii&#8221; _builder_version=&#8221;4.24.2&#8243; max_width=&#8221;1200px&#8221; custom_margin=&#8221;|||&#8221; custom_padding=&#8221;100px|0px|25px|0px|false|false&#8221; locked=&#8221;off&#8221; global_colors_info=&#8221;{}&#8221;][et_pb_column type=&#8221;4_4&#8243; _builder_version=&#8221;4.16&#8243; custom_padding=&#8221;|||&#8221; global_colors_info=&#8221;{}&#8221; custom_padding__hover=&#8221;|||&#8221;][et_pb_text admin_label=&#8221;Title&#8221; _builder_version=&#8221;4.24.2&#8243; text_font=&#8221;Rubik|300|||||||&#8221; text_text_color=&#8221;#D11517&#8243; text_font_size=&#8221;32px&#8221; header_font=&#8221;Syne|600|||||||&#8221; header_text_color=&#8221;#FFFFFF&#8221; header_font_size=&#8221;6vw&#8221; header_2_font=&#8221;Work Sans|900|||||||&#8221; header_2_text_align=&#8221;left&#8221; header_2_text_color=&#8221;#162C51&#8243; header_2_font_size=&#8221;4vw&#8221; header_5_font=&#8221;Work Sans|300|||||||&#8221; header_5_text_color=&#8221;#D11517&#8243; header_5_font_size=&#8221;32px&#8221; custom_margin=&#8221;||5px|&#8221; animation_style=&#8221;slide&#8221; animation_direction=&#8221;top&#8221; animation_intensity_slide=&#8221;20%&#8221; animation_starting_opacity=&#8221;100%&#8221; header_5_font_size_tablet=&#8221;26px&#8221; header_5_font_size_phone=&#8221;22px&#8221; header_5_font_size_last_edited=&#8221;on|phone&#8221; global_colors_info=&#8221;{}&#8221;]<\/p>\n<h1>Declara\u021bie de confiden\u021bialitate<\/h1>\n<p>EU-Roots.<\/p>\n<p>[\/et_pb_text][et_pb_divider show_divider=&#8221;off&#8221; _builder_version=&#8221;4.16&#8243; max_width=&#8221;23px&#8221; module_alignment=&#8221;center&#8221; animation_style=&#8221;slide&#8221; animation_direction=&#8221;top&#8221; animation_intensity_slide=&#8221;20%&#8221; animation_starting_opacity=&#8221;100%&#8221; global_colors_info=&#8221;{}&#8221;][\/et_pb_divider][\/et_pb_column][\/et_pb_row][\/et_pb_section][et_pb_section fb_built=&#8221;1&#8243; admin_label=&#8221;About Section&#8221; _builder_version=&#8221;4.24.2&#8243; background_color=&#8221;#FFFFFF&#8221; custom_margin=&#8221;50px||||false|false&#8221; custom_padding=&#8221;60px||||false|false&#8221; bottom_divider_color=&#8221;#162C51&#8243; bottom_divider_height=&#8221;50px&#8221; bottom_divider_flip=&#8221;horizontal&#8221; global_colors_info=&#8221;{}&#8221;][et_pb_row column_structure=&#8221;3_4,1_4&#8243; admin_label=&#8221;Titlul sec\u021biunii&#8221; _builder_version=&#8221;4.24.2&#8243; max_width=&#8221;1200px&#8221; custom_margin=&#8221;|||&#8221; custom_padding=&#8221;27px|0px|27px|0px&#8221; locked=&#8221;off&#8221; global_colors_info=&#8221;{}&#8221;][et_pb_column type=&#8221;3_4&#8243; _builder_version=&#8221;4.16&#8243; custom_padding=&#8221;|||&#8221; global_colors_info=&#8221;{}&#8221; custom_padding__hover=&#8221;|||&#8221;][et_pb_text admin_label=&#8221;Title&#8221; _builder_version=&#8221;4.24.2&#8243; text_font=&#8221;Rubik|300|||||||&#8221; text_text_color=&#8221;#162C51&#8243; text_font_size=&#8221;18px&#8221; text_line_height=&#8221;1.6em&#8221; link_font=&#8221;||||on|||#009798|&#8221; link_text_color=&#8221;#333333&#8243; header_font=&#8221;||||||||&#8221; header_2_font=&#8221;Syne|600|||||||&#8221; header_2_text_align=&#8221;left&#8221; header_2_text_color=&#8221;#009798&#8243; header_2_font_size=&#8221;30px&#8221; text_orientation=&#8221;justified&#8221; module_alignment=&#8221;left&#8221; custom_margin=&#8221;||0px||false|false&#8221; animation_direction=&#8221;top&#8221; global_colors_info=&#8221;{}&#8221;]<\/p>\n<p>Suntem con\u0219tien\u021bi c\u0103 ne acorda\u021bi \u00eencrederea dumneavoastr\u0103. Prin urmare, consider\u0103m c\u0103 este responsabilitatea noastr\u0103 s\u0103 v\u0103 protej\u0103m confiden\u021bialitatea. \u00cen aceast\u0103 Declara\u021bie de confiden\u021bialitate, v\u0103 inform\u0103m ce date colect\u0103m \u0219i \u00eenregistr\u0103m atunci c\u00e2nd utiliza\u021bi site-ul nostru \u0219i\/sau v\u0103 \u00eenregistra\u021bi la EU-Roots \u0219i de ce colect\u0103m aceste date. De asemenea, clarific\u0103m cui sunt furnizate datele, cui i se permite s\u0103 le prelucreze \u0219i c\u00e2t timp le p\u0103str\u0103m. Astfel \u00eenc\u00e2t s\u0103 \u00een\u021belege\u021bi exact cum lucr\u0103m. Prezenta declara\u021bie de confiden\u021bialitate se aplic\u0103 tuturor serviciilor furnizate de EU-Roots Uitzendbureau B.V. (denumit\u0103 \u00een continuare EU-Roots). Trebuie s\u0103 \u0219ti\u021bi c\u0103 EU-Roots nu este responsabil\u0103 pentru practicile de confiden\u021bialitate ale altor site-uri \u0219i surse.      <\/p>\n<p>EU-Roots respect\u0103 confiden\u021bialitatea tuturor vizitatorilor site-urilor sale \u0219i se asigur\u0103 c\u0103 informa\u021biile personale pe care ni le furniza\u021bi sunt tratate confiden\u021bial. EU-Roots ac\u021bioneaz\u0103 \u00een conformitate cu Legea privind protec\u021bia datelor cu caracter personal. Utiliz\u00e2nd serviciile EU-Roots sau vizit\u00e2nd site-urile EU-Roots, sunte\u021bi de acord s\u0103 respecta\u021bi prezenta Declara\u021bie de confiden\u021bialitate.  <\/p>\n<h2>Utilizarea serviciilor noastre<\/h2>\n<p>Atunci c\u00e2nd v\u0103 \u00eenregistra\u021bi pe site-ul nostru \u0219i\/sau v\u0103 \u00eenscrie\u021bi pentru unul dintre serviciile noastre, v\u0103 solicit\u0103m s\u0103 furniza\u021bi date cu caracter personal. Aceste date sunt utilizate pentru a efectua aceste servicii. Datele vor fi stocate pe serverele securizate proprii ale Eu-Roots sau pe cele ale unei p\u0103r\u021bi ter\u021be.  <\/p>\n<p>\u00cen cursul furniz\u0103rii serviciilor, EU-Roots \u00eenregistreaz\u0103 date \u00een baza sa de date pentru uzul EU-Roots \u0219i al p\u0103r\u021bilor ter\u021be men\u021bionate \u00een prezenta Declara\u021bie de confiden\u021bialitate.<\/p>\n<p>Noi \u00eenregistr\u0103m sau putem \u00eenregistra urm\u0103toarele date:<\/p>\n<ul>\n<li>(Primul) nume, adres\u0103, domiciliu, sex, data na\u0219terii, num\u0103rul BSN, CV, diplome, documente personale, copie a actului de identitate, fotografie tip pa\u0219aport, stare civil\u0103, adres\u0103 de e-mail, na\u021bionalitate, informa\u021bii privind cursurile de formare;<\/li>\n<li>Date privind disponibilitatea, istoricul de munc\u0103 \u0219i concediul;<\/li>\n<li>Num\u0103rul contului bancar;<\/li>\n<li>Declara\u021bii VAR;<\/li>\n<li>Alte aspecte, \u00een m\u0103sura \u00een care acest lucru este prev\u0103zut de lege sau \u00een m\u0103sura \u00een care a\u021bi dat acordul.<br \/>\u00cen plus, datele sunt generate automat. Ce date sunt acestea pute\u021bi citi mai departe \u00een aceast\u0103 Declara\u021bie de confiden\u021bialitate. <\/li>\n<\/ul>\n<p>Noi \u00eenregistr\u0103m date pentru:<\/p>\n<ul>\n<li>Reunirea cererii \u0219i ofertei pe pia\u021ba muncii;<\/li>\n<li>Furnizarea de servicii (de exemplu, dac\u0103 a\u021bi uitat parola pentru a v\u0103 introduce orele)<br \/>\u00cenregistrarea orelor lucrate;<\/li>\n<li>Pentru a trimite versiunea electronic\u0103 a buletinului informativ EU-Roots;<\/li>\n<li>Notificarea utilizatorilor cu privire la ofertele interesante de produse \u0219i servicii ale EU-Roots \u0219i la produsele \u0219i serviciile altor unit\u0103\u021bi de afaceri ale EU-Roots \u0219i ale ter\u021bilor men\u021biona\u021bi \u00een prezenta Declara\u021bie de confiden\u021bialitate;<\/li>\n<li>Procesarea pl\u0103\u021bilor;<\/li>\n<li>Preg\u0103tirea de date statistice anonime pentru agen\u021bii de publicitate;<\/li>\n<li>S\u0103 fie capabil s\u0103 efectueze examin\u0103ri \u00eenainte de angajare pentru clien\u021bii no\u0219tri.<\/li>\n<\/ul>\n<h2>Accesul la date altfel dec\u00e2t prin furnizare:<\/h2>\n<p>EU-Roots utilizeaz\u0103 datele generate automat \u00een scopuri statistice, precum \u0219i pentru securitatea \u0219i \u00eembun\u0103t\u0103\u021birea EU-Roots. Aceste date sunt furnizate ter\u021bilor \u00een m\u0103sura \u00een care sunt complet anonimizate \u0219i nu pot fi urm\u0103rite p\u00e2n\u0103 la dumneavoastr\u0103. <\/p>\n<p>EU-Roots nu va furniza datele dvs. cu caracter personal unor ter\u021be p\u0103r\u021bi f\u0103r\u0103 consim\u021b\u0103m\u00e2ntul dvs. prealabil, cu excep\u021bia cazurilor men\u021bionate \u00een prezenta Declara\u021bie de confiden\u021bialitate.<\/p>\n<h2>Date personale speciale<\/h2>\n<p>EU-Roots \u00eenregistreaz\u0103 date cu caracter personal speciale (astfel cum sunt men\u021bionate \u00een Legea privind protec\u021bia datelor cu caracter personal) numai cu consim\u021b\u0103m\u00e2ntul dumneavoastr\u0103. Dac\u0103 \u00eenc\u0103rca\u021bi fotografia dvs. de pa\u0219aport (acest lucru este voluntar), sunte\u021bi de acord cu stocarea \u0219i publicarea acesteia. Pute\u021bi s\u0103 v\u0103 elimina\u021bi fotografia de pa\u0219aport din profilul dvs. \u00een orice moment. Acela\u0219i lucru este valabil \u0219i pentru aplica\u021bia video voluntar\u0103 (prin WhatsApp sau \u00een alt mod). Aceste imagini sunt eliminate c\u00e2t mai cur\u00e2nd posibil dup\u0103 aplicare.    <\/p>\n<p>Atunci c\u00e2nd dori\u021bi s\u0103 lucra\u021bi de 3 ori f\u0103r\u0103 num\u0103r de TVA, v\u0103 vom solicita num\u0103rul BSN. Acest num\u0103r BSN este necesar pentru a completa un document IB-47 pentru biroul fiscal. Pentru a forma un document IB-47 corespunz\u0103tor, \u00eenregistr\u0103m urm\u0103toarele date:  <\/p>\n<p>&#8211; nume<br \/>&#8211; ini\u021biale<br \/>&#8211; cod po\u0219tal<br \/>&#8211; num\u0103r de cas\u0103<br \/>&#8211; data na\u0219terii<br \/>&#8211; num\u0103r de serviciu pentru cet\u0103\u021beni<br \/>&#8211; suma pl\u0103tit\u0103, inclusiv indemniza\u021biile pentru cheltuieli<\/p>\n<p>&nbsp;<\/p>\n<h2>Modific\u0103ri<\/h2>\n<p>Prezenta Declara\u021bie de confiden\u021bialitate este adaptat\u0103 la utilizarea \u0219i caracteristicile acestui site. Orice actualiz\u0103ri \u0219i\/sau modific\u0103ri ale acestui site pot duce la modific\u0103ri ale Declara\u021biei noastre de confiden\u021bialitate. Prin urmare, este recomandabil s\u0103 consulta\u021bi aceast\u0103 Declara\u021bie de confiden\u021bialitate \u00een mod regulat.  <\/p>\n<h2>Alegeri pentru datele cu caracter personal<\/h2>\n<p>Oferim tuturor vizitatorilor posibilitatea de a vizualiza, modifica sau \u0219terge orice informa\u021bii personale care ne sunt furnizate \u00een prezent. Vom \u0219terge informa\u021biile, dac\u0103 \u0219i \u00een m\u0103sura permis\u0103 de lege. <\/p>\n<h2>Perioada de p\u0103strare<\/h2>\n<p>Nu p\u0103str\u0103m datele dumneavoastr\u0103 mai mult dec\u00e2t este necesar. \u00cen acest sens, lu\u0103m \u00een considerare scopul pentru care ne-a\u021bi furnizat datele dumneavoastr\u0103. De asemenea, lu\u0103m \u00een considerare perioadele legale de p\u0103strare. Perioadele de p\u0103strare pe care le folosim sunt enumerate \u00een politica noastr\u0103 privind perioadele de p\u0103strare. La expirarea perioadelor de p\u0103strare, datele dvs. sunt \u0219terse automat sau anonimizate.    <\/p>\n<h2>R\u0103spundere<\/h2>\n<p>Site-ul nostru de internet con\u021bine linkuri c\u0103tre alte site-uri de internet. EU-Roots nu este responsabil\u0103 pentru practicile de confiden\u021bialitate ale acestor alte site-uri. V\u0103 \u00eencuraj\u0103m s\u0103 fi\u021bi aten\u021bi atunci c\u00e2nd p\u0103r\u0103si\u021bi site-ul nostru de internet \u0219i s\u0103 citi\u021bi declara\u021bia de confiden\u021bialitate a fiec\u0103rui site de internet care colecteaz\u0103 informa\u021bii personale identificabile. Prezenta declara\u021bie de confiden\u021bialitate se refer\u0103 numai la informa\u021biile colectate prin intermediul acestui site de internet.   <\/p>\n<p>EU-Roots nu este responsabil\u0103 \u0219i\/sau r\u0103spunz\u0103toare pentru con\u021binutul informa\u021biilor de pe site-ul EU-Roots. De asemenea, EU-Roots nu este responsabil\u0103 \u0219i\/sau r\u0103spunz\u0103toare pentru disponibilitatea \u0219i\/sau accesul la site-urile web. EU-Roots poate, \u00een orice moment, s\u0103 elimine orice informa\u021bie de pe site, f\u0103r\u0103 a oferi niciun motiv.  <\/p>\n<p>Securitatea datelor transmise prin internet nu poate fi garantat\u0103 100%. Facem toate eforturile pentru a securiza datele dvs. personale, dar, prin urmare, nu putem garanta pe deplin securitatea informa\u021biilor trimise de dvs. <\/p>\n<h2>Folosim module cookie?<\/h2>\n<p>Utiliz\u0103m module cookie \u0219i tehnici similare, cum ar fi JavaScript. Acest lucru este necesar pentru a ne asigura c\u0103 site-urile \u0219i aplica\u021biile noastre func\u021bioneaz\u0103 corect \u0219i sunt u\u0219or de utilizat. Dac\u0103 nu dori\u021bi cookie-uri, v\u0103 rug\u0103m s\u0103 v\u0103 ajusta\u021bi set\u0103rile sau s\u0103 \u0219terge\u021bi cookie-urile. Dac\u0103 dezactiva\u021bi modulele cookie, este posibil ca site-urile web \u0219i aplica\u021biile s\u0103 nu func\u021bioneze la fel de bine. Dori\u021bi s\u0103 afla\u021bi mai multe? Nu ezita\u021bi s\u0103 citi\u021bi     <span> <\/span><a href=\"https:\/\/eu-roots.nl\/ro\/politica-privind-cookie-urile\/\">Politica privind cookie-urile<\/a>!<\/p>\n<h2>Ce sunt modulele cookie \u0219i de ce sunt necesare?<\/h2>\n<p>Cookie-urile sunt fi\u0219iere text de mici dimensiuni care sunt stocate pe laptop, tablet\u0103 sau smartphone atunci c\u00e2nd vizita\u021bi unul dintre site-urile noastre web sau utiliza\u021bi aplica\u021bii. Acest lucru ne permite s\u0103 v\u0103 recunoa\u0219tem data viitoare c\u00e2nd ne vizita\u021bi \u0219i informa\u021biile din fi\u0219iere pot fi recuperate. Astfel, nu trebuie s\u0103 v\u0103 completa\u021bi datele din nou \u0219i din nou. Cookie-urile ne permit, de asemenea, s\u0103 m\u0103sur\u0103m modul \u00een care sunt utilizate site-urile \u0219i aplica\u021biile noastre. Pe baza acestor date, putem face \u00eembun\u0103t\u0103\u021biri.    <\/p>\n<h2>Ce module cookie \u0219i tehnici utilizeaz\u0103 EU-Roots?<\/h2>\n<p>EU-Roots utilizeaz\u0103 tehnici standard folosite pentru aproape toate site-urile web \u0219i aplica\u021biile. Aceste tehnici, \u00eempreun\u0103 cu modulele cookie, permit unui sistem s\u0103 colecteze \u0219i s\u0103 stocheze informa\u021bii. <\/p>\n<p>Cookie-urile pe care le folosim sunt:<\/p>\n<ul>\n<li><em>Func\u021bionale<\/em><span> <\/span>Module cookie: Aceste module cookie sunt necesare pentru ca site-urile \u0219i aplica\u021biile noastre s\u0103 func\u021bioneze corect. De asemenea, acestea stocheaz\u0103 informa\u021bii pentru a facilita utilizarea, cum ar fi numele dvs. de utilizator. <\/li>\n<li><em>Analitic<\/em><span> <\/span>Module cookie: Aceste module cookie m\u0103soar\u0103 modul \u00een care utiliza\u021bi site-urile \u0219i aplica\u021biile noastre. Informa\u021biile pe care le colect\u0103m de la acestea sunt analizate pentru a face \u00eembun\u0103t\u0103\u021biri. <\/li>\n<li><em>Social media \u0219i alte module cookie.<\/em>  Aceste module cookie v\u0103 permit s\u0103 partaja\u021bi anumite informa\u021bii direct pe social media. Acest lucru se poate face prin intermediul linkurilor \u0219i butoanelor de pe site-urile noastre web sau din aplica\u021biile noastre. <\/li>\n<\/ul>\n<p>Nume: Google Analytics<br \/>Descriere: EU-Roots utilizeaz\u0103 Google Analytics pentru a urm\u0103ri modul \u00een care utilizatorii utilizeaz\u0103 site-ul web \u0219i c\u00e2t de eficiente sunt anun\u021burile Adwords ale EU-Roots pe paginile de rezultate ale c\u0103ut\u0103rilor Google.<\/p>\n<p>Nume: Ghidul utilizatorului<br \/>Descriere: Ghidul utilizatorului ne permite s\u0103 v\u0103 explic\u0103m platforma \u00een cel mai clar mod posibil.<\/p>\n<h2>Nu permite\u021bi cookie-urile, \u0219terge\u021bi sau ajusta\u021bi set\u0103rile?<\/h2>\n<p>Pute\u021bi decide singur dac\u0103 s\u0103 permite\u021bi sau s\u0103 refuza\u021bi cookie-urile. Dac\u0103 nu dori\u021bi ca cookie-urile s\u0103 fie stocate \u00een browserul dvs. de internet, ajusta\u021bi set\u0103rile browserului. De asemenea, pute\u021bi seta browserul s\u0103 v\u0103 notifice atunci c\u00e2nd este plasat un cookie. Pute\u021bi \u0219terge modulele cookie stocate prin set\u0103rile browserului.   <\/p>\n<h2>Ajusta\u021bi\/dezabona\u021bi comunicarea<\/h2>\n<p>Dac\u0103 dori\u021bi s\u0103 v\u0103 modifica\u021bi detaliile sau s\u0103 fi\u021bi eliminat din fi\u0219ierele noastre, v\u0103 rug\u0103m s\u0103 ne contacta\u021bi prin e-mail: info@eu-roots.nl<\/p>\n<p>[\/et_pb_text][et_pb_divider show_divider=&#8221;off&#8221; _builder_version=&#8221;4.16&#8243; max_width=&#8221;23px&#8221; module_alignment=&#8221;center&#8221; animation_style=&#8221;slide&#8221; animation_direction=&#8221;top&#8221; animation_intensity_slide=&#8221;20%&#8221; animation_starting_opacity=&#8221;100%&#8221; global_colors_info=&#8221;{}&#8221;][\/et_pb_divider][\/et_pb_column][et_pb_column type=&#8221;1_4&#8243; _builder_version=&#8221;4.16&#8243; custom_padding=&#8221;|||&#8221; global_colors_info=&#8221;{}&#8221; custom_padding__hover=&#8221;|||&#8221;][\/et_pb_column][\/et_pb_row][\/et_pb_section]<\/p>\n","protected":false},"excerpt":{"rendered":"<p>Declara\u021bie de confiden\u021bialitate EU-Roots.Suntem con\u0219tien\u021bi c\u0103 ne acorda\u021bi \u00eencrederea dumneavoastr\u0103. Prin urmare, consider\u0103m c\u0103 este responsabilitatea noastr\u0103 s\u0103 v\u0103 protej\u0103m confiden\u021bialitatea. \u00cen aceast\u0103 Declara\u021bie de confiden\u021bialitate, v\u0103 inform\u0103m ce date colect\u0103m \u0219i \u00eenregistr\u0103m atunci c\u00e2nd utiliza\u021bi site-ul nostru \u0219i\/sau v\u0103 \u00eenregistra\u021bi la EU-Roots \u0219i de ce colect\u0103m aceste date. De asemenea, clarific\u0103m cui sunt furnizate [&hellip;]<\/p>\n","protected":false},"author":1,"featured_media":0,"parent":0,"menu_order":0,"comment_status":"closed","ping_status":"closed","template":"","meta":{"_et_pb_use_builder":"on","_et_pb_old_content":"","_et_gb_content_width":"","footnotes":""},"class_list":["post-802709","page","type-page","status-publish","hentry"],"yoast_head":"<!-- This site is optimized with the Yoast SEO plugin v27.3 - https:\/\/yoast.com\/product\/yoast-seo-wordpress\/ -->\n<title>Declara\u021bie de confiden\u021bialitate | EU-Roots<\/title>\n<meta name=\"robots\" content=\"index, follow, max-snippet:-1, max-image-preview:large, max-video-preview:-1\" \/>\n<link rel=\"canonical\" href=\"https:\/\/eu-roots.nl\/ro\/declaratie-de-confidentialitate\/\" \/>\n<meta property=\"og:locale\" content=\"ro_RO\" \/>\n<meta property=\"og:type\" content=\"article\" \/>\n<meta property=\"og:title\" content=\"Declara\u021bie de confiden\u021bialitate | EU-Roots\" \/>\n<meta property=\"og:description\" content=\"Declara\u021bie de confiden\u021bialitate EU-Roots.Suntem con\u0219tien\u021bi c\u0103 ne acorda\u021bi \u00eencrederea dumneavoastr\u0103. Prin urmare, consider\u0103m c\u0103 este responsabilitatea noastr\u0103 s\u0103 v\u0103 protej\u0103m confiden\u021bialitatea. \u00cen aceast\u0103 Declara\u021bie de confiden\u021bialitate, v\u0103 inform\u0103m ce date colect\u0103m \u0219i \u00eenregistr\u0103m atunci c\u00e2nd utiliza\u021bi site-ul nostru \u0219i\/sau v\u0103 \u00eenregistra\u021bi la EU-Roots \u0219i de ce colect\u0103m aceste date. De asemenea, clarific\u0103m cui sunt furnizate [&hellip;]\" \/>\n<meta property=\"og:url\" content=\"https:\/\/eu-roots.nl\/ro\/declaratie-de-confidentialitate\/\" \/>\n<meta property=\"og:site_name\" content=\"EU-Roots\" \/>\n<meta property=\"article:modified_time\" content=\"2025-09-25T07:21:40+00:00\" \/>\n<meta name=\"twitter:card\" content=\"summary_large_image\" \/>\n<meta name=\"twitter:label1\" content=\"Timp estimat pentru citire\" \/>\n\t<meta name=\"twitter:data1\" content=\"10 minute\" \/>\n<script type=\"application\/ld+json\" class=\"yoast-schema-graph\">{\"@context\":\"https:\\\/\\\/schema.org\",\"@graph\":[{\"@type\":\"WebPage\",\"@id\":\"https:\\\/\\\/eu-roots.nl\\\/ro\\\/declaratie-de-confidentialitate\\\/\",\"url\":\"https:\\\/\\\/eu-roots.nl\\\/ro\\\/declaratie-de-confidentialitate\\\/\",\"name\":\"Declara\u021bie de confiden\u021bialitate | EU-Roots\",\"isPartOf\":{\"@id\":\"https:\\\/\\\/eu-roots.nl\\\/ro\\\/#website\"},\"datePublished\":\"2024-03-18T21:56:39+00:00\",\"dateModified\":\"2025-09-25T07:21:40+00:00\",\"breadcrumb\":{\"@id\":\"https:\\\/\\\/eu-roots.nl\\\/ro\\\/declaratie-de-confidentialitate\\\/#breadcrumb\"},\"inLanguage\":\"ro-RO\",\"potentialAction\":[{\"@type\":\"ReadAction\",\"target\":[\"https:\\\/\\\/eu-roots.nl\\\/ro\\\/declaratie-de-confidentialitate\\\/\"]}]},{\"@type\":\"BreadcrumbList\",\"@id\":\"https:\\\/\\\/eu-roots.nl\\\/ro\\\/declaratie-de-confidentialitate\\\/#breadcrumb\",\"itemListElement\":[{\"@type\":\"ListItem\",\"position\":1,\"name\":\"Home\",\"item\":\"https:\\\/\\\/eu-roots.nl\\\/ro\\\/acasa\\\/\"},{\"@type\":\"ListItem\",\"position\":2,\"name\":\"Declara\u021bie de confiden\u021bialitate\"}]},{\"@type\":\"WebSite\",\"@id\":\"https:\\\/\\\/eu-roots.nl\\\/ro\\\/#website\",\"url\":\"https:\\\/\\\/eu-roots.nl\\\/ro\\\/\",\"name\":\"EU-Roots\",\"description\":\"Uw partner voor flexibele krachten\",\"publisher\":{\"@id\":\"https:\\\/\\\/eu-roots.nl\\\/ro\\\/#organization\"},\"potentialAction\":[{\"@type\":\"SearchAction\",\"target\":{\"@type\":\"EntryPoint\",\"urlTemplate\":\"https:\\\/\\\/eu-roots.nl\\\/ro\\\/?s={search_term_string}\"},\"query-input\":{\"@type\":\"PropertyValueSpecification\",\"valueRequired\":true,\"valueName\":\"search_term_string\"}}],\"inLanguage\":\"ro-RO\"},{\"@type\":\"Organization\",\"@id\":\"https:\\\/\\\/eu-roots.nl\\\/ro\\\/#organization\",\"name\":\"EU-Roots\",\"alternateName\":\"Uitzendbureau in Waalwijk, Tilburg & Eindhoven\",\"url\":\"https:\\\/\\\/eu-roots.nl\\\/ro\\\/\",\"logo\":{\"@type\":\"ImageObject\",\"inLanguage\":\"ro-RO\",\"@id\":\"https:\\\/\\\/eu-roots.nl\\\/ro\\\/#\\\/schema\\\/logo\\\/image\\\/\",\"url\":\"https:\\\/\\\/eu-roots.nl\\\/wp-content\\\/uploads\\\/2024\\\/01\\\/Logo-EU-Roots.png\",\"contentUrl\":\"https:\\\/\\\/eu-roots.nl\\\/wp-content\\\/uploads\\\/2024\\\/01\\\/Logo-EU-Roots.png\",\"width\":1667,\"height\":433,\"caption\":\"EU-Roots\"},\"image\":{\"@id\":\"https:\\\/\\\/eu-roots.nl\\\/ro\\\/#\\\/schema\\\/logo\\\/image\\\/\"}}]}<\/script>\n<!-- \/ Yoast SEO plugin. -->","yoast_head_json":{"title":"Declara\u021bie de confiden\u021bialitate | EU-Roots","robots":{"index":"index","follow":"follow","max-snippet":"max-snippet:-1","max-image-preview":"max-image-preview:large","max-video-preview":"max-video-preview:-1"},"canonical":"https:\/\/eu-roots.nl\/ro\/declaratie-de-confidentialitate\/","og_locale":"ro_RO","og_type":"article","og_title":"Declara\u021bie de confiden\u021bialitate | EU-Roots","og_description":"Declara\u021bie de confiden\u021bialitate EU-Roots.Suntem con\u0219tien\u021bi c\u0103 ne acorda\u021bi \u00eencrederea dumneavoastr\u0103. Prin urmare, consider\u0103m c\u0103 este responsabilitatea noastr\u0103 s\u0103 v\u0103 protej\u0103m confiden\u021bialitatea. \u00cen aceast\u0103 Declara\u021bie de confiden\u021bialitate, v\u0103 inform\u0103m ce date colect\u0103m \u0219i \u00eenregistr\u0103m atunci c\u00e2nd utiliza\u021bi site-ul nostru \u0219i\/sau v\u0103 \u00eenregistra\u021bi la EU-Roots \u0219i de ce colect\u0103m aceste date. De asemenea, clarific\u0103m cui sunt furnizate [&hellip;]","og_url":"https:\/\/eu-roots.nl\/ro\/declaratie-de-confidentialitate\/","og_site_name":"EU-Roots","article_modified_time":"2025-09-25T07:21:40+00:00","twitter_card":"summary_large_image","twitter_misc":{"Timp estimat pentru citire":"10 minute"},"schema":{"@context":"https:\/\/schema.org","@graph":[{"@type":"WebPage","@id":"https:\/\/eu-roots.nl\/ro\/declaratie-de-confidentialitate\/","url":"https:\/\/eu-roots.nl\/ro\/declaratie-de-confidentialitate\/","name":"Declara\u021bie de confiden\u021bialitate | EU-Roots","isPartOf":{"@id":"https:\/\/eu-roots.nl\/ro\/#website"},"datePublished":"2024-03-18T21:56:39+00:00","dateModified":"2025-09-25T07:21:40+00:00","breadcrumb":{"@id":"https:\/\/eu-roots.nl\/ro\/declaratie-de-confidentialitate\/#breadcrumb"},"inLanguage":"ro-RO","potentialAction":[{"@type":"ReadAction","target":["https:\/\/eu-roots.nl\/ro\/declaratie-de-confidentialitate\/"]}]},{"@type":"BreadcrumbList","@id":"https:\/\/eu-roots.nl\/ro\/declaratie-de-confidentialitate\/#breadcrumb","itemListElement":[{"@type":"ListItem","position":1,"name":"Home","item":"https:\/\/eu-roots.nl\/ro\/acasa\/"},{"@type":"ListItem","position":2,"name":"Declara\u021bie de confiden\u021bialitate"}]},{"@type":"WebSite","@id":"https:\/\/eu-roots.nl\/ro\/#website","url":"https:\/\/eu-roots.nl\/ro\/","name":"EU-Roots","description":"Uw partner voor flexibele krachten","publisher":{"@id":"https:\/\/eu-roots.nl\/ro\/#organization"},"potentialAction":[{"@type":"SearchAction","target":{"@type":"EntryPoint","urlTemplate":"https:\/\/eu-roots.nl\/ro\/?s={search_term_string}"},"query-input":{"@type":"PropertyValueSpecification","valueRequired":true,"valueName":"search_term_string"}}],"inLanguage":"ro-RO"},{"@type":"Organization","@id":"https:\/\/eu-roots.nl\/ro\/#organization","name":"EU-Roots","alternateName":"Uitzendbureau in Waalwijk, Tilburg & Eindhoven","url":"https:\/\/eu-roots.nl\/ro\/","logo":{"@type":"ImageObject","inLanguage":"ro-RO","@id":"https:\/\/eu-roots.nl\/ro\/#\/schema\/logo\/image\/","url":"https:\/\/eu-roots.nl\/wp-content\/uploads\/2024\/01\/Logo-EU-Roots.png","contentUrl":"https:\/\/eu-roots.nl\/wp-content\/uploads\/2024\/01\/Logo-EU-Roots.png","width":1667,"height":433,"caption":"EU-Roots"},"image":{"@id":"https:\/\/eu-roots.nl\/ro\/#\/schema\/logo\/image\/"}}]}},"_links":{"self":[{"href":"https:\/\/eu-roots.nl\/ro\/wp-json\/wp\/v2\/pages\/802709","targetHints":{"allow":["GET"]}}],"collection":[{"href":"https:\/\/eu-roots.nl\/ro\/wp-json\/wp\/v2\/pages"}],"about":[{"href":"https:\/\/eu-roots.nl\/ro\/wp-json\/wp\/v2\/types\/page"}],"author":[{"embeddable":true,"href":"https:\/\/eu-roots.nl\/ro\/wp-json\/wp\/v2\/users\/1"}],"replies":[{"embeddable":true,"href":"https:\/\/eu-roots.nl\/ro\/wp-json\/wp\/v2\/comments?post=802709"}],"version-history":[{"count":8,"href":"https:\/\/eu-roots.nl\/ro\/wp-json\/wp\/v2\/pages\/802709\/revisions"}],"predecessor-version":[{"id":803528,"href":"https:\/\/eu-roots.nl\/ro\/wp-json\/wp\/v2\/pages\/802709\/revisions\/803528"}],"wp:attachment":[{"href":"https:\/\/eu-roots.nl\/ro\/wp-json\/wp\/v2\/media?parent=802709"}],"curies":[{"name":"wp","href":"https:\/\/api.w.org\/{rel}","templated":true}]}}